{"id":707079,"date":"2025-08-27T16:02:12","date_gmt":"2025-08-27T13:02:12","guid":{"rendered":"https:\/\/roveyayinevi.com.tr\/index.php\/urun\/genc-houdini-beyaz-karga-birligi\/"},"modified":"2026-04-16T02:15:43","modified_gmt":"2026-04-15T23:15:43","slug":"genc-houdini-beyaz-karga-birligi","status":"publish","type":"product","link":"https:\/\/roveyayinevi.com.tr\/index.php\/urun\/genc-houdini-beyaz-karga-birligi\/","title":{"rendered":"Gen\u00e7 Houdini: Beyaz Karga Birli\u011fi"},"content":{"rendered":"<p>D\u00fcnyaca \u00fcnl\u00fc bir hokkabaz. Cesaretiyle herkesi \u015fa\u015f\u0131rtan ka\u00e7\u0131\u015f ustas\u0131, Korkusuz akrobasi sanat\u00e7\u0131s\u0131! \u0130\u015fte kahraman\u0131m\u0131z. Fakat bu efsane nerede ba\u015flad\u0131? New Orleans, 1886  Adan\u0131n Belediye Ba\u015fkan\u0131, kulaktan kula\u011fa yay\u0131lan s\u00f6ylentiler e\u015fli\u011finde tuhaf, izah edilemez bir hastal\u0131kla bo\u011fu\u015furken,  gizemli bir el, adal\u0131lar aleyhine \u00e7al\u0131\u015farak onlar\u0131 topraklar\u0131ndan g\u00f6ndermeye \u00e7al\u0131\u015f\u0131yordur\u2026 Harry , en yak\u0131n arkada\u015flar\u0131 Billie ve Artie ile t\u00fcm bu esrarengiz olaylar\u0131 ara\u015ft\u0131rmak i\u00e7in Mississippi Nehri\u2019nin derin, karanl\u0131k kalbine yolculuk edecektir. Harry, ge\u00e7 kalmadan ger\u00e7ekleri g\u00fcn y\u00fcz\u00fcne \u00e7\u0131karabilir mi? Bunu yapmak i\u00e7in en g\u00f6rkemli ka\u00e7\u0131\u015f\u0131n\u0131 sergilemek zorundad\u0131r! <\/p>\n","protected":false},"excerpt":{"rendered":"<p>D\u00fcnyaca \u00fcnl\u00fc bir hokkabaz. Cesaretiyle herkesi \u015fa\u015f\u0131rtan ka\u00e7\u0131\u015f ustas\u0131, Korkusuz akrobasi sanat\u00e7\u0131s\u0131! \u0130\u015fte kahraman\u0131m\u0131z. Fakat bu efsane nerede ba\u015flad\u0131? New Orleans, 1886 Adan\u0131n Belediye Ba\u015fkan\u0131, kulaktan<span class=\"excerpt-hellip\"> [\u2026]<\/span><\/p>\n","protected":false},"featured_media":0,"template":"","meta":{"_monsterinsights_skip_tracking":false,"_monsterinsights_sitenote_active":false,"_monsterinsights_sitenote_note":"","_monsterinsights_sitenote_category":0},"product_brand":[],"product_cat":[12803,12291],"product_tag":[],"class_list":{"0":"post-707079","1":"product","2":"type-product","3":"status-publish","5":"product_cat-aksiyon-macera","6":"product_cat-edebiyat","7":"pa_cilt-ciltsiz","8":"pa_tur-kitap","9":"pa_yayinevi-genc-timas","10":"pa_yazar-simon-nicholson","12":"first","13":"instock","14":"sale","15":"shipping-taxable","16":"purchasable","17":"product-type-simple"},"_links":{"self":[{"href":"https:\/\/roveyayinevi.com.tr\/index.php\/wp-json\/wp\/v2\/product\/707079","targetHints":{"allow":["GET"]}}],"collection":[{"href":"https:\/\/roveyayinevi.com.tr\/index.php\/wp-json\/wp\/v2\/product"}],"about":[{"href":"https:\/\/roveyayinevi.com.tr\/index.php\/wp-json\/wp\/v2\/types\/product"}],"wp:attachment":[{"href":"https:\/\/roveyayinevi.com.tr\/index.php\/wp-json\/wp\/v2\/media?parent=707079"}],"wp:term":[{"taxonomy":"product_brand","embeddable":true,"href":"https:\/\/roveyayinevi.com.tr\/index.php\/wp-json\/wp\/v2\/product_brand?post=707079"},{"taxonomy":"product_cat","embeddable":true,"href":"https:\/\/roveyayinevi.com.tr\/index.php\/wp-json\/wp\/v2\/product_cat?post=707079"},{"taxonomy":"product_tag","embeddable":true,"href":"https:\/\/roveyayinevi.com.tr\/index.php\/wp-json\/wp\/v2\/product_tag?post=707079"}],"curies":[{"name":"wp","href":"https:\/\/api.w.org\/{rel}","templated":true}]}}