{"id":707077,"date":"2025-08-27T16:02:11","date_gmt":"2025-08-27T13:02:11","guid":{"rendered":"https:\/\/roveyayinevi.com.tr\/index.php\/urun\/berk-mucit-oldu\/"},"modified":"2026-04-16T02:15:43","modified_gmt":"2026-04-15T23:15:43","slug":"berk-mucit-oldu","status":"publish","type":"product","link":"https:\/\/roveyayinevi.com.tr\/index.php\/urun\/berk-mucit-oldu\/","title":{"rendered":"Berk Mucit Oldu"},"content":{"rendered":"<p>Mucitlerin bu zamana kadar tembellik etti\u011fini d\u00fc\u015f\u00fcnen Berk\u2019in akl\u0131 fikri, \u00e7\u0131lg\u0131n icatlar tasarlamaktad\u0131r: Terli Terli \u0130\u00e7ilince Hasta Etmeyen Su, G\u00fcr\u00fclt\u00fc \u00c7\u0131karmayan Top, Ac\u0131tmayan \u0130\u011fne ve daha neler neler\u2026 Durmaks\u0131z\u0131n icat \u00e7\u0131karan o\u011fullar\u0131n\u0131n d\u00e2hi olabilece\u011fini d\u00fc\u015f\u00fcnen ailesi, onu \u00fcst\u00fcn zek\u00e2l\u0131lar okuluna kaydettirmeye karar verir. Berk\u2019in mucit oldu\u011funu ispatlamak i\u00e7in bir hafta i\u00e7inde tasarlad\u0131\u011f\u0131 bulu\u015f, ortal\u0131\u011f\u0131 birbirine katacakt\u0131r! <\/p>\n","protected":false},"excerpt":{"rendered":"<p>Mucitlerin bu zamana kadar tembellik etti\u011fini d\u00fc\u015f\u00fcnen Berk\u2019in akl\u0131 fikri, \u00e7\u0131lg\u0131n icatlar tasarlamaktad\u0131r: Terli Terli \u0130\u00e7ilince Hasta Etmeyen Su, G\u00fcr\u00fclt\u00fc \u00c7\u0131karmayan Top, Ac\u0131tmayan \u0130\u011fne ve daha<span class=\"excerpt-hellip\"> [\u2026]<\/span><\/p>\n","protected":false},"featured_media":0,"template":"","meta":{"_monsterinsights_skip_tracking":false,"_monsterinsights_sitenote_active":false,"_monsterinsights_sitenote_note":"","_monsterinsights_sitenote_category":0},"product_brand":[],"product_cat":[12274,12284],"product_tag":[],"class_list":{"0":"post-707077","1":"product","2":"type-product","3":"status-publish","5":"product_cat-cocuk-ve-genclik-kitaplari","6":"product_cat-hikayeler","7":"pa_cilt-ciltsiz","8":"pa_tur-kitap","9":"pa_yayinevi-gunisigi-kitapligi","10":"pa_yazar-kaan-elbingil","12":"first","13":"instock","14":"sale","15":"shipping-taxable","16":"purchasable","17":"product-type-simple"},"_links":{"self":[{"href":"https:\/\/roveyayinevi.com.tr\/index.php\/wp-json\/wp\/v2\/product\/707077","targetHints":{"allow":["GET"]}}],"collection":[{"href":"https:\/\/roveyayinevi.com.tr\/index.php\/wp-json\/wp\/v2\/product"}],"about":[{"href":"https:\/\/roveyayinevi.com.tr\/index.php\/wp-json\/wp\/v2\/types\/product"}],"wp:attachment":[{"href":"https:\/\/roveyayinevi.com.tr\/index.php\/wp-json\/wp\/v2\/media?parent=707077"}],"wp:term":[{"taxonomy":"product_brand","embeddable":true,"href":"https:\/\/roveyayinevi.com.tr\/index.php\/wp-json\/wp\/v2\/product_brand?post=707077"},{"taxonomy":"product_cat","embeddable":true,"href":"https:\/\/roveyayinevi.com.tr\/index.php\/wp-json\/wp\/v2\/product_cat?post=707077"},{"taxonomy":"product_tag","embeddable":true,"href":"https:\/\/roveyayinevi.com.tr\/index.php\/wp-json\/wp\/v2\/product_tag?post=707077"}],"curies":[{"name":"wp","href":"https:\/\/api.w.org\/{rel}","templated":true}]}}