{"id":707076,"date":"2025-08-27T16:02:10","date_gmt":"2025-08-27T13:02:10","guid":{"rendered":"https:\/\/roveyayinevi.com.tr\/index.php\/urun\/gumruk-ve-ticaret-bakanligi-gorevde-yukselme-ve-gumruk-musavirligi-ve-gumruk-musavir-yardimciligi-sinavlarina-hazirlik-kitabi\/"},"modified":"2026-04-16T02:15:43","modified_gmt":"2026-04-15T23:15:43","slug":"gumruk-ve-ticaret-bakanligi-gorevde-yukselme-ve-gumruk-musavirligi-ve-gumruk-musavir-yardimciligi-sinavlarina-hazirlik-kitabi","status":"publish","type":"product","link":"https:\/\/roveyayinevi.com.tr\/index.php\/urun\/gumruk-ve-ticaret-bakanligi-gorevde-yukselme-ve-gumruk-musavirligi-ve-gumruk-musavir-yardimciligi-sinavlarina-hazirlik-kitabi\/","title":{"rendered":"G\u00fcmr\u00fck ve Ticaret Bakanl\u0131\u011f\u0131 G\u00f6revde Y\u00fckselme ve G\u00fcmr\u00fck M\u00fc\u015favirli\u011fi ve G\u00fcmr\u00fck M\u00fc\u015favir Yard\u0131mc\u0131l\u0131\u011f\u0131 S\u0131navlar\u0131na Haz\u0131rl\u0131k Kitab\u0131"},"content":{"rendered":"<p>\u0130\u00e7indekiler\u00d6ns\u00f6z4458 Say\u0131l\u0131 G\u00fcmr\u00fck Kanunu \u00d6zetiG\u00fcmr\u00fck Y\u00f6netmeli\u011fi \u00d6zeti5607 Say\u0131l\u0131 Ka\u00e7ak\u00e7\u0131l\u0131kla M\u00fccadele Kanunu \u00d6zetiDeneme 1Deneme 2Deneme 3 <\/p>\n","protected":false},"excerpt":{"rendered":"<p>\u0130\u00e7indekiler\u00d6ns\u00f6z4458 Say\u0131l\u0131 G\u00fcmr\u00fck Kanunu \u00d6zetiG\u00fcmr\u00fck Y\u00f6netmeli\u011fi \u00d6zeti5607 Say\u0131l\u0131 Ka\u00e7ak\u00e7\u0131l\u0131kla M\u00fccadele Kanunu \u00d6zetiDeneme 1Deneme 2Deneme 3<\/p>\n","protected":false},"featured_media":0,"template":"","meta":{"_monsterinsights_skip_tracking":false,"_monsterinsights_sitenote_active":false,"_monsterinsights_sitenote_note":"","_monsterinsights_sitenote_category":0},"product_brand":[],"product_cat":[12573,12566],"product_tag":[],"class_list":{"0":"post-707076","1":"product","2":"type-product","3":"status-publish","5":"product_cat-akademik-kitaplar","6":"product_cat-egitim","7":"pa_cilt-ciltsiz","8":"pa_tur-kitap","9":"pa_yayinevi-gazi-kitabevi-sinav-kitaplari","10":"pa_yazar-ahmet-ozken","12":"first","13":"instock","14":"sale","15":"shipping-taxable","16":"purchasable","17":"product-type-simple"},"_links":{"self":[{"href":"https:\/\/roveyayinevi.com.tr\/index.php\/wp-json\/wp\/v2\/product\/707076","targetHints":{"allow":["GET"]}}],"collection":[{"href":"https:\/\/roveyayinevi.com.tr\/index.php\/wp-json\/wp\/v2\/product"}],"about":[{"href":"https:\/\/roveyayinevi.com.tr\/index.php\/wp-json\/wp\/v2\/types\/product"}],"wp:attachment":[{"href":"https:\/\/roveyayinevi.com.tr\/index.php\/wp-json\/wp\/v2\/media?parent=707076"}],"wp:term":[{"taxonomy":"product_brand","embeddable":true,"href":"https:\/\/roveyayinevi.com.tr\/index.php\/wp-json\/wp\/v2\/product_brand?post=707076"},{"taxonomy":"product_cat","embeddable":true,"href":"https:\/\/roveyayinevi.com.tr\/index.php\/wp-json\/wp\/v2\/product_cat?post=707076"},{"taxonomy":"product_tag","embeddable":true,"href":"https:\/\/roveyayinevi.com.tr\/index.php\/wp-json\/wp\/v2\/product_tag?post=707076"}],"curies":[{"name":"wp","href":"https:\/\/api.w.org\/{rel}","templated":true}]}}