{"id":707075,"date":"2025-08-27T16:02:10","date_gmt":"2025-08-27T13:02:10","guid":{"rendered":"https:\/\/roveyayinevi.com.tr\/index.php\/urun\/olumcul-takip-macera-gecidi-9\/"},"modified":"2026-04-16T02:15:43","modified_gmt":"2026-04-15T23:15:43","slug":"olumcul-takip-macera-gecidi-9","status":"publish","type":"product","link":"https:\/\/roveyayinevi.com.tr\/index.php\/urun\/olumcul-takip-macera-gecidi-9\/","title":{"rendered":"\u00d6l\u00fcmc\u00fcl Takip &#8211; Macera Ge\u00e7idi 9"},"content":{"rendered":"<p>Bu macerada, bir narkotik komiserisiniz. Hapishaneden ka\u00e7an Albino adl\u0131 uyu\u015fturucu baronunun pe\u015findesiniz. Albino\u2019nun deposuna yapt\u0131\u011f\u0131n\u0131z bask\u0131n s\u0131ras\u0131nda, en yak\u0131n arkada\u015f\u0131n\u0131z \u00f6ld\u00fcr\u00fcl\u00fcyor. Sonras\u0131nda hem siz, hem de narkotik k\u00f6pe\u011finiz K-9 yaralan\u0131yor. \u0130\u015fte bundan sonra, Albino\u2019yla aran\u0131zda soluk kesen bir takip ba\u015fl\u0131yor. \u00d6l\u00fcmc\u00fcl bir takip bu&#8230; Bu kitapta tam 12 farkl\u0131 son var&#8230; Kimi iyi, kimi k\u00f6t\u00fc&#8230; Roman\u0131n sonunda, ya\u015fam\u0131 filmlere konu olan, ba\u015far\u0131l\u0131, \u00fcnl\u00fc ve zengin biri olman\u0131z m\u00fcmk\u00fcn&#8230; Kurulan bir tuzakta ya\u015fam\u0131n\u0131zdan olman\u0131z ya da bir su\u00e7lu gibi hapishaneye d\u00fc\u015fmeniz de&#8230; B\u00fct\u00fcn bunlar\u0131, roman\u0131 okurken verece\u011finiz kararlar belirleyecek. <\/p>\n","protected":false},"excerpt":{"rendered":"<p>Bu macerada, bir narkotik komiserisiniz. Hapishaneden ka\u00e7an Albino adl\u0131 uyu\u015fturucu baronunun pe\u015findesiniz. Albino\u2019nun deposuna yapt\u0131\u011f\u0131n\u0131z bask\u0131n s\u0131ras\u0131nda, en yak\u0131n arkada\u015f\u0131n\u0131z \u00f6ld\u00fcr\u00fcl\u00fcyor. Sonras\u0131nda hem siz, hem de<span class=\"excerpt-hellip\"> [\u2026]<\/span><\/p>\n","protected":false},"featured_media":0,"template":"","meta":{"_monsterinsights_skip_tracking":false,"_monsterinsights_sitenote_active":false,"_monsterinsights_sitenote_note":"","_monsterinsights_sitenote_category":0},"product_brand":[],"product_cat":[12275,12274],"product_tag":[],"class_list":{"0":"post-707075","1":"product","2":"type-product","3":"status-publish","5":"product_cat-6-12-yas-kitaplari","6":"product_cat-cocuk-ve-genclik-kitaplari","7":"pa_cilt-ciltli","8":"pa_tur-kitap","9":"pa_yayinevi-genc-hayat","10":"pa_yazar-tuncel-altinkopru","12":"first","13":"instock","14":"sale","15":"shipping-taxable","16":"purchasable","17":"product-type-simple"},"_links":{"self":[{"href":"https:\/\/roveyayinevi.com.tr\/index.php\/wp-json\/wp\/v2\/product\/707075","targetHints":{"allow":["GET"]}}],"collection":[{"href":"https:\/\/roveyayinevi.com.tr\/index.php\/wp-json\/wp\/v2\/product"}],"about":[{"href":"https:\/\/roveyayinevi.com.tr\/index.php\/wp-json\/wp\/v2\/types\/product"}],"wp:attachment":[{"href":"https:\/\/roveyayinevi.com.tr\/index.php\/wp-json\/wp\/v2\/media?parent=707075"}],"wp:term":[{"taxonomy":"product_brand","embeddable":true,"href":"https:\/\/roveyayinevi.com.tr\/index.php\/wp-json\/wp\/v2\/product_brand?post=707075"},{"taxonomy":"product_cat","embeddable":true,"href":"https:\/\/roveyayinevi.com.tr\/index.php\/wp-json\/wp\/v2\/product_cat?post=707075"},{"taxonomy":"product_tag","embeddable":true,"href":"https:\/\/roveyayinevi.com.tr\/index.php\/wp-json\/wp\/v2\/product_tag?post=707075"}],"curies":[{"name":"wp","href":"https:\/\/api.w.org\/{rel}","templated":true}]}}