{"id":707074,"date":"2025-08-27T16:02:10","date_gmt":"2025-08-27T13:02:10","guid":{"rendered":"https:\/\/roveyayinevi.com.tr\/index.php\/urun\/ekorekreasyon\/"},"modified":"2026-04-16T02:15:43","modified_gmt":"2026-04-15T23:15:43","slug":"ekorekreasyon","status":"publish","type":"product","link":"https:\/\/roveyayinevi.com.tr\/index.php\/urun\/ekorekreasyon\/","title":{"rendered":"Ekorekreasyon"},"content":{"rendered":"<p>\u0130\u00e7indekiler1.B\u00f6l\u00fcm : Zaman, Bo\u015f Zaman ve RekreasyonBo\u015f ZamanRekreasyon2.B\u00f6l\u00fcm : Ekorekreasyon Tan\u0131m ve \u0130\u00e7eri\u011fiNeden Ekorekreasyon ?Ekorekreasyon Mu, Ekoturizm mi ?Ekorekreasyon \u00c7e\u015fitlili\u011fiEkorekreasyonist Kimdir ?3.B\u00f6l\u00fcm : KavramlarEkolojiEkosistem Biyo\u00e7e\u015fitlilikS\u00fcrd\u00fcr\u00fclebilirlik\u00c7evre\u00c7evre Sorunlar\u0131\u00c7evre Sorunlar\u0131n\u0131n NedenleriK\u00fcresel \u00c7evre Sorunlar\u0131T\u00fcrkiye\u2019de \u00c7evre Sorunlar\u0131\u00c7evre Eti\u011fi\u00c7evre Koruma \u00c7evre Hakk\u0131Uluslararas\u0131 \u00d6nemli \u00c7evre Protokolleri ve T\u00fcrkiye\u2019nin Durumu <\/p>\n","protected":false},"excerpt":{"rendered":"<p>\u0130\u00e7indekiler1.B\u00f6l\u00fcm : Zaman, Bo\u015f Zaman ve RekreasyonBo\u015f ZamanRekreasyon2.B\u00f6l\u00fcm : Ekorekreasyon Tan\u0131m ve \u0130\u00e7eri\u011fiNeden Ekorekreasyon ?Ekorekreasyon Mu, Ekoturizm mi ?Ekorekreasyon \u00c7e\u015fitlili\u011fiEkorekreasyonist Kimdir ?3.B\u00f6l\u00fcm : KavramlarEkolojiEkosistem Biyo\u00e7e\u015fitlilikS\u00fcrd\u00fcr\u00fclebilirlik\u00c7evre\u00c7evre Sorunlar\u0131\u00c7evre<span class=\"excerpt-hellip\"> [\u2026]<\/span><\/p>\n","protected":false},"featured_media":0,"template":"","meta":{"_monsterinsights_skip_tracking":false,"_monsterinsights_sitenote_active":false,"_monsterinsights_sitenote_note":"","_monsterinsights_sitenote_category":0},"product_brand":[],"product_cat":[12573,12566],"product_tag":[],"class_list":{"0":"post-707074","1":"product","2":"type-product","3":"status-publish","5":"product_cat-akademik-kitaplar","6":"product_cat-egitim","7":"pa_cilt-ciltsiz","8":"pa_tur-kitap","9":"pa_yayinevi-gazi-kitabevi","10":"pa_yazar-suat-karakucuk","12":"first","13":"instock","14":"sale","15":"shipping-taxable","16":"purchasable","17":"product-type-simple"},"_links":{"self":[{"href":"https:\/\/roveyayinevi.com.tr\/index.php\/wp-json\/wp\/v2\/product\/707074","targetHints":{"allow":["GET"]}}],"collection":[{"href":"https:\/\/roveyayinevi.com.tr\/index.php\/wp-json\/wp\/v2\/product"}],"about":[{"href":"https:\/\/roveyayinevi.com.tr\/index.php\/wp-json\/wp\/v2\/types\/product"}],"wp:attachment":[{"href":"https:\/\/roveyayinevi.com.tr\/index.php\/wp-json\/wp\/v2\/media?parent=707074"}],"wp:term":[{"taxonomy":"product_brand","embeddable":true,"href":"https:\/\/roveyayinevi.com.tr\/index.php\/wp-json\/wp\/v2\/product_brand?post=707074"},{"taxonomy":"product_cat","embeddable":true,"href":"https:\/\/roveyayinevi.com.tr\/index.php\/wp-json\/wp\/v2\/product_cat?post=707074"},{"taxonomy":"product_tag","embeddable":true,"href":"https:\/\/roveyayinevi.com.tr\/index.php\/wp-json\/wp\/v2\/product_tag?post=707074"}],"curies":[{"name":"wp","href":"https:\/\/api.w.org\/{rel}","templated":true}]}}