{"id":707071,"date":"2025-08-27T16:02:08","date_gmt":"2025-08-27T13:02:08","guid":{"rendered":"https:\/\/roveyayinevi.com.tr\/index.php\/urun\/cepheden-cepheye-3-canakkale-cephesi\/"},"modified":"2026-04-16T02:15:43","modified_gmt":"2026-04-15T23:15:43","slug":"cepheden-cepheye-3-canakkale-cephesi","status":"publish","type":"product","link":"https:\/\/roveyayinevi.com.tr\/index.php\/urun\/cepheden-cepheye-3-canakkale-cephesi\/","title":{"rendered":"Cepheden Cepheye &#8211; 3 \u00c7anakkale  Cephesi"},"content":{"rendered":"<p>Cennet yurdun elli be\u015f bin Mehmet\u2019i G\u00f6\u011fs\u00fcnde s\u00f6nd\u00fcr\u00fcp onca \u015fiddeti Nur-\u0131 \u015fahadetle  bo\u011fdu zulmeti A\u011f\u0131lar  bal oldu Gelibolu\u2019da Bu eserde, vatan savunmas\u0131n\u0131n en y\u00fcksek duygularla yap\u0131ld\u0131\u011f\u0131 ve milletimize bu \u015fanl\u0131 zaferi kanlar\u0131yla, canlar\u0131yla arma\u011fan eden Mehmet\u00e7iklerimizin kahramanl\u0131klar\u0131na \u015fahit olacak, bir milletin kaderinin nas\u0131l yaz\u0131ld\u0131\u011f\u0131n\u0131 g\u00f6receksiniz. Sizleri, \u00c7anakkale Zaferi\u2019nin 100. y\u0131l\u0131nda \u201c\u00c7anakkale Ge\u00e7ilmez!\u201d diyerek g\u00f6z\u00fcn\u00fc k\u0131rpmadan bu cennet vatan\u0131m\u0131z i\u00e7in \u015fehit olan kahramanlar\u0131m\u0131z\u0131n destan yazd\u0131\u011f\u0131 \u00c7anakkale Cephesi\u2019ne davet ediyoruz. <\/p>\n","protected":false},"excerpt":{"rendered":"<p>Cennet yurdun elli be\u015f bin Mehmet\u2019i G\u00f6\u011fs\u00fcnde s\u00f6nd\u00fcr\u00fcp onca \u015fiddeti Nur-\u0131 \u015fahadetle bo\u011fdu zulmeti A\u011f\u0131lar bal oldu Gelibolu\u2019da Bu eserde, vatan savunmas\u0131n\u0131n en y\u00fcksek duygularla yap\u0131ld\u0131\u011f\u0131<span class=\"excerpt-hellip\"> [\u2026]<\/span><\/p>\n","protected":false},"featured_media":0,"template":"","meta":{"_monsterinsights_skip_tracking":false,"_monsterinsights_sitenote_active":false,"_monsterinsights_sitenote_note":"","_monsterinsights_sitenote_category":0},"product_brand":[],"product_cat":[12274,12284],"product_tag":[],"class_list":{"0":"post-707071","1":"product","2":"type-product","3":"status-publish","5":"product_cat-cocuk-ve-genclik-kitaplari","6":"product_cat-hikayeler","7":"pa_cilt-ciltsiz","8":"pa_tur-kitap","9":"pa_yayinevi-genc-hayat","10":"pa_yazar-ibrahim-unsal","12":"first","13":"instock","14":"sale","15":"shipping-taxable","16":"purchasable","17":"product-type-simple"},"_links":{"self":[{"href":"https:\/\/roveyayinevi.com.tr\/index.php\/wp-json\/wp\/v2\/product\/707071","targetHints":{"allow":["GET"]}}],"collection":[{"href":"https:\/\/roveyayinevi.com.tr\/index.php\/wp-json\/wp\/v2\/product"}],"about":[{"href":"https:\/\/roveyayinevi.com.tr\/index.php\/wp-json\/wp\/v2\/types\/product"}],"wp:attachment":[{"href":"https:\/\/roveyayinevi.com.tr\/index.php\/wp-json\/wp\/v2\/media?parent=707071"}],"wp:term":[{"taxonomy":"product_brand","embeddable":true,"href":"https:\/\/roveyayinevi.com.tr\/index.php\/wp-json\/wp\/v2\/product_brand?post=707071"},{"taxonomy":"product_cat","embeddable":true,"href":"https:\/\/roveyayinevi.com.tr\/index.php\/wp-json\/wp\/v2\/product_cat?post=707071"},{"taxonomy":"product_tag","embeddable":true,"href":"https:\/\/roveyayinevi.com.tr\/index.php\/wp-json\/wp\/v2\/product_tag?post=707071"}],"curies":[{"name":"wp","href":"https:\/\/api.w.org\/{rel}","templated":true}]}}