{"id":707070,"date":"2025-08-27T16:02:08","date_gmt":"2025-08-27T13:02:08","guid":{"rendered":"https:\/\/roveyayinevi.com.tr\/index.php\/urun\/genel-matematik-1\/"},"modified":"2026-04-16T02:15:43","modified_gmt":"2026-04-15T23:15:43","slug":"genel-matematik-1","status":"publish","type":"product","link":"https:\/\/roveyayinevi.com.tr\/index.php\/urun\/genel-matematik-1\/","title":{"rendered":"Genel Matematik 1"},"content":{"rendered":"<p>\u0130\u00e7indekiler 1.\u00d6n Bilgiler 2.Fonksiyonlar, Limitler ve S\u00fcreklilik 3.T\u00fcrevler 4.\u00dcstel,Logaritmik ve Ters Fonksiyonlar 5.T\u00fcrevin Uygulamalar\u0131 6.\u0130ntegraller 7.\u0130ntegrasyon Y\u00f6ntemleri 8.\u0130ntegrallerin Uygulamalar\u0131 9.Diziler ve Seriler 10.Konikler ve Kutupsal E\u011friler <\/p>\n","protected":false},"excerpt":{"rendered":"<p>\u0130\u00e7indekiler 1.\u00d6n Bilgiler 2.Fonksiyonlar, Limitler ve S\u00fcreklilik 3.T\u00fcrevler 4.\u00dcstel,Logaritmik ve Ters Fonksiyonlar 5.T\u00fcrevin Uygulamalar\u0131 6.\u0130ntegraller 7.\u0130ntegrasyon Y\u00f6ntemleri 8.\u0130ntegrallerin Uygulamalar\u0131 9.Diziler ve Seriler 10.Konikler ve Kutupsal E\u011friler<\/p>\n","protected":false},"featured_media":0,"template":"","meta":{"_monsterinsights_skip_tracking":false,"_monsterinsights_sitenote_active":false,"_monsterinsights_sitenote_note":"","_monsterinsights_sitenote_category":0},"product_brand":[],"product_cat":[12573,12566],"product_tag":[],"class_list":{"0":"post-707070","1":"product","2":"type-product","3":"status-publish","5":"product_cat-akademik-kitaplar","6":"product_cat-egitim","7":"pa_cilt-ciltsiz","8":"pa_tur-kitap","9":"pa_yayinevi-gazi-kitabevi","10":"pa_yazar-ibrahim-ethem-anar","12":"first","13":"instock","14":"sale","15":"shipping-taxable","16":"purchasable","17":"product-type-simple"},"_links":{"self":[{"href":"https:\/\/roveyayinevi.com.tr\/index.php\/wp-json\/wp\/v2\/product\/707070","targetHints":{"allow":["GET"]}}],"collection":[{"href":"https:\/\/roveyayinevi.com.tr\/index.php\/wp-json\/wp\/v2\/product"}],"about":[{"href":"https:\/\/roveyayinevi.com.tr\/index.php\/wp-json\/wp\/v2\/types\/product"}],"wp:attachment":[{"href":"https:\/\/roveyayinevi.com.tr\/index.php\/wp-json\/wp\/v2\/media?parent=707070"}],"wp:term":[{"taxonomy":"product_brand","embeddable":true,"href":"https:\/\/roveyayinevi.com.tr\/index.php\/wp-json\/wp\/v2\/product_brand?post=707070"},{"taxonomy":"product_cat","embeddable":true,"href":"https:\/\/roveyayinevi.com.tr\/index.php\/wp-json\/wp\/v2\/product_cat?post=707070"},{"taxonomy":"product_tag","embeddable":true,"href":"https:\/\/roveyayinevi.com.tr\/index.php\/wp-json\/wp\/v2\/product_tag?post=707070"}],"curies":[{"name":"wp","href":"https:\/\/api.w.org\/{rel}","templated":true}]}}