{"id":707067,"date":"2025-08-27T16:02:06","date_gmt":"2025-08-27T13:02:06","guid":{"rendered":"https:\/\/roveyayinevi.com.tr\/index.php\/urun\/haritada-kaybolmak\/"},"modified":"2026-04-16T02:15:43","modified_gmt":"2026-04-15T23:15:43","slug":"haritada-kaybolmak","status":"publish","type":"product","link":"https:\/\/roveyayinevi.com.tr\/index.php\/urun\/haritada-kaybolmak\/","title":{"rendered":"Haritada Kaybolmak"},"content":{"rendered":"<p>Co\u011frafya hi\u00e7 de s\u0131k\u0131c\u0131 de\u011fil!Aileleriyle birlikte uzun s\u00fcredir ya\u015fad\u0131klar\u0131 sessiz ve s\u0131k\u0131c\u0131 kasabadan b\u00fcy\u00fck kente ta\u015f\u0131nan Alt Karde\u015fler Chris ve Francis\u2019in ya\u015fam\u0131, sinemadan d\u00f6nerken ya\u011fmura yakaland\u0131klar\u0131 bir ak\u015fam hi\u00e7 ummad\u0131klar\u0131 bi\u00e7imde de\u011fi\u015fir. Daha do\u011frusu, bir karabasana d\u00f6n\u00fc\u015f\u00fcr. Ya\u011fmurdan ka\u00e7mak i\u00e7in s\u0131\u011f\u0131nd\u0131klar\u0131, tuhaf nesnelerle dolu d\u00fckk\u00e2nda, izinsiz at\u0131\u015ft\u0131rd\u0131klar\u0131 leziz \u015fekerler \u00e7ocuklar\u0131 h\u0131zla ya\u015fland\u0131rmaya ba\u015flar. Tek kurtulu\u015f yollar\u0131, eski bir d\u00fcnya haritas\u0131nda beliriveren bilmeceleri \u00e7\u00f6zmektir. Ba\u015flang\u0131\u00e7ta, kolay g\u00f6r\u00fcnse de, pe\u015flerine bir de h\u0131rsl\u0131 muhabir Wrangler tak\u0131l\u0131nca, hem ondan ka\u00e7mak, hem de ya\u015flanman\u0131n a\u011f\u0131rla\u015fan ko\u015fullar\u0131yla ba\u015f etmek haritan\u0131n gizini \u00e7\u00f6zmelerini nerdeyse olanaks\u0131zla\u015ft\u0131r\u0131r\u2026<\/p>\n","protected":false},"excerpt":{"rendered":"<p>Co\u011frafya hi\u00e7 de s\u0131k\u0131c\u0131 de\u011fil!Aileleriyle birlikte uzun s\u00fcredir ya\u015fad\u0131klar\u0131 sessiz ve s\u0131k\u0131c\u0131 kasabadan b\u00fcy\u00fck kente ta\u015f\u0131nan Alt Karde\u015fler Chris ve Francis\u2019in ya\u015fam\u0131, sinemadan d\u00f6nerken ya\u011fmura yakaland\u0131klar\u0131<span class=\"excerpt-hellip\"> [\u2026]<\/span><\/p>\n","protected":false},"featured_media":0,"template":"","meta":{"_monsterinsights_skip_tracking":false,"_monsterinsights_sitenote_active":false,"_monsterinsights_sitenote_note":"","_monsterinsights_sitenote_category":0},"product_brand":[],"product_cat":[12291,12711],"product_tag":[],"class_list":{"0":"post-707067","1":"product","2":"type-product","3":"status-publish","5":"product_cat-edebiyat","6":"product_cat-roman-oyku","7":"pa_cilt-ciltsiz","8":"pa_tur-kitap","9":"pa_yayinevi-gunisigi-kitapligi","10":"pa_yazar-vladimir-tumanov","12":"first","13":"instock","14":"sale","15":"shipping-taxable","16":"purchasable","17":"product-type-simple"},"_links":{"self":[{"href":"https:\/\/roveyayinevi.com.tr\/index.php\/wp-json\/wp\/v2\/product\/707067","targetHints":{"allow":["GET"]}}],"collection":[{"href":"https:\/\/roveyayinevi.com.tr\/index.php\/wp-json\/wp\/v2\/product"}],"about":[{"href":"https:\/\/roveyayinevi.com.tr\/index.php\/wp-json\/wp\/v2\/types\/product"}],"wp:attachment":[{"href":"https:\/\/roveyayinevi.com.tr\/index.php\/wp-json\/wp\/v2\/media?parent=707067"}],"wp:term":[{"taxonomy":"product_brand","embeddable":true,"href":"https:\/\/roveyayinevi.com.tr\/index.php\/wp-json\/wp\/v2\/product_brand?post=707067"},{"taxonomy":"product_cat","embeddable":true,"href":"https:\/\/roveyayinevi.com.tr\/index.php\/wp-json\/wp\/v2\/product_cat?post=707067"},{"taxonomy":"product_tag","embeddable":true,"href":"https:\/\/roveyayinevi.com.tr\/index.php\/wp-json\/wp\/v2\/product_tag?post=707067"}],"curies":[{"name":"wp","href":"https:\/\/api.w.org\/{rel}","templated":true}]}}