{"id":707066,"date":"2025-08-27T16:02:06","date_gmt":"2025-08-27T13:02:06","guid":{"rendered":"https:\/\/roveyayinevi.com.tr\/index.php\/urun\/olasilik-ve-istatistik-problemler-ve-cozumleri-ile\/"},"modified":"2026-04-16T02:15:42","modified_gmt":"2026-04-15T23:15:42","slug":"olasilik-ve-istatistik-problemler-ve-cozumleri-ile","status":"publish","type":"product","link":"https:\/\/roveyayinevi.com.tr\/index.php\/urun\/olasilik-ve-istatistik-problemler-ve-cozumleri-ile\/","title":{"rendered":"Olas\u0131l\u0131k ve \u0130statistik Problemler ve \u00c7\u00f6z\u00fcmleri ile"},"content":{"rendered":"<p>1.      \u0130statistik, De\u011fi\u015fken, \u00d6l\u00e7me D\u00fczeyleri, Verilerin D\u00fczenlenmesi, Grafikler 2.      Merkezsel E\u011filim \u00d6l\u00e7\u00fcleri Ve Da\u011filim \u00d6l\u00e7\u00fcleri 3.      Perm\u00fctasyon, Kombinasyon, Bayes Kurali, Olasilik 4.      Rastgele De\u011fi\u015fkenler Ve \u00c7e\u015fitleri 5.      Bazi Bilinen Da\u011filimlar 6.      \u0130ki De\u011fi\u015fkenli Olasilik Da\u011filimlari 7.      \u00d6rnekleme Ve \u00d6rnekleme Da\u011filimlari 8.      Hipotez, Test \u0130statisti\u011fi, Hata Tipleri, Hipotez Testleri 9.      Nokta Tahmin, Aralik Tahmin, G\u00fcven Arali\u011fi 10.  Kategorik Veri, Uyum \u0130yili\u011fi Testleri, Ba\u011fimsizlik Testi, Homojenlik Testi, \u0130li\u015fki \u00d6l\u00e7\u00fcleri 11.  Basit Do\u011frusal Regresyon Ve Korelasyon 12.  Tek Y\u00f6nl\u00fc Varyans Analizi, \u00c7oklu Kar\u015fila\u015ftirmalar, \u0130ki Y\u00f6nl\u00fc Varyans Analizi, Rastgele Blok D\u00fczeni <\/p>\n","protected":false},"excerpt":{"rendered":"<p>1. \u0130statistik, De\u011fi\u015fken, \u00d6l\u00e7me D\u00fczeyleri, Verilerin D\u00fczenlenmesi, Grafikler 2. Merkezsel E\u011filim \u00d6l\u00e7\u00fcleri Ve Da\u011filim \u00d6l\u00e7\u00fcleri 3. Perm\u00fctasyon, Kombinasyon, Bayes Kurali, Olasilik 4. Rastgele De\u011fi\u015fkenler Ve \u00c7e\u015fitleri<span class=\"excerpt-hellip\"> [\u2026]<\/span><\/p>\n","protected":false},"featured_media":0,"template":"","meta":{"_monsterinsights_skip_tracking":false,"_monsterinsights_sitenote_active":false,"_monsterinsights_sitenote_note":"","_monsterinsights_sitenote_category":0},"product_brand":[],"product_cat":[12573,12566],"product_tag":[],"class_list":{"0":"post-707066","1":"product","2":"type-product","3":"status-publish","5":"product_cat-akademik-kitaplar","6":"product_cat-egitim","7":"pa_cilt-ciltsiz","8":"pa_tur-kitap","9":"pa_yayinevi-gazi-kitabevi","10":"pa_yazar-semra-oral-erbas","12":"first","13":"instock","14":"sale","15":"shipping-taxable","16":"purchasable","17":"product-type-simple"},"_links":{"self":[{"href":"https:\/\/roveyayinevi.com.tr\/index.php\/wp-json\/wp\/v2\/product\/707066","targetHints":{"allow":["GET"]}}],"collection":[{"href":"https:\/\/roveyayinevi.com.tr\/index.php\/wp-json\/wp\/v2\/product"}],"about":[{"href":"https:\/\/roveyayinevi.com.tr\/index.php\/wp-json\/wp\/v2\/types\/product"}],"wp:attachment":[{"href":"https:\/\/roveyayinevi.com.tr\/index.php\/wp-json\/wp\/v2\/media?parent=707066"}],"wp:term":[{"taxonomy":"product_brand","embeddable":true,"href":"https:\/\/roveyayinevi.com.tr\/index.php\/wp-json\/wp\/v2\/product_brand?post=707066"},{"taxonomy":"product_cat","embeddable":true,"href":"https:\/\/roveyayinevi.com.tr\/index.php\/wp-json\/wp\/v2\/product_cat?post=707066"},{"taxonomy":"product_tag","embeddable":true,"href":"https:\/\/roveyayinevi.com.tr\/index.php\/wp-json\/wp\/v2\/product_tag?post=707066"}],"curies":[{"name":"wp","href":"https:\/\/api.w.org\/{rel}","templated":true}]}}