{"id":707064,"date":"2025-08-27T16:02:05","date_gmt":"2025-08-27T13:02:05","guid":{"rendered":"https:\/\/roveyayinevi.com.tr\/index.php\/urun\/kaygi-kusu-zocko\/"},"modified":"2026-04-16T02:15:42","modified_gmt":"2026-04-15T23:15:42","slug":"kaygi-kusu-zocko","status":"publish","type":"product","link":"https:\/\/roveyayinevi.com.tr\/index.php\/urun\/kaygi-kusu-zocko\/","title":{"rendered":"Kayg\u0131 Ku\u015fu ZO\u00c7KO"},"content":{"rendered":"<p>Hikayemiz, &#8220;Kayg\u0131 Ku\u015fu&#8221; Deniz&#8217;e, bir sabah Japonya&#8217;dan gizemli bir paket gelmesiyle ba\u015flar. Bu tuhaf pakete, yeni paketler eklenir. Paketler \u00e7o\u011fald\u0131k\u00e7a, Deniz&#8217;in kayg\u0131lar\u0131 da u\u00e7u\u015farak onu terk eder.Deniz, arkada\u015flar\u0131 Arda ve Eyl\u00fcl&#8217;\u00fcn de yard\u0131m\u0131yla paketlerin s\u0131rr\u0131n\u0131 \u00e7\u00f6zer ve bu, t\u00fcm d\u00fcnyaya yay\u0131lan bir iyilik hareketine d\u00f6n\u00fc\u015f\u00fcr. Kaleminden d\u00f6k\u00fclen \u015fu sat\u0131rla da i\u00e7inde saklad\u0131\u011f\u0131 cevher g\u00fcn y\u00fcz\u00fcne \u00e7\u0131kar:&#8221;Ben bu mektubu sana, kendini unutma diye yaz\u0131yorum&#8230; Do\u011frusu hi\u00e7 bilmiyorum insan ne yazar, \u00e7\u00f6l\u00fc y\u00fcr\u00fcyerek ge\u00e7en birine?&#8221;<\/p>\n","protected":false},"excerpt":{"rendered":"<p>Hikayemiz, &#8220;Kayg\u0131 Ku\u015fu&#8221; Deniz&#8217;e, bir sabah Japonya&#8217;dan gizemli bir paket gelmesiyle ba\u015flar. Bu tuhaf pakete, yeni paketler eklenir. Paketler \u00e7o\u011fald\u0131k\u00e7a, Deniz&#8217;in kayg\u0131lar\u0131 da u\u00e7u\u015farak onu terk<span class=\"excerpt-hellip\"> [\u2026]<\/span><\/p>\n","protected":false},"featured_media":0,"template":"","meta":{"_monsterinsights_skip_tracking":false,"_monsterinsights_sitenote_active":false,"_monsterinsights_sitenote_note":"","_monsterinsights_sitenote_category":0},"product_brand":[],"product_cat":[12275,12274],"product_tag":[],"class_list":{"0":"post-707064","1":"product","2":"type-product","3":"status-publish","5":"product_cat-6-12-yas-kitaplari","6":"product_cat-cocuk-ve-genclik-kitaplari","7":"pa_cilt-ciltsiz","8":"pa_tur-kitap","9":"pa_yayinevi-fom-kitap","10":"pa_yazar-zuleyha-ersingun","12":"first","13":"instock","14":"sale","15":"shipping-taxable","16":"purchasable","17":"product-type-simple"},"_links":{"self":[{"href":"https:\/\/roveyayinevi.com.tr\/index.php\/wp-json\/wp\/v2\/product\/707064","targetHints":{"allow":["GET"]}}],"collection":[{"href":"https:\/\/roveyayinevi.com.tr\/index.php\/wp-json\/wp\/v2\/product"}],"about":[{"href":"https:\/\/roveyayinevi.com.tr\/index.php\/wp-json\/wp\/v2\/types\/product"}],"wp:attachment":[{"href":"https:\/\/roveyayinevi.com.tr\/index.php\/wp-json\/wp\/v2\/media?parent=707064"}],"wp:term":[{"taxonomy":"product_brand","embeddable":true,"href":"https:\/\/roveyayinevi.com.tr\/index.php\/wp-json\/wp\/v2\/product_brand?post=707064"},{"taxonomy":"product_cat","embeddable":true,"href":"https:\/\/roveyayinevi.com.tr\/index.php\/wp-json\/wp\/v2\/product_cat?post=707064"},{"taxonomy":"product_tag","embeddable":true,"href":"https:\/\/roveyayinevi.com.tr\/index.php\/wp-json\/wp\/v2\/product_tag?post=707064"}],"curies":[{"name":"wp","href":"https:\/\/api.w.org\/{rel}","templated":true}]}}