{"id":707063,"date":"2025-08-27T16:02:04","date_gmt":"2025-08-27T13:02:04","guid":{"rendered":"https:\/\/roveyayinevi.com.tr\/index.php\/urun\/gokten-uzayli-dustu\/"},"modified":"2026-04-16T02:15:42","modified_gmt":"2026-04-15T23:15:42","slug":"gokten-uzayli-dustu","status":"publish","type":"product","link":"https:\/\/roveyayinevi.com.tr\/index.php\/urun\/gokten-uzayli-dustu\/","title":{"rendered":"G\u00f6kten Uzayl\u0131 D\u00fc\u015ft\u00fc"},"content":{"rendered":"<p>Hexonya gezegenine ho\u015f geldiniz! Dikkat, sayfalar\u0131n aras\u0131ndan Uzayl\u0131lar f\u0131rlayabilir!Hexonya Ba\u015fkan\u0131 Postipidik, D\u00fcnya&#8217;ya gidip baz\u0131 yanl\u0131\u015f anla\u015f\u0131lmalar\u0131 d\u00fczeltmek ister. Bunun i\u00e7in de yan\u0131nda, dikkat \u00e7ekmeyece\u011fini d\u00fc\u015f\u00fcnd\u00fc\u011f\u00fc iki \u00f6\u011frenciyi g\u00f6t\u00fcr\u00fcr: Hex ve Nen. Postipidik, \u00e7ocuklar\u0131n da yard\u0131m\u0131yla D\u00fcnyal\u0131lar\u0131n kahraman\u0131 olmak i\u00e7in t\u00fcrl\u00fc yollar dener. Postipidik, Hex ve Nen&#8217;in D\u00fcnya&#8217;da ba\u015flar\u0131na gelen e\u011flenceli maceralar, kitapta sizi bekliyor. Gezegenler aras\u0131nda yolculuk etmek i\u00e7in acele edin \u00e7ocuklar!<\/p>\n","protected":false},"excerpt":{"rendered":"<p>Hexonya gezegenine ho\u015f geldiniz! Dikkat, sayfalar\u0131n aras\u0131ndan Uzayl\u0131lar f\u0131rlayabilir!Hexonya Ba\u015fkan\u0131 Postipidik, D\u00fcnya&#8217;ya gidip baz\u0131 yanl\u0131\u015f anla\u015f\u0131lmalar\u0131 d\u00fczeltmek ister. Bunun i\u00e7in de yan\u0131nda, dikkat \u00e7ekmeyece\u011fini d\u00fc\u015f\u00fcnd\u00fc\u011f\u00fc iki<span class=\"excerpt-hellip\"> [\u2026]<\/span><\/p>\n","protected":false},"featured_media":0,"template":"","meta":{"_monsterinsights_skip_tracking":false,"_monsterinsights_sitenote_active":false,"_monsterinsights_sitenote_note":"","_monsterinsights_sitenote_category":0},"product_brand":[],"product_cat":[12275,12274],"product_tag":[],"class_list":{"0":"post-707063","1":"product","2":"type-product","3":"status-publish","5":"product_cat-6-12-yas-kitaplari","6":"product_cat-cocuk-ve-genclik-kitaplari","7":"pa_cilt-ciltsiz","8":"pa_tur-kitap","9":"pa_yayinevi-fom-kitap","10":"pa_yazar-aytul-akal","12":"first","13":"instock","14":"sale","15":"shipping-taxable","16":"purchasable","17":"product-type-simple"},"_links":{"self":[{"href":"https:\/\/roveyayinevi.com.tr\/index.php\/wp-json\/wp\/v2\/product\/707063","targetHints":{"allow":["GET"]}}],"collection":[{"href":"https:\/\/roveyayinevi.com.tr\/index.php\/wp-json\/wp\/v2\/product"}],"about":[{"href":"https:\/\/roveyayinevi.com.tr\/index.php\/wp-json\/wp\/v2\/types\/product"}],"wp:attachment":[{"href":"https:\/\/roveyayinevi.com.tr\/index.php\/wp-json\/wp\/v2\/media?parent=707063"}],"wp:term":[{"taxonomy":"product_brand","embeddable":true,"href":"https:\/\/roveyayinevi.com.tr\/index.php\/wp-json\/wp\/v2\/product_brand?post=707063"},{"taxonomy":"product_cat","embeddable":true,"href":"https:\/\/roveyayinevi.com.tr\/index.php\/wp-json\/wp\/v2\/product_cat?post=707063"},{"taxonomy":"product_tag","embeddable":true,"href":"https:\/\/roveyayinevi.com.tr\/index.php\/wp-json\/wp\/v2\/product_tag?post=707063"}],"curies":[{"name":"wp","href":"https:\/\/api.w.org\/{rel}","templated":true}]}}