{"id":707059,"date":"2025-08-27T16:02:02","date_gmt":"2025-08-27T13:02:02","guid":{"rendered":"https:\/\/roveyayinevi.com.tr\/index.php\/urun\/cocuk-kalbi-9\/"},"modified":"2026-04-16T02:15:42","modified_gmt":"2026-04-15T23:15:42","slug":"cocuk-kalbi-9","status":"publish","type":"product","link":"https:\/\/roveyayinevi.com.tr\/index.php\/urun\/cocuk-kalbi-9\/","title":{"rendered":"\u00c7ocuk Kalbi"},"content":{"rendered":"<p>\u00dc\u00e7\u00fcnc\u00fc s\u0131n\u0131fa giden Enrico bir g\u00fcnl\u00fck tutmaya ba\u015flar. Bu s\u0131n\u0131fta yeni bir \u00f6\u011fretmeni, yeni arkada\u015flar\u0131 vard\u0131r. Enrico k\u0131sa s\u00fcrede s\u0131n\u0131ftaki her \u00e7ocu\u011fun farkl\u0131 bir hik\u00e2yesi oldu\u011funu ke\u015ffeder. Baz\u0131lar\u0131n\u0131n ailesi \u00e7ok zengin, baz\u0131lar\u0131n\u0131n ailesi ise \u00e7ok fakirdir. Enrico defterine yazd\u0131k\u00e7a, okulda sadece dersleri de\u011fil hayat\u0131 da \u00f6\u011frenmeye ba\u015flad\u0131\u011f\u0131n\u0131 fark edecektir. \u00d6zellikle her e\u011fitimcinin ve \u00f6\u011frencinin mutlaka okumas\u0131 gereken bir kitap. Enrico&#8217;nun okul g\u00fcnl\u00fckleri \u00fczerinden onun okul ya\u015fam\u0131, arkada\u015fl\u0131k ili\u015fkileri, insani de\u011ferler gibi konularda yararl\u0131 bir yolculuk yapabilece\u011finiz ve hi\u00e7bir zaman g\u00fcncelli\u011fini kaybetmeyen muhte\u015fem bir kitap.  <\/p>\n","protected":false},"excerpt":{"rendered":"<p>\u00dc\u00e7\u00fcnc\u00fc s\u0131n\u0131fa giden Enrico bir g\u00fcnl\u00fck tutmaya ba\u015flar. Bu s\u0131n\u0131fta yeni bir \u00f6\u011fretmeni, yeni arkada\u015flar\u0131 vard\u0131r. Enrico k\u0131sa s\u00fcrede s\u0131n\u0131ftaki her \u00e7ocu\u011fun farkl\u0131 bir hik\u00e2yesi oldu\u011funu<span class=\"excerpt-hellip\"> [\u2026]<\/span><\/p>\n","protected":false},"featured_media":0,"template":"","meta":{"_monsterinsights_skip_tracking":false,"_monsterinsights_sitenote_active":false,"_monsterinsights_sitenote_note":"","_monsterinsights_sitenote_category":0},"product_brand":[],"product_cat":[12275,12274],"product_tag":[],"class_list":{"0":"post-707059","1":"product","2":"type-product","3":"status-publish","5":"product_cat-6-12-yas-kitaplari","6":"product_cat-cocuk-ve-genclik-kitaplari","7":"pa_cilt-ciltsiz","8":"pa_tur-kitap","9":"pa_yayinevi-fark-yayinlari","10":"pa_yazar-edmondo-de-amicis","12":"first","13":"instock","14":"sale","15":"shipping-taxable","16":"purchasable","17":"product-type-simple"},"_links":{"self":[{"href":"https:\/\/roveyayinevi.com.tr\/index.php\/wp-json\/wp\/v2\/product\/707059","targetHints":{"allow":["GET"]}}],"collection":[{"href":"https:\/\/roveyayinevi.com.tr\/index.php\/wp-json\/wp\/v2\/product"}],"about":[{"href":"https:\/\/roveyayinevi.com.tr\/index.php\/wp-json\/wp\/v2\/types\/product"}],"wp:attachment":[{"href":"https:\/\/roveyayinevi.com.tr\/index.php\/wp-json\/wp\/v2\/media?parent=707059"}],"wp:term":[{"taxonomy":"product_brand","embeddable":true,"href":"https:\/\/roveyayinevi.com.tr\/index.php\/wp-json\/wp\/v2\/product_brand?post=707059"},{"taxonomy":"product_cat","embeddable":true,"href":"https:\/\/roveyayinevi.com.tr\/index.php\/wp-json\/wp\/v2\/product_cat?post=707059"},{"taxonomy":"product_tag","embeddable":true,"href":"https:\/\/roveyayinevi.com.tr\/index.php\/wp-json\/wp\/v2\/product_tag?post=707059"}],"curies":[{"name":"wp","href":"https:\/\/api.w.org\/{rel}","templated":true}]}}