{"id":707057,"date":"2025-08-27T16:02:01","date_gmt":"2025-08-27T13:02:01","guid":{"rendered":"https:\/\/roveyayinevi.com.tr\/index.php\/urun\/mercan-adasi-3\/"},"modified":"2026-04-16T02:15:42","modified_gmt":"2026-04-15T23:15:42","slug":"mercan-adasi-3","status":"publish","type":"product","link":"https:\/\/roveyayinevi.com.tr\/index.php\/urun\/mercan-adasi-3\/","title":{"rendered":"Mercan Adas\u0131"},"content":{"rendered":"<p>Geni\u015f Atlantik Okyanusu\u00b4nun k\u00f6p\u00fckl\u00fc sinesinde do\u011fdu\u011fumda vah\u015fi, simsiyah bir geceydi ve f\u0131rt\u0131na bir kurt gibi uluyordu. Benim ad\u0131m Ralph ama arkada\u015flar\u0131m bana Rover (seyyah) ad\u0131n\u0131 takt\u0131lar. Rover benim as\u0131l ad\u0131m de\u011fildi ama ba\u015fka isim de kabul etmedim, ismim fena olmad\u0131\u011f\u0131 i\u00e7in kendimi Ralph Rover olarak takdim etmemek i\u00e7in hi\u00e7bir sebebim yok. K\u0131y\u0131 boyunca tekneyle gezinirken d\u00fcnyan\u0131n her yerine gitmi\u015f denizcilerle tan\u0131\u015ft\u0131m; itiraf etmeliyim ki yabanc\u0131 topraklarda ya\u015fad\u0131klar\u0131 maceralar\u0131, kar\u015f\u0131la\u015ft\u0131klar\u0131 korkun\u00e7 f\u0131rt\u0131nalar\u0131, ka\u00e7t\u0131klar\u0131 tehlikeleri, karada ve denizde g\u00f6rd\u00fckleri muhte\u015fem yarat\u0131klar\u0131, u\u011frad\u0131klar\u0131 ilgin\u00e7 \u00fclkeleri ve tan\u0131\u015ft\u0131klar\u0131 garip insanlar\u0131 anlat\u0131rken benim y\u00fcre\u011fim heyecan ve sevin\u00e7ten g\u00fcm g\u00fcm at\u0131yordu. Ama t\u00fcm bu anlatt\u0131klar\u0131 i\u00e7inde tek ilgimi \u00e7eken yer G\u00fcney Denizlerindeki Mercan Adalar\u0131\u00b4yd\u0131. Mercan b\u00f6ce\u011fi denen ufac\u0131k bir yarat\u0131k taraf\u0131ndan \u015fekillendirilen verimli, g\u00fczel adalar oldu\u011funu, t\u00fcm y\u0131l yaz\u0131n h\u00fck\u00fcm s\u00fcrd\u00fc\u011f\u00fcn\u00fc, a\u011fa\u00e7lar\u0131nmeyve y\u00fckl\u00fc oldu\u011funu, havan\u0131n her zaman g\u00fczel oldu\u011funu anlatt\u0131lar. Bir de vah\u015fi, kana susam\u0131\u015f yabani insanlar varm\u0131\u015f orada. Bu anlat\u0131lanlar bende \u00f6yle b\u00fcy\u00fck bir etki yaratt\u0131 ki on be\u015fime geldi\u011fimde G\u00fcney Denizlerine bir yolculu\u011fa \u00e7\u0131kmaya karar verdim. <\/p>\n","protected":false},"excerpt":{"rendered":"<p>Geni\u015f Atlantik Okyanusu\u00b4nun k\u00f6p\u00fckl\u00fc sinesinde do\u011fdu\u011fumda vah\u015fi, simsiyah bir geceydi ve f\u0131rt\u0131na bir kurt gibi uluyordu. Benim ad\u0131m Ralph ama arkada\u015flar\u0131m bana Rover (seyyah) ad\u0131n\u0131 takt\u0131lar.<span class=\"excerpt-hellip\"> [\u2026]<\/span><\/p>\n","protected":false},"featured_media":0,"template":"","meta":{"_monsterinsights_skip_tracking":false,"_monsterinsights_sitenote_active":false,"_monsterinsights_sitenote_note":"","_monsterinsights_sitenote_category":0},"product_brand":[],"product_cat":[12275,12274],"product_tag":[],"class_list":{"0":"post-707057","1":"product","2":"type-product","3":"status-publish","5":"product_cat-6-12-yas-kitaplari","6":"product_cat-cocuk-ve-genclik-kitaplari","7":"pa_cilt-ciltsiz","8":"pa_tur-kitap","9":"pa_yayinevi-fark-yayinlari","10":"pa_yazar-robert-michael-ballantyne","12":"first","13":"instock","14":"sale","15":"shipping-taxable","16":"purchasable","17":"product-type-simple"},"_links":{"self":[{"href":"https:\/\/roveyayinevi.com.tr\/index.php\/wp-json\/wp\/v2\/product\/707057","targetHints":{"allow":["GET"]}}],"collection":[{"href":"https:\/\/roveyayinevi.com.tr\/index.php\/wp-json\/wp\/v2\/product"}],"about":[{"href":"https:\/\/roveyayinevi.com.tr\/index.php\/wp-json\/wp\/v2\/types\/product"}],"wp:attachment":[{"href":"https:\/\/roveyayinevi.com.tr\/index.php\/wp-json\/wp\/v2\/media?parent=707057"}],"wp:term":[{"taxonomy":"product_brand","embeddable":true,"href":"https:\/\/roveyayinevi.com.tr\/index.php\/wp-json\/wp\/v2\/product_brand?post=707057"},{"taxonomy":"product_cat","embeddable":true,"href":"https:\/\/roveyayinevi.com.tr\/index.php\/wp-json\/wp\/v2\/product_cat?post=707057"},{"taxonomy":"product_tag","embeddable":true,"href":"https:\/\/roveyayinevi.com.tr\/index.php\/wp-json\/wp\/v2\/product_tag?post=707057"}],"curies":[{"name":"wp","href":"https:\/\/api.w.org\/{rel}","templated":true}]}}