{"id":707056,"date":"2025-08-27T16:02:01","date_gmt":"2025-08-27T13:02:01","guid":{"rendered":"https:\/\/roveyayinevi.com.tr\/index.php\/urun\/gizli-bahce-6\/"},"modified":"2026-04-16T02:15:42","modified_gmt":"2026-04-15T23:15:42","slug":"gizli-bahce-6","status":"publish","type":"product","link":"https:\/\/roveyayinevi.com.tr\/index.php\/urun\/gizli-bahce-6\/","title":{"rendered":"Gizli Bah\u00e7e"},"content":{"rendered":"<p>Ailesiyle birlikte Hindistan&#8217;da ya\u015fayan Mary Lennox, \u00e7evresindekiler taraf\u0131ndan sevilmeyen, anne ve babas\u0131n\u0131n ilgilenmedi\u011fi, yaln\u0131z, huysuz ve mutsuz bir \u00e7ocuktur. Anne ve babas\u0131n\u0131 kolera salg\u0131n\u0131nda kaybedince bir akrabas\u0131yla ya\u015famak i\u00e7in \u0130ngiltere&#8217;ye gider. Hayatta, sevgi d\u0131\u015f\u0131nda her \u015feye sahip olmu\u015f bu k\u00fc\u00e7\u00fck k\u0131z arad\u0131\u011f\u0131 sevgi ve ilgiyi bu b\u00fcy\u00fck malik\u00e2nede de bulaca\u011f\u0131n\u0131 d\u00fc\u015f\u00fcnmez. Mary yeni ya\u015fant\u0131s\u0131na uyum sa\u011flamaya \u00e7al\u0131\u015f\u0131rken evde ya\u015fanan ilgin\u00e7 olaylardan ve onu kendisine \u00e7eken gizli bah\u00e7eye olan merak\u0131ndan da vazge\u00e7mez. Mary&#8217;nin \u00f6ncelikle kendisini, sonra da \u00e7evresindekileri sevmesinin yolunu a\u00e7an Gizli Bah\u00e7e belki de hepimizin kalbinin bir k\u00f6\u015fesinde sakl\u0131d\u0131r! Mary&#8217;nin Hindistan&#8217;da ba\u015flay\u0131p Gizli Bah\u00e7e&#8217;ye uzanan yolculu\u011fundan \u00e7ok keyif alacaks\u0131n\u0131z! <\/p>\n","protected":false},"excerpt":{"rendered":"<p>Ailesiyle birlikte Hindistan&#8217;da ya\u015fayan Mary Lennox, \u00e7evresindekiler taraf\u0131ndan sevilmeyen, anne ve babas\u0131n\u0131n ilgilenmedi\u011fi, yaln\u0131z, huysuz ve mutsuz bir \u00e7ocuktur. Anne ve babas\u0131n\u0131 kolera salg\u0131n\u0131nda kaybedince bir<span class=\"excerpt-hellip\"> [\u2026]<\/span><\/p>\n","protected":false},"featured_media":0,"template":"","meta":{"_monsterinsights_skip_tracking":false,"_monsterinsights_sitenote_active":false,"_monsterinsights_sitenote_note":"","_monsterinsights_sitenote_category":0},"product_brand":[],"product_cat":[12275,12274],"product_tag":[],"class_list":{"0":"post-707056","1":"product","2":"type-product","3":"status-publish","5":"product_cat-6-12-yas-kitaplari","6":"product_cat-cocuk-ve-genclik-kitaplari","7":"pa_cilt-ciltsiz","8":"pa_tur-kitap","9":"pa_yayinevi-fark-yayinlari","10":"pa_yazar-frances-hodgson-burnett","12":"first","13":"instock","14":"sale","15":"shipping-taxable","16":"purchasable","17":"product-type-simple"},"_links":{"self":[{"href":"https:\/\/roveyayinevi.com.tr\/index.php\/wp-json\/wp\/v2\/product\/707056","targetHints":{"allow":["GET"]}}],"collection":[{"href":"https:\/\/roveyayinevi.com.tr\/index.php\/wp-json\/wp\/v2\/product"}],"about":[{"href":"https:\/\/roveyayinevi.com.tr\/index.php\/wp-json\/wp\/v2\/types\/product"}],"wp:attachment":[{"href":"https:\/\/roveyayinevi.com.tr\/index.php\/wp-json\/wp\/v2\/media?parent=707056"}],"wp:term":[{"taxonomy":"product_brand","embeddable":true,"href":"https:\/\/roveyayinevi.com.tr\/index.php\/wp-json\/wp\/v2\/product_brand?post=707056"},{"taxonomy":"product_cat","embeddable":true,"href":"https:\/\/roveyayinevi.com.tr\/index.php\/wp-json\/wp\/v2\/product_cat?post=707056"},{"taxonomy":"product_tag","embeddable":true,"href":"https:\/\/roveyayinevi.com.tr\/index.php\/wp-json\/wp\/v2\/product_tag?post=707056"}],"curies":[{"name":"wp","href":"https:\/\/api.w.org\/{rel}","templated":true}]}}