{"id":707055,"date":"2025-08-27T16:02:00","date_gmt":"2025-08-27T13:02:00","guid":{"rendered":"https:\/\/roveyayinevi.com.tr\/index.php\/urun\/heidi-11\/"},"modified":"2026-04-16T02:15:42","modified_gmt":"2026-04-15T23:15:42","slug":"heidi-11","status":"publish","type":"product","link":"https:\/\/roveyayinevi.com.tr\/index.php\/urun\/heidi-11\/","title":{"rendered":"Heidi"},"content":{"rendered":"<p>K\u00fc\u00e7\u00fck ya\u015fta anne ve babas\u0131n\u0131 kaybettikten sonra teyzesinin yan\u0131nda kalan Heidi be\u015f ya\u015f\u0131na geldi\u011finde, Alp da\u011flar\u0131nda bir kul\u00fcbede yaln\u0131z ya\u015fayan huysuz ve sinirli b\u00fcy\u00fckbabas\u0131n\u0131n yan\u0131nda ya\u015famaya ba\u015flar. Ya\u015fama sevinciyle dolu olan Heidi&#8217;nin geli\u015fiyle hem b\u00fcy\u00fckbabas\u0131n\u0131n hem de orada ya\u015fayan herkesin hayat\u0131 de\u011fi\u015fir. Huysuz b\u00fcy\u00fckbabas\u0131n\u0131 bile sevgisiyle de\u011fi\u015ftiren Heidi teyzesi taraf\u0131ndan zorla Frankfurt&#8217;a g\u00f6nderilince olaylar bamba\u015fka bir hal al\u0131r&#8230; <\/p>\n","protected":false},"excerpt":{"rendered":"<p>K\u00fc\u00e7\u00fck ya\u015fta anne ve babas\u0131n\u0131 kaybettikten sonra teyzesinin yan\u0131nda kalan Heidi be\u015f ya\u015f\u0131na geldi\u011finde, Alp da\u011flar\u0131nda bir kul\u00fcbede yaln\u0131z ya\u015fayan huysuz ve sinirli b\u00fcy\u00fckbabas\u0131n\u0131n yan\u0131nda ya\u015famaya<span class=\"excerpt-hellip\"> [\u2026]<\/span><\/p>\n","protected":false},"featured_media":0,"template":"","meta":{"_monsterinsights_skip_tracking":false,"_monsterinsights_sitenote_active":false,"_monsterinsights_sitenote_note":"","_monsterinsights_sitenote_category":0},"product_brand":[],"product_cat":[12275,12274],"product_tag":[],"class_list":{"0":"post-707055","1":"product","2":"type-product","3":"status-publish","5":"product_cat-6-12-yas-kitaplari","6":"product_cat-cocuk-ve-genclik-kitaplari","7":"pa_cilt-ciltsiz","8":"pa_tur-kitap","9":"pa_yayinevi-fark-yayinlari","10":"pa_yazar-johanna-spyri","12":"first","13":"instock","14":"sale","15":"shipping-taxable","16":"purchasable","17":"product-type-simple"},"_links":{"self":[{"href":"https:\/\/roveyayinevi.com.tr\/index.php\/wp-json\/wp\/v2\/product\/707055","targetHints":{"allow":["GET"]}}],"collection":[{"href":"https:\/\/roveyayinevi.com.tr\/index.php\/wp-json\/wp\/v2\/product"}],"about":[{"href":"https:\/\/roveyayinevi.com.tr\/index.php\/wp-json\/wp\/v2\/types\/product"}],"wp:attachment":[{"href":"https:\/\/roveyayinevi.com.tr\/index.php\/wp-json\/wp\/v2\/media?parent=707055"}],"wp:term":[{"taxonomy":"product_brand","embeddable":true,"href":"https:\/\/roveyayinevi.com.tr\/index.php\/wp-json\/wp\/v2\/product_brand?post=707055"},{"taxonomy":"product_cat","embeddable":true,"href":"https:\/\/roveyayinevi.com.tr\/index.php\/wp-json\/wp\/v2\/product_cat?post=707055"},{"taxonomy":"product_tag","embeddable":true,"href":"https:\/\/roveyayinevi.com.tr\/index.php\/wp-json\/wp\/v2\/product_tag?post=707055"}],"curies":[{"name":"wp","href":"https:\/\/api.w.org\/{rel}","templated":true}]}}