{"id":707053,"date":"2025-08-27T16:01:59","date_gmt":"2025-08-27T13:01:59","guid":{"rendered":"https:\/\/roveyayinevi.com.tr\/index.php\/urun\/sevgi-masali-4\/"},"modified":"2026-04-16T02:15:42","modified_gmt":"2026-04-15T23:15:42","slug":"sevgi-masali-4","status":"publish","type":"product","link":"https:\/\/roveyayinevi.com.tr\/index.php\/urun\/sevgi-masali-4\/","title":{"rendered":"Sevgi Masal\u0131"},"content":{"rendered":"<p>Sevgi Masal\u0131, Padi\u015fah&#8217;\u0131n g\u00fczeller g\u00fczeli k\u0131z\u0131 ve k\u0131z\u0131n hizmet\u00e7isi olan Ko\u00e7 Ali&#8217;nin \u00f6yk\u00fcs\u00fc&#8230;Prenses, kimselerin kendisine lay\u0131k olmad\u0131\u011f\u0131n\u0131 d\u00fc\u015f\u00fcnd\u00fc\u011f\u00fc i\u00e7in Ko\u00e7 Ali&#8217;nin a\u015fk\u0131n\u0131 reddeder ve onu saraydan kovdurur. Fakat bir s\u00fcre sonra g\u00f6zlerine uyku girmez olur. Ya\u015fl\u0131, yabanc\u0131 bir hekim, Prenses&#8217;i uykusuna kavu\u015fturabilece\u011fini s\u00f6yler ve Sevgi Masal\u0131 burada ba\u015flar. \u0130ranl\u0131 yazar Samed Behrengi&#8217;nin a\u00e7t\u0131\u011f\u0131 u\u00e7suz bucaks\u0131z yaz\u0131n denizinde, \u015fimdi de Sevgi Masal\u0131&#8217;n\u0131n b\u00fcy\u00fcs\u00fcne kulak verelim&#8230; <\/p>\n","protected":false},"excerpt":{"rendered":"<p>Sevgi Masal\u0131, Padi\u015fah&#8217;\u0131n g\u00fczeller g\u00fczeli k\u0131z\u0131 ve k\u0131z\u0131n hizmet\u00e7isi olan Ko\u00e7 Ali&#8217;nin \u00f6yk\u00fcs\u00fc&#8230;Prenses, kimselerin kendisine lay\u0131k olmad\u0131\u011f\u0131n\u0131 d\u00fc\u015f\u00fcnd\u00fc\u011f\u00fc i\u00e7in Ko\u00e7 Ali&#8217;nin a\u015fk\u0131n\u0131 reddeder ve onu saraydan<span class=\"excerpt-hellip\"> [\u2026]<\/span><\/p>\n","protected":false},"featured_media":0,"template":"","meta":{"_monsterinsights_skip_tracking":false,"_monsterinsights_sitenote_active":false,"_monsterinsights_sitenote_note":"","_monsterinsights_sitenote_category":0},"product_brand":[],"product_cat":[12275,12274],"product_tag":[],"class_list":{"0":"post-707053","1":"product","2":"type-product","3":"status-publish","5":"product_cat-6-12-yas-kitaplari","6":"product_cat-cocuk-ve-genclik-kitaplari","7":"pa_cilt-ciltsiz","8":"pa_tur-kitap","9":"pa_yayinevi-fom-kitap","10":"pa_yazar-samed-behrengi","12":"first","13":"instock","14":"sale","15":"shipping-taxable","16":"purchasable","17":"product-type-simple"},"_links":{"self":[{"href":"https:\/\/roveyayinevi.com.tr\/index.php\/wp-json\/wp\/v2\/product\/707053","targetHints":{"allow":["GET"]}}],"collection":[{"href":"https:\/\/roveyayinevi.com.tr\/index.php\/wp-json\/wp\/v2\/product"}],"about":[{"href":"https:\/\/roveyayinevi.com.tr\/index.php\/wp-json\/wp\/v2\/types\/product"}],"wp:attachment":[{"href":"https:\/\/roveyayinevi.com.tr\/index.php\/wp-json\/wp\/v2\/media?parent=707053"}],"wp:term":[{"taxonomy":"product_brand","embeddable":true,"href":"https:\/\/roveyayinevi.com.tr\/index.php\/wp-json\/wp\/v2\/product_brand?post=707053"},{"taxonomy":"product_cat","embeddable":true,"href":"https:\/\/roveyayinevi.com.tr\/index.php\/wp-json\/wp\/v2\/product_cat?post=707053"},{"taxonomy":"product_tag","embeddable":true,"href":"https:\/\/roveyayinevi.com.tr\/index.php\/wp-json\/wp\/v2\/product_tag?post=707053"}],"curies":[{"name":"wp","href":"https:\/\/api.w.org\/{rel}","templated":true}]}}