{"id":707049,"date":"2025-08-27T16:01:57","date_gmt":"2025-08-27T13:01:57","guid":{"rendered":"https:\/\/roveyayinevi.com.tr\/index.php\/urun\/kucuk-prens-13\/"},"modified":"2026-04-16T02:15:42","modified_gmt":"2026-04-15T23:15:42","slug":"kucuk-prens-13","status":"publish","type":"product","link":"https:\/\/roveyayinevi.com.tr\/index.php\/urun\/kucuk-prens-13\/","title":{"rendered":"K\u00fc\u00e7\u00fck Prens"},"content":{"rendered":"<p>K\u00fc\u00e7\u00fck Prens bir ta\u015f\u0131n \u00fcst\u00fcne oturup g\u00f6ky\u00fcz\u00fcne bakt\u0131 ve \u015f\u00f6yle dedi:\u201cMerak ediyorum da, acaba bir g\u00fcn herkes kendi y\u0131ld\u0131z\u0131n\u0131 bulabilsin diye mi parlakt\u0131r b\u00fct\u00fcn y\u0131ld\u0131zlar? Bak! Bu benim gezegenim, tam \u00fcst\u00fcm\u00fczde, ama ne kadar da uzak!\u201c\u201cG\u00fczelmi\u015f,\u201c dedi y\u0131lan. \u201cBuraya neden geldin?\u201c\u201cBir \u00e7i\u00e7ekle sorun ya\u015fad\u0131m,\u201c dedi K\u00fc\u00e7\u00fck Prens. <\/p>\n","protected":false},"excerpt":{"rendered":"<p>K\u00fc\u00e7\u00fck Prens bir ta\u015f\u0131n \u00fcst\u00fcne oturup g\u00f6ky\u00fcz\u00fcne bakt\u0131 ve \u015f\u00f6yle dedi:\u201cMerak ediyorum da, acaba bir g\u00fcn herkes kendi y\u0131ld\u0131z\u0131n\u0131 bulabilsin diye mi parlakt\u0131r b\u00fct\u00fcn y\u0131ld\u0131zlar? Bak!<span class=\"excerpt-hellip\"> [\u2026]<\/span><\/p>\n","protected":false},"featured_media":0,"template":"","meta":{"_monsterinsights_skip_tracking":false,"_monsterinsights_sitenote_active":false,"_monsterinsights_sitenote_note":"","_monsterinsights_sitenote_category":0},"product_brand":[],"product_cat":[12913,12274],"product_tag":[],"class_list":{"0":"post-707049","1":"product","2":"type-product","3":"status-publish","5":"product_cat-3-6-yas-kitaplari","6":"product_cat-cocuk-ve-genclik-kitaplari","7":"pa_cilt-ciltsiz","8":"pa_tur-kitap","9":"pa_yayinevi-fark-yayinlari","10":"pa_yazar-antonie-de-saint-exupery","12":"first","13":"instock","14":"sale","15":"shipping-taxable","16":"purchasable","17":"product-type-simple"},"_links":{"self":[{"href":"https:\/\/roveyayinevi.com.tr\/index.php\/wp-json\/wp\/v2\/product\/707049","targetHints":{"allow":["GET"]}}],"collection":[{"href":"https:\/\/roveyayinevi.com.tr\/index.php\/wp-json\/wp\/v2\/product"}],"about":[{"href":"https:\/\/roveyayinevi.com.tr\/index.php\/wp-json\/wp\/v2\/types\/product"}],"wp:attachment":[{"href":"https:\/\/roveyayinevi.com.tr\/index.php\/wp-json\/wp\/v2\/media?parent=707049"}],"wp:term":[{"taxonomy":"product_brand","embeddable":true,"href":"https:\/\/roveyayinevi.com.tr\/index.php\/wp-json\/wp\/v2\/product_brand?post=707049"},{"taxonomy":"product_cat","embeddable":true,"href":"https:\/\/roveyayinevi.com.tr\/index.php\/wp-json\/wp\/v2\/product_cat?post=707049"},{"taxonomy":"product_tag","embeddable":true,"href":"https:\/\/roveyayinevi.com.tr\/index.php\/wp-json\/wp\/v2\/product_tag?post=707049"}],"curies":[{"name":"wp","href":"https:\/\/api.w.org\/{rel}","templated":true}]}}