{"id":707026,"date":"2025-08-27T16:01:43","date_gmt":"2025-08-27T13:01:43","guid":{"rendered":"https:\/\/roveyayinevi.com.tr\/index.php\/urun\/zeytin-ve-zeytinyagi\/"},"modified":"2026-04-16T02:15:41","modified_gmt":"2026-04-15T23:15:41","slug":"zeytin-ve-zeytinyagi","status":"publish","type":"product","link":"https:\/\/roveyayinevi.com.tr\/index.php\/urun\/zeytin-ve-zeytinyagi\/","title":{"rendered":"Zeytin ve Zeytinya\u011f\u0131"},"content":{"rendered":"<p>\u0130lk insanlardan beri zeytin, insan ya\u015fam\u0131n\u0131n bir par\u00e7as\u0131d\u0131r. \u0130nsanl\u0131k tarihi ile beraber zeytin sa\u011fl\u0131\u011f\u0131n, sevginin ve bar\u0131\u015f\u0131n sembol\u00fc olarak ya\u015fam\u0131m\u0131zda yer alm\u0131\u015ft\u0131r. Bu kitap hem \u00fcreticiye hem t\u00fcketiciye hem de zeytin, zeytinya\u011f\u0131 ve zeytinya\u011fl\u0131 yemekler konusunda merak\u0131 olan ki\u015filere yard\u0131mc\u0131 olmas\u0131 amac\u0131yla bir ders kitab\u0131 niteli\u011finde kaleme al\u0131nm\u0131\u015ft\u0131r. Konular i\u00e7erisinde birinci ve ikinci b\u00f6l\u00fcmde; zeytinin tarih\u00e7esi, zeytin yeti\u015ftiricili\u011fi, besin de\u011feri ve beslenmedeki \u00f6nemi, zeytinin d\u00fcnyadaki yeri, \u00e7e\u015fit \u00f6zellikleri, bah\u00e7e tesisi, bak\u0131m i\u015fleri, g\u00fcbreleme, hastal\u0131k ve zararl\u0131lar\u0131 ile m\u00fccadele konular\u0131 detayl\u0131 olarak i\u015flenmi\u015ftir. \u00dc\u00e7\u00fcnc\u00fc b\u00f6l\u00fcmde ise \u00f6nemli zeytin \u00e7e\u015fitleri ve bunlar\u0131n sofral\u0131k hale getirilmesi ile ilgili bilgiler yer almaktad\u0131r. Kitab\u0131n d\u00f6rd\u00fcnc\u00fc b\u00f6l\u00fcm\u00fcnde ise zeytinya\u011f\u0131 ile ilgili temel bilgiler, i\u015flenmesi, rafinasyonu, faydas\u0131, insan sa\u011fl\u0131\u011f\u0131na etkisi ve beslenmedeki \u00f6nemi detayl\u0131 olarak verilmi\u015ftir. Kitab\u0131n son b\u00f6l\u00fcm\u00fcnde, zeytinya\u011f\u0131n\u0131n mutfaktaki yeri ve zeytinya\u011fl\u0131 yemekler yer bulmu\u015ftur. Bu b\u00f6l\u00fcmde, d\u00fcnden bug\u00fcne zeytin ve zeytinya\u011f\u0131n\u0131n mutfaktaki yeri ve T\u00fcrk mutfa\u011f\u0131nda zeytin ve zeytinya\u011f\u0131 kullan\u0131m\u0131 detayl\u0131 olarak incelenmi\u015f, g\u00fcn\u00fcm\u00fcze kadar gelmi\u015f olan kimi zeytinya\u011fl\u0131 yemek tarifleri ile zenginle\u015ftirilmi\u015ftir. Bu do\u011frultuda arzu edilir ki bu kitap, zeytin ile ilgili konular\u0131 ara\u015ft\u0131rma ihtiyac\u0131 duyan e\u011fitimcilere, \u00f6\u011frencilere, yeti\u015ftiricilere ve merakl\u0131lar\u0131na yeterli kaynak g\u00f6revi yaps\u0131n.<\/p>\n","protected":false},"excerpt":{"rendered":"<p>\u0130lk insanlardan beri zeytin, insan ya\u015fam\u0131n\u0131n bir par\u00e7as\u0131d\u0131r. \u0130nsanl\u0131k tarihi ile beraber zeytin sa\u011fl\u0131\u011f\u0131n, sevginin ve bar\u0131\u015f\u0131n sembol\u00fc olarak ya\u015fam\u0131m\u0131zda yer alm\u0131\u015ft\u0131r. Bu kitap hem \u00fcreticiye<span class=\"excerpt-hellip\"> [\u2026]<\/span><\/p>\n","protected":false},"featured_media":0,"template":"","meta":{"_monsterinsights_skip_tracking":false,"_monsterinsights_sitenote_active":false,"_monsterinsights_sitenote_note":"","_monsterinsights_sitenote_category":0},"product_brand":[],"product_cat":[13402,13365],"product_tag":[],"class_list":{"0":"post-707026","1":"product","2":"type-product","3":"status-publish","5":"product_cat-beslenme-ve-diyet","6":"product_cat-saglik","7":"pa_cilt-ciltsiz","8":"pa_tur-kitap","9":"pa_yayinevi-efil-yayinevi","10":"pa_yazar-kolektif","12":"first","13":"instock","14":"sale","15":"shipping-taxable","16":"purchasable","17":"product-type-simple"},"_links":{"self":[{"href":"https:\/\/roveyayinevi.com.tr\/index.php\/wp-json\/wp\/v2\/product\/707026","targetHints":{"allow":["GET"]}}],"collection":[{"href":"https:\/\/roveyayinevi.com.tr\/index.php\/wp-json\/wp\/v2\/product"}],"about":[{"href":"https:\/\/roveyayinevi.com.tr\/index.php\/wp-json\/wp\/v2\/types\/product"}],"wp:attachment":[{"href":"https:\/\/roveyayinevi.com.tr\/index.php\/wp-json\/wp\/v2\/media?parent=707026"}],"wp:term":[{"taxonomy":"product_brand","embeddable":true,"href":"https:\/\/roveyayinevi.com.tr\/index.php\/wp-json\/wp\/v2\/product_brand?post=707026"},{"taxonomy":"product_cat","embeddable":true,"href":"https:\/\/roveyayinevi.com.tr\/index.php\/wp-json\/wp\/v2\/product_cat?post=707026"},{"taxonomy":"product_tag","embeddable":true,"href":"https:\/\/roveyayinevi.com.tr\/index.php\/wp-json\/wp\/v2\/product_tag?post=707026"}],"curies":[{"name":"wp","href":"https:\/\/api.w.org\/{rel}","templated":true}]}}