{"id":707023,"date":"2025-08-27T16:01:41","date_gmt":"2025-08-27T13:01:41","guid":{"rendered":"https:\/\/roveyayinevi.com.tr\/index.php\/urun\/cocuk-olmanin-ilk-kurali\/"},"modified":"2026-04-16T02:15:41","modified_gmt":"2026-04-15T23:15:41","slug":"cocuk-olmanin-ilk-kurali","status":"publish","type":"product","link":"https:\/\/roveyayinevi.com.tr\/index.php\/urun\/cocuk-olmanin-ilk-kurali\/","title":{"rendered":"\u00c7ocuk Olman\u0131n \u0130lk Kural\u0131"},"content":{"rendered":"<p>D\u00fcnyan\u0131n en acayip okulu buras\u0131! Okullar\u0131n kapanmas\u0131na \u00e7ok az kald\u0131. Herkes \u00e7ok heyecanl\u0131. Ama en heyecanl\u0131 g\u00f6r\u00fcnen ki\u015fi Bayan Daisy. Neden dersin? Peki yeni okul aile birli\u011fi ba\u015fkan\u0131yla tan\u0131\u015fmak ister misin? Yaz tatilinde A.J.\u2019in ailesinin tuttu\u011fu evin biti\u015fi\u011findeki evde kimlerin kalaca\u011f\u0131n\u0131 bir milyon y\u0131l d\u00fc\u015f\u00fcnsen bulamazs\u0131n! A.J. ve arkada\u015flar\u0131n\u0131n \u00f6yk\u00fcleri yine \u00e7ok ama \u00e7ok e\u011flenceli! \ufffcTan\u0131t\u0131m Metni<\/p>\n","protected":false},"excerpt":{"rendered":"<p>D\u00fcnyan\u0131n en acayip okulu buras\u0131! Okullar\u0131n kapanmas\u0131na \u00e7ok az kald\u0131. Herkes \u00e7ok heyecanl\u0131. Ama en heyecanl\u0131 g\u00f6r\u00fcnen ki\u015fi Bayan Daisy. Neden dersin? Peki yeni okul aile<span class=\"excerpt-hellip\"> [\u2026]<\/span><\/p>\n","protected":false},"featured_media":0,"template":"","meta":{"_monsterinsights_skip_tracking":false,"_monsterinsights_sitenote_active":false,"_monsterinsights_sitenote_note":"","_monsterinsights_sitenote_category":0},"product_brand":[],"product_cat":[12274,12284],"product_tag":[],"class_list":{"0":"post-707023","1":"product","2":"type-product","3":"status-publish","5":"product_cat-cocuk-ve-genclik-kitaplari","6":"product_cat-hikayeler","7":"pa_cilt-ciltsiz","8":"pa_tur-kitap","9":"pa_yayinevi-epsilon-yayinlari","10":"pa_yazar-dan-gutman","12":"first","13":"instock","14":"sale","15":"shipping-taxable","16":"purchasable","17":"product-type-simple"},"_links":{"self":[{"href":"https:\/\/roveyayinevi.com.tr\/index.php\/wp-json\/wp\/v2\/product\/707023","targetHints":{"allow":["GET"]}}],"collection":[{"href":"https:\/\/roveyayinevi.com.tr\/index.php\/wp-json\/wp\/v2\/product"}],"about":[{"href":"https:\/\/roveyayinevi.com.tr\/index.php\/wp-json\/wp\/v2\/types\/product"}],"wp:attachment":[{"href":"https:\/\/roveyayinevi.com.tr\/index.php\/wp-json\/wp\/v2\/media?parent=707023"}],"wp:term":[{"taxonomy":"product_brand","embeddable":true,"href":"https:\/\/roveyayinevi.com.tr\/index.php\/wp-json\/wp\/v2\/product_brand?post=707023"},{"taxonomy":"product_cat","embeddable":true,"href":"https:\/\/roveyayinevi.com.tr\/index.php\/wp-json\/wp\/v2\/product_cat?post=707023"},{"taxonomy":"product_tag","embeddable":true,"href":"https:\/\/roveyayinevi.com.tr\/index.php\/wp-json\/wp\/v2\/product_tag?post=707023"}],"curies":[{"name":"wp","href":"https:\/\/api.w.org\/{rel}","templated":true}]}}