{"id":707019,"date":"2025-08-27T16:01:39","date_gmt":"2025-08-27T13:01:39","guid":{"rendered":"https:\/\/roveyayinevi.com.tr\/index.php\/urun\/gece-hayatim\/"},"modified":"2026-04-16T02:15:41","modified_gmt":"2026-04-15T23:15:41","slug":"gece-hayatim","status":"publish","type":"product","link":"https:\/\/roveyayinevi.com.tr\/index.php\/urun\/gece-hayatim\/","title":{"rendered":"Gece Hayat\u0131m"},"content":{"rendered":"<p>&#8221;Benim tek ba\u015f\u0131na fantazyalardan \u00f6r\u00fcl\u00fc kitaplar, bilimkurgusal t\u00fcrde hik\u00e2yeler, romanlar yazmaya heveslenmeyi\u015fim, ba\u015flarda da de\u011findi\u011fim gibi, uyan\u0131k uykular\u0131mdan \u00f6t\u00fcr\u00fcd\u00fcr. Gece hayat\u0131mda g\u00f6rd\u00fcklerim, bak\u0131yorum da, g\u00fcnd\u00fcz hayat\u0131mda g\u00f6rd\u00fcklerimden, g\u00f6zlemlediklerimden \u00e7ok daha \u00fcrk\u00fct\u00fcc\u00fc. (&#8230;) Kitab\u0131n ad\u0131 ticar\u00ee bir kurnazl\u0131k ta\u015f\u0131yor, de\u011fil mi? Ama ne yapal\u0131m ki, \u015fu r\u00fcyalar\u0131m\u0131n, karabasanlar\u0131m\u0131n hepsini en \u00e7ok da bu ad y\u00fcz\u00fcnden yaz\u0131ya d\u00f6kt\u00fcm, diyebilirim. O kadar sevdim bu ad\u0131. Hem zaten bitkinlikten iki dostuyla bir lokantada, meyhanede gece on ikiye kadar bile g\u00fc\u00e7 oturabilen birinin Gece Hayat\u0131m diye bir kitap yazmas\u0131ndan daha iyi fantazya olur mu? Ayr\u0131ca, akl\u0131mda \u015fu da var: \u2018Anlat\u0131labilir\u2019 olan r\u00fcyalar k\u00e2buslard\u0131r asl\u0131nda, hayat de\u011fil.\u201d<\/p>\n","protected":false},"excerpt":{"rendered":"<p>&#8221;Benim tek ba\u015f\u0131na fantazyalardan \u00f6r\u00fcl\u00fc kitaplar, bilimkurgusal t\u00fcrde hik\u00e2yeler, romanlar yazmaya heveslenmeyi\u015fim, ba\u015flarda da de\u011findi\u011fim gibi, uyan\u0131k uykular\u0131mdan \u00f6t\u00fcr\u00fcd\u00fcr. Gece hayat\u0131mda g\u00f6rd\u00fcklerim, bak\u0131yorum da, g\u00fcnd\u00fcz hayat\u0131mda<span class=\"excerpt-hellip\"> [\u2026]<\/span><\/p>\n","protected":false},"featured_media":0,"template":"","meta":{"_monsterinsights_skip_tracking":false,"_monsterinsights_sitenote_active":false,"_monsterinsights_sitenote_note":"","_monsterinsights_sitenote_category":0},"product_brand":[],"product_cat":[18545,12291],"product_tag":[],"class_list":{"0":"post-707019","1":"product","2":"type-product","3":"status-publish","5":"product_cat-anlati","6":"product_cat-edebiyat","7":"pa_cilt-ciltsiz","8":"pa_tur-kitap","9":"pa_yayinevi-everest-yayinlari","10":"pa_yazar-adalet-agaoglu","12":"first","13":"instock","14":"sale","15":"shipping-taxable","16":"purchasable","17":"product-type-simple"},"_links":{"self":[{"href":"https:\/\/roveyayinevi.com.tr\/index.php\/wp-json\/wp\/v2\/product\/707019","targetHints":{"allow":["GET"]}}],"collection":[{"href":"https:\/\/roveyayinevi.com.tr\/index.php\/wp-json\/wp\/v2\/product"}],"about":[{"href":"https:\/\/roveyayinevi.com.tr\/index.php\/wp-json\/wp\/v2\/types\/product"}],"wp:attachment":[{"href":"https:\/\/roveyayinevi.com.tr\/index.php\/wp-json\/wp\/v2\/media?parent=707019"}],"wp:term":[{"taxonomy":"product_brand","embeddable":true,"href":"https:\/\/roveyayinevi.com.tr\/index.php\/wp-json\/wp\/v2\/product_brand?post=707019"},{"taxonomy":"product_cat","embeddable":true,"href":"https:\/\/roveyayinevi.com.tr\/index.php\/wp-json\/wp\/v2\/product_cat?post=707019"},{"taxonomy":"product_tag","embeddable":true,"href":"https:\/\/roveyayinevi.com.tr\/index.php\/wp-json\/wp\/v2\/product_tag?post=707019"}],"curies":[{"name":"wp","href":"https:\/\/api.w.org\/{rel}","templated":true}]}}