{"id":707017,"date":"2025-08-27T16:01:39","date_gmt":"2025-08-27T13:01:39","guid":{"rendered":"https:\/\/roveyayinevi.com.tr\/index.php\/urun\/ay-yine-gecikti\/"},"modified":"2026-04-16T02:15:41","modified_gmt":"2026-04-15T23:15:41","slug":"ay-yine-gecikti","status":"publish","type":"product","link":"https:\/\/roveyayinevi.com.tr\/index.php\/urun\/ay-yine-gecikti\/","title":{"rendered":"Ay Yine Gecikti"},"content":{"rendered":"<p>Ferhat \u015eahnac\u0131\u2019n\u0131n \u015fiirlerini okumaya ba\u015flad\u0131\u011f\u0131n\u0131z anda hem iyi, hem \u00f6zg\u00fcn, hem ilgin\u00e7 bir \u015fairle kar\u015f\u0131la\u015ft\u0131\u011f\u0131n\u0131z\u0131 hemen anl\u0131yorsunuz. \u015eiir dilinin ak\u0131c\u0131l\u0131\u011f\u0131 sizi yan\u0131ltmas\u0131n. Kendini hemen ele veren bir \u015fiir de\u011fil bu. Buna kar\u015f\u0131l\u0131k, okuduk\u00e7a sizi derinlere \u00e7ekiyor . Bu \u015fiirlerin ba\u015fl\u0131ca konusunun a\u015fk oldu\u011fu s\u00f6ylenebilir. Fakat bu a\u015fk\u0131n \u015fiirleri ya\u015famakta oldu\u011fumuz g\u00fcnlerin &#8221;kanl\u0131 sayfalar\u0131&#8221;na da yaz\u0131lm\u0131\u015f gibidir\u2026 \u00c7\u00fcnk\u00fc i\u00e7lerinden panzerler,keder sa\u011fanaklar\u0131, i\u015fgal edilen bir ten, han\u00e7erli bir soluk ge\u00e7en,dar zamanlarda yaz\u0131lm\u0131\u015f \u015fiirlerdir bunlar\u2026 Yine de ve her \u015feye kar\u015f\u0131n, \u00f6zveriyle, g\u00fczelliklerle \u00f6r\u00fclm\u00fc\u015ft\u00fcr ya\u015famlar\u0131m\u0131z ve bizi \u00e7evreleyen e\u015fsiz do\u011fa. \u201cGeceye ba\u011f\u0131\u015fl\u0131yor\u201d adl\u0131 \u00e7ok g\u00fczel \u015fiirdeki gibi: Bir \u0131rmak sesini geceye ba\u011f\u0131\u015fl\u0131yor Saks\u0131lar \u00e7i\u00e7eklerde nefeslerini \u015eair dizelerini geceye ba\u011f\u0131\u015fl\u0131yor Kar tane tane sessizli\u011fini\u2026 Ferhat \u015eahnac\u0131\u2019n\u0131n \u015fiirleri, \u00f6zg\u00fcn bir katk\u0131 olarak, \u015fiir d\u00fcnyam\u0131z\u0131, \u015fiir alg\u0131m\u0131z\u0131 geni\u015fletip zenginle\u015ftiriyor\u2026 &#8211; Ataol Behramo\u011flu <\/p>\n","protected":false},"excerpt":{"rendered":"<p>Ferhat \u015eahnac\u0131\u2019n\u0131n \u015fiirlerini okumaya ba\u015flad\u0131\u011f\u0131n\u0131z anda hem iyi, hem \u00f6zg\u00fcn, hem ilgin\u00e7 bir \u015fairle kar\u015f\u0131la\u015ft\u0131\u011f\u0131n\u0131z\u0131 hemen anl\u0131yorsunuz. \u015eiir dilinin ak\u0131c\u0131l\u0131\u011f\u0131 sizi yan\u0131ltmas\u0131n. Kendini hemen ele veren<span class=\"excerpt-hellip\"> [\u2026]<\/span><\/p>\n","protected":false},"featured_media":0,"template":"","meta":{"_monsterinsights_skip_tracking":false,"_monsterinsights_sitenote_active":false,"_monsterinsights_sitenote_note":"","_monsterinsights_sitenote_category":0},"product_brand":[],"product_cat":[12291,12292],"product_tag":[],"class_list":{"0":"post-707017","1":"product","2":"type-product","3":"status-publish","5":"product_cat-edebiyat","6":"product_cat-turk-edebiyati","7":"pa_cilt-ciltsiz","8":"pa_tur-kitap","9":"pa_yayinevi-epsilon-yayinlari","10":"pa_yazar-ferhat-sahnaci","12":"first","13":"instock","14":"sale","15":"shipping-taxable","16":"purchasable","17":"product-type-simple"},"_links":{"self":[{"href":"https:\/\/roveyayinevi.com.tr\/index.php\/wp-json\/wp\/v2\/product\/707017","targetHints":{"allow":["GET"]}}],"collection":[{"href":"https:\/\/roveyayinevi.com.tr\/index.php\/wp-json\/wp\/v2\/product"}],"about":[{"href":"https:\/\/roveyayinevi.com.tr\/index.php\/wp-json\/wp\/v2\/types\/product"}],"wp:attachment":[{"href":"https:\/\/roveyayinevi.com.tr\/index.php\/wp-json\/wp\/v2\/media?parent=707017"}],"wp:term":[{"taxonomy":"product_brand","embeddable":true,"href":"https:\/\/roveyayinevi.com.tr\/index.php\/wp-json\/wp\/v2\/product_brand?post=707017"},{"taxonomy":"product_cat","embeddable":true,"href":"https:\/\/roveyayinevi.com.tr\/index.php\/wp-json\/wp\/v2\/product_cat?post=707017"},{"taxonomy":"product_tag","embeddable":true,"href":"https:\/\/roveyayinevi.com.tr\/index.php\/wp-json\/wp\/v2\/product_tag?post=707017"}],"curies":[{"name":"wp","href":"https:\/\/api.w.org\/{rel}","templated":true}]}}