{"id":707016,"date":"2025-08-27T16:01:38","date_gmt":"2025-08-27T13:01:38","guid":{"rendered":"https:\/\/roveyayinevi.com.tr\/index.php\/urun\/kimyager\/"},"modified":"2026-04-16T02:15:41","modified_gmt":"2026-04-15T23:15:41","slug":"kimyager","status":"publish","type":"product","link":"https:\/\/roveyayinevi.com.tr\/index.php\/urun\/kimyager\/","title":{"rendered":"Kimyager"},"content":{"rendered":"<p>&#8220;Meyer, tansiyonu hi\u00e7 d\u00fc\u015f\u00fcrmeden ve bilgi ak\u0131\u015f\u0131n\u0131 kontrol alt\u0131nda tutarak okurun merak\u0131n\u0131 ustal\u0131kla, kitap boyunca en y\u00fcksek seviyeye \u00e7\u0131karmay\u0131 ba\u015far\u0131yor\u2026 \u0130nsanlar sadece Meyer&#8217;in kitaplar\u0131n\u0131 okumak istemiyor; kitab\u0131n i\u00e7ine girip orada ya\u015famak istiyorlar.&#8221; -Lev Grossman, Time- &#8220;Meyer \u0131\u015f\u0131k sa\u00e7an bir berrakl\u0131kla yaz\u0131yor, okurlar\u0131n ve payla\u015ft\u0131klar\u0131 d\u00fc\u015f\u00fcn aras\u0131na asla girmiyor\u2026 O ger\u00e7ek bir cevher.&#8221; -Orson Scott Card, Ender Serisi yazar\u0131- &#8220;Meyer, g\u00f6steri\u015fli \u00fcslup geleneklerinden ziyade ili\u015fkilerle ilgileniyor\u2026 Verdi\u011fi olumlu hayat dersi insan\u0131 yat\u0131\u015ft\u0131r\u0131yor.&#8221; -Jeff Giles, Entertainment Weekly- &#8220;Stephenie Meyer romanlar\u0131n\u0131 okumuyor, ilgin\u00e7 ve ger\u00e7ek\u00e7i karakterleriyle birlikte adeta ya\u015f\u0131yorsunuz. Meyer okuyucuyu karakterlerin hayat\u0131na \u00f6yle bir sokuyor ki, onlar i\u00e7in duydu\u011funuz merak ve endi\u015fe bir noktada \u00e7aresizlik seviyesine ula\u015f\u0131yor.&#8221; -Ridley Pearson, White Bone yazar\u0131- (Tan\u0131t\u0131m B\u00fclteninden) \ufffcTan\u0131t\u0131m Metni<\/p>\n","protected":false},"excerpt":{"rendered":"<p>&#8220;Meyer, tansiyonu hi\u00e7 d\u00fc\u015f\u00fcrmeden ve bilgi ak\u0131\u015f\u0131n\u0131 kontrol alt\u0131nda tutarak okurun merak\u0131n\u0131 ustal\u0131kla, kitap boyunca en y\u00fcksek seviyeye \u00e7\u0131karmay\u0131 ba\u015far\u0131yor\u2026 \u0130nsanlar sadece Meyer&#8217;in kitaplar\u0131n\u0131 okumak istemiyor;<span class=\"excerpt-hellip\"> [\u2026]<\/span><\/p>\n","protected":false},"featured_media":0,"template":"","meta":{"_monsterinsights_skip_tracking":false,"_monsterinsights_sitenote_active":false,"_monsterinsights_sitenote_note":"","_monsterinsights_sitenote_category":0},"product_brand":[],"product_cat":[12291,12711],"product_tag":[],"class_list":{"0":"post-707016","1":"product","2":"type-product","3":"status-publish","5":"product_cat-edebiyat","6":"product_cat-roman-oyku","7":"pa_cilt-ciltsiz","8":"pa_tur-kitap","9":"pa_yayinevi-epsilon-yayinlari","10":"pa_yazar-stephenie-meyer","12":"first","13":"instock","14":"sale","15":"shipping-taxable","16":"purchasable","17":"product-type-simple"},"_links":{"self":[{"href":"https:\/\/roveyayinevi.com.tr\/index.php\/wp-json\/wp\/v2\/product\/707016","targetHints":{"allow":["GET"]}}],"collection":[{"href":"https:\/\/roveyayinevi.com.tr\/index.php\/wp-json\/wp\/v2\/product"}],"about":[{"href":"https:\/\/roveyayinevi.com.tr\/index.php\/wp-json\/wp\/v2\/types\/product"}],"wp:attachment":[{"href":"https:\/\/roveyayinevi.com.tr\/index.php\/wp-json\/wp\/v2\/media?parent=707016"}],"wp:term":[{"taxonomy":"product_brand","embeddable":true,"href":"https:\/\/roveyayinevi.com.tr\/index.php\/wp-json\/wp\/v2\/product_brand?post=707016"},{"taxonomy":"product_cat","embeddable":true,"href":"https:\/\/roveyayinevi.com.tr\/index.php\/wp-json\/wp\/v2\/product_cat?post=707016"},{"taxonomy":"product_tag","embeddable":true,"href":"https:\/\/roveyayinevi.com.tr\/index.php\/wp-json\/wp\/v2\/product_tag?post=707016"}],"curies":[{"name":"wp","href":"https:\/\/api.w.org\/{rel}","templated":true}]}}