{"id":707012,"date":"2025-08-27T16:01:36","date_gmt":"2025-08-27T13:01:36","guid":{"rendered":"https:\/\/roveyayinevi.com.tr\/index.php\/urun\/kanadi-kirik-kuslar\/"},"modified":"2026-04-16T02:15:41","modified_gmt":"2026-04-15T23:15:41","slug":"kanadi-kirik-kuslar","status":"publish","type":"product","link":"https:\/\/roveyayinevi.com.tr\/index.php\/urun\/kanadi-kirik-kuslar\/","title":{"rendered":"Kanad\u0131 K\u0131r\u0131k Ku\u015flar"},"content":{"rendered":"<p>\u201cKendi vatan\u0131nda bile yabanc\u0131d\u0131r kanad\u0131 k\u0131r\u0131k ku\u015flar\u201d1930\u2019lar\u0131n Almanyas\u0131&#8230; Nazilerin bask\u0131s\u0131ndan bunalan Yahudi as\u0131ll\u0131 t\u0131p doktoru Gerhard Schlimann, \u00e7emberin yeterince darald\u0131\u011f\u0131n\u0131,  kendisi ve ailesi i\u00e7in tek \u00e7arenin kald\u0131\u011f\u0131n\u0131 hisseder: Ka\u00e7mak&#8230;Ancak i\u015fsizli\u011fin, sava\u015f\u0131n habercisi toplumsal karma\u015falar\u0131n veher yere yay\u0131lan ayr\u0131mc\u0131l\u0131\u011f\u0131n cenderesindeki bir d\u00fcnyadainsanca ya\u015fanacak bir yer bulmak hi\u00e7 de kolay de\u011fildir.Zira Gerhard Schlimann ve di\u011fer Yahudileres\u00f6z\u00fcmona geli\u015fmi\u015f \u00fclkeler bir bir s\u0131rt \u00e7evirirken,bir tek Avrupa\u2019n\u0131n k\u0131y\u0131s\u0131ndaki gen\u00e7 birM\u00fcsl\u00fcman \u00fclke kucak a\u00e7ar: T\u00fcrkiye Cumhuriyeti&#8230;Ay\u015fe Kulin, Kanad\u0131 K\u0131r\u0131k Ku\u015flar\u2019da 1930\u2019lar\u0131n Almanya\u2019s\u0131ndan 2000\u2019lerin T\u00fcrkiye\u2019sine uzanan bir ailenin d\u00f6rt ku\u015fakl\u0131khik\u00e2yesini anlat\u0131yor bizlere. S\u0131rad\u0131\u015f\u0131, g\u00fc\u00e7l\u00fc, co\u015fkulu,inan\u00e7l\u0131 kad\u0131nlar\u0131n hik\u00e2yesi bu ayn\u0131 zamanda. Elsa, Suzan,Sude ve Esra kendi sanc\u0131lar\u0131 ve de\u011fi\u015fimlerini vatanlar\u0131n\u0131n \u00e7alkant\u0131lar\u0131 ile i\u00e7 i\u00e7e ya\u015f\u0131yorlar. Kanad\u0131 K\u0131r\u0131k Ku\u015flar,vatan\u0131 sevgi olan herkesin kalbine de\u011fecek&#8230;<\/p>\n","protected":false},"excerpt":{"rendered":"<p>\u201cKendi vatan\u0131nda bile yabanc\u0131d\u0131r kanad\u0131 k\u0131r\u0131k ku\u015flar\u201d1930\u2019lar\u0131n Almanyas\u0131&#8230; Nazilerin bask\u0131s\u0131ndan bunalan Yahudi as\u0131ll\u0131 t\u0131p doktoru Gerhard Schlimann, \u00e7emberin yeterince darald\u0131\u011f\u0131n\u0131, kendisi ve ailesi i\u00e7in tek \u00e7arenin<span class=\"excerpt-hellip\"> [\u2026]<\/span><\/p>\n","protected":false},"featured_media":0,"template":"","meta":{"_monsterinsights_skip_tracking":false,"_monsterinsights_sitenote_active":false,"_monsterinsights_sitenote_note":"","_monsterinsights_sitenote_category":0},"product_brand":[],"product_cat":[12291,12711],"product_tag":[],"class_list":{"0":"post-707012","1":"product","2":"type-product","3":"status-publish","5":"product_cat-edebiyat","6":"product_cat-roman-oyku","7":"pa_cilt-ciltsiz","8":"pa_tur-kitap","9":"pa_yayinevi-everest-yayinlari","10":"pa_yazar-ayse-kulin","12":"first","13":"instock","14":"sale","15":"shipping-taxable","16":"purchasable","17":"product-type-simple"},"_links":{"self":[{"href":"https:\/\/roveyayinevi.com.tr\/index.php\/wp-json\/wp\/v2\/product\/707012","targetHints":{"allow":["GET"]}}],"collection":[{"href":"https:\/\/roveyayinevi.com.tr\/index.php\/wp-json\/wp\/v2\/product"}],"about":[{"href":"https:\/\/roveyayinevi.com.tr\/index.php\/wp-json\/wp\/v2\/types\/product"}],"wp:attachment":[{"href":"https:\/\/roveyayinevi.com.tr\/index.php\/wp-json\/wp\/v2\/media?parent=707012"}],"wp:term":[{"taxonomy":"product_brand","embeddable":true,"href":"https:\/\/roveyayinevi.com.tr\/index.php\/wp-json\/wp\/v2\/product_brand?post=707012"},{"taxonomy":"product_cat","embeddable":true,"href":"https:\/\/roveyayinevi.com.tr\/index.php\/wp-json\/wp\/v2\/product_cat?post=707012"},{"taxonomy":"product_tag","embeddable":true,"href":"https:\/\/roveyayinevi.com.tr\/index.php\/wp-json\/wp\/v2\/product_tag?post=707012"}],"curies":[{"name":"wp","href":"https:\/\/api.w.org\/{rel}","templated":true}]}}