{"id":707010,"date":"2025-08-27T16:01:35","date_gmt":"2025-08-27T13:01:35","guid":{"rendered":"https:\/\/roveyayinevi.com.tr\/index.php\/urun\/iki-mukemmel-hata-ciltli\/"},"modified":"2026-04-16T02:15:41","modified_gmt":"2026-04-15T23:15:41","slug":"iki-mukemmel-hata-ciltli","status":"publish","type":"product","link":"https:\/\/roveyayinevi.com.tr\/index.php\/urun\/iki-mukemmel-hata-ciltli\/","title":{"rendered":"\u0130ki M\u00fckemmel Hata (Ciltli)"},"content":{"rendered":"<p>Gen\u00e7 k\u0131z i\u00e7in hayat\u0131 m\u00fckemmeldi. Hatas\u0131zd\u0131\u2026Anlay\u0131\u015fl\u0131 bir aileye, iyi bir kariyere sahipti.Sevdi\u011fi adamdan ba\u015fkas\u0131 da umurunda de\u011fildi.En az\u0131ndan \u00f6yle san\u0131yordu\u2026Ama kar\u015f\u0131s\u0131na b\u00f6yle bir adam\u0131n \u00e7\u0131kaca\u011f\u0131n\u0131 bilemezdi!Yapmay\u0131 d\u00fc\u015f\u00fcnmedi\u011fi hatalar\u0131n sahibi gibiydi.Tehlikeli bir hayata, farkl\u0131 bir d\u00fcnyaya aitti.Kollar\u0131nda, olmad\u0131\u011f\u0131 biri gibi davranmak \u00e7ok kolayd\u0131.Ke\u015fke onunla hi\u00e7 kar\u015f\u0131la\u015fmasayd\u0131\u2026 Ke\u015fke dokunu\u015flar\u0131ndan etkilenmeseydi\u2026Ke\u015fke imk\u00e2ns\u0131z isteklerine kar\u015f\u0131 koyabilseydi. Ve ke\u015fke\u2026 onun bir hata oldu\u011funu fark edebilseydi.Ge\u00e7 kalm\u0131\u015ft\u0131!Sahiplenilmeyi, tehlikeyi ve arzulanmay\u0131 bir yabanc\u0131n\u0131n heyecan veren yak\u0131nl\u0131\u011f\u0131nda buldu.Bu g\u00fclen g\u00f6zl\u00fc adam onun t\u00fcm kalelerini y\u0131km\u0131\u015ft\u0131.Baz\u0131 hatalar\u0131n engellenemez oldu\u011fu a\u015fk yolculu\u011funda, bir gen\u00e7 k\u0131z\u0131n en m\u00fckemmel hatas\u0131na yenili\u015fini destekleyece\u011finiz bir FMArsal roman\u0131 daha!<\/p>\n","protected":false},"excerpt":{"rendered":"<p>Gen\u00e7 k\u0131z i\u00e7in hayat\u0131 m\u00fckemmeldi. Hatas\u0131zd\u0131\u2026Anlay\u0131\u015fl\u0131 bir aileye, iyi bir kariyere sahipti.Sevdi\u011fi adamdan ba\u015fkas\u0131 da umurunda de\u011fildi.En az\u0131ndan \u00f6yle san\u0131yordu\u2026Ama kar\u015f\u0131s\u0131na b\u00f6yle bir adam\u0131n \u00e7\u0131kaca\u011f\u0131n\u0131 bilemezdi!Yapmay\u0131<span class=\"excerpt-hellip\"> [\u2026]<\/span><\/p>\n","protected":false},"featured_media":0,"template":"","meta":{"_monsterinsights_skip_tracking":false,"_monsterinsights_sitenote_active":false,"_monsterinsights_sitenote_note":"","_monsterinsights_sitenote_category":0},"product_brand":[],"product_cat":[12291,12711],"product_tag":[],"class_list":{"0":"post-707010","1":"product","2":"type-product","3":"status-publish","5":"product_cat-edebiyat","6":"product_cat-roman-oyku","7":"pa_cilt-ciltli","8":"pa_tur-kitap","9":"pa_yayinevi-ephesus-yayinlari","10":"pa_yazar-fatih-murat-arsal","12":"first","13":"instock","14":"sale","15":"shipping-taxable","16":"purchasable","17":"product-type-simple"},"_links":{"self":[{"href":"https:\/\/roveyayinevi.com.tr\/index.php\/wp-json\/wp\/v2\/product\/707010","targetHints":{"allow":["GET"]}}],"collection":[{"href":"https:\/\/roveyayinevi.com.tr\/index.php\/wp-json\/wp\/v2\/product"}],"about":[{"href":"https:\/\/roveyayinevi.com.tr\/index.php\/wp-json\/wp\/v2\/types\/product"}],"wp:attachment":[{"href":"https:\/\/roveyayinevi.com.tr\/index.php\/wp-json\/wp\/v2\/media?parent=707010"}],"wp:term":[{"taxonomy":"product_brand","embeddable":true,"href":"https:\/\/roveyayinevi.com.tr\/index.php\/wp-json\/wp\/v2\/product_brand?post=707010"},{"taxonomy":"product_cat","embeddable":true,"href":"https:\/\/roveyayinevi.com.tr\/index.php\/wp-json\/wp\/v2\/product_cat?post=707010"},{"taxonomy":"product_tag","embeddable":true,"href":"https:\/\/roveyayinevi.com.tr\/index.php\/wp-json\/wp\/v2\/product_tag?post=707010"}],"curies":[{"name":"wp","href":"https:\/\/api.w.org\/{rel}","templated":true}]}}