{"id":707009,"date":"2025-08-27T16:01:35","date_gmt":"2025-08-27T13:01:35","guid":{"rendered":"https:\/\/roveyayinevi.com.tr\/index.php\/urun\/kisisel-bagimsizlik-bildirgesi\/"},"modified":"2026-04-12T02:18:49","modified_gmt":"2026-04-11T23:18:49","slug":"kisisel-bagimsizlik-bildirgesi","status":"publish","type":"product","link":"https:\/\/roveyayinevi.com.tr\/index.php\/urun\/kisisel-bagimsizlik-bildirgesi\/","title":{"rendered":"Ki\u015fisel Ba\u011f\u0131ms\u0131zl\u0131k Bildirgesi"},"content":{"rendered":"<p>Kendiniz olmaya cesaret etmek, kalbinizin sesini dinleyip harekete ge\u00e7mek fikri kula\u011f\u0131n\u0131za nas\u0131l geldi? Hem heyecan verici hem de az\u0131c\u0131k korkutucu ve tuhaf, de\u011fil mi? Daha \u00f6nce gitmedi\u011finiz bir yoldan gideceksiniz, ya\u015fad\u0131\u011f\u0131n\u0131z veya zaman zaman ya\u015fayaca\u011f\u0131n\u0131z bu hisler o kadar normal ki. \u00d6zg\u00fcven \u00d6zg\u00fcrle\u015ftiren Bir Duygudur Ba\u011f\u0131ms\u0131zl\u0131\u011fa Tam Anlam\u0131yla Haz\u0131r Olmak Ki\u015fiselle\u015ftirmeyen \u00d6zg\u00fcrle\u015fir! Kendine Yalan S\u00f6ylemekten Vazge\u00e7ebilmek Hatalar Ka\u00e7\u0131n\u0131lmazd\u0131r! Hatalar\u0131n\u0131z \u0130\u00e7in Kendinizi Harap Etmekten Vazge\u00e7in! Ve daha bir\u00e7ok bizi biz yapacak, s\u0131radanl\u0131ktan uzakla\u015ft\u0131racak ba\u015fl\u0131klarda bulu\u015fuyor Mehmet Auf okuyucusuyla. Elma Yay\u0131nevinden taptaze \u00e7\u0131kan Ki\u015fisel Ba\u011f\u0131ms\u0131zl\u0131k Bildirgesi, bireysel \u00f6zg\u00fcrl\u00fc\u011fe giden yolda bir rehber olma niteli\u011finde. \u0130yi okumalar, keyifli ki\u015fisel ba\u011f\u0131ms\u0131zl\u0131k bildirgeleri dile\u011fimizle&#8230; \ufffcTan\u0131t\u0131m Metni<\/p>\n","protected":false},"excerpt":{"rendered":"<p>Kendiniz olmaya cesaret etmek, kalbinizin sesini dinleyip harekete ge\u00e7mek fikri kula\u011f\u0131n\u0131za nas\u0131l geldi? Hem heyecan verici hem de az\u0131c\u0131k korkutucu ve tuhaf, de\u011fil mi? Daha \u00f6nce<span class=\"excerpt-hellip\"> [\u2026]<\/span><\/p>\n","protected":false},"featured_media":0,"template":"","meta":{"_monsterinsights_skip_tracking":false,"_monsterinsights_sitenote_active":false,"_monsterinsights_sitenote_note":"","_monsterinsights_sitenote_category":0},"product_brand":[],"product_cat":[12364,12376],"product_tag":[],"class_list":{"0":"post-707009","1":"product","2":"type-product","3":"status-publish","5":"product_cat-genel-konular","6":"product_cat-kisisel-gelisim","7":"pa_cilt-ciltsiz","8":"pa_tur-kitap","9":"pa_yayinevi-elma-yayinevi","10":"pa_yazar-mehmet-auf","12":"first","13":"instock","14":"sale","15":"shipping-taxable","16":"purchasable","17":"product-type-simple"},"_links":{"self":[{"href":"https:\/\/roveyayinevi.com.tr\/index.php\/wp-json\/wp\/v2\/product\/707009","targetHints":{"allow":["GET"]}}],"collection":[{"href":"https:\/\/roveyayinevi.com.tr\/index.php\/wp-json\/wp\/v2\/product"}],"about":[{"href":"https:\/\/roveyayinevi.com.tr\/index.php\/wp-json\/wp\/v2\/types\/product"}],"wp:attachment":[{"href":"https:\/\/roveyayinevi.com.tr\/index.php\/wp-json\/wp\/v2\/media?parent=707009"}],"wp:term":[{"taxonomy":"product_brand","embeddable":true,"href":"https:\/\/roveyayinevi.com.tr\/index.php\/wp-json\/wp\/v2\/product_brand?post=707009"},{"taxonomy":"product_cat","embeddable":true,"href":"https:\/\/roveyayinevi.com.tr\/index.php\/wp-json\/wp\/v2\/product_cat?post=707009"},{"taxonomy":"product_tag","embeddable":true,"href":"https:\/\/roveyayinevi.com.tr\/index.php\/wp-json\/wp\/v2\/product_tag?post=707009"}],"curies":[{"name":"wp","href":"https:\/\/api.w.org\/{rel}","templated":true}]}}