{"id":707008,"date":"2025-08-27T16:01:34","date_gmt":"2025-08-27T13:01:34","guid":{"rendered":"https:\/\/roveyayinevi.com.tr\/index.php\/urun\/kuralsiz\/"},"modified":"2026-04-16T02:15:41","modified_gmt":"2026-04-15T23:15:41","slug":"kuralsiz","status":"publish","type":"product","link":"https:\/\/roveyayinevi.com.tr\/index.php\/urun\/kuralsiz\/","title":{"rendered":"Kurals\u0131z"},"content":{"rendered":"<p>&#8220;Serin sular i\u00e7erisine bile at\u0131lsan, ben var oldu\u011fum s\u00fcrece sen yanacaks\u0131n.&#8221; Aile bask\u0131s\u0131ndan bunal\u0131p bir s\u00fcreli\u011fine kuzeninin yan\u0131na ta\u015f\u0131nan Elis Akta\u015f, yabanc\u0131s\u0131 oldu\u011fu bu \u015fehrin kurals\u0131zl\u0131\u011f\u0131yla u\u011fra\u015f\u0131rken kendisini Mesih Din\u00e7er&#8217;den ve hissettirdiklerinden ka\u00e7arken bulur. Zaman i\u00e7erisinde bu \u015fehrin tuhafl\u0131klar\u0131n\u0131n sebebini ke\u015ffedecek olan Elis, 18 ya\u015f\u0131na kadar ailesinin bast\u0131rd\u0131\u011f\u0131 cesur yan\u0131n\u0131n ortaya \u00e7\u0131kmas\u0131yla kendisini bu yere ait hissetmeye ba\u015flar. Bu s\u0131rada Mesih ise ans\u0131z\u0131n hayat\u0131na giri\u015f yapan bu g\u00fczelli\u011fi b\u0131rakmadan, ona belli \u015fartlar kar\u015f\u0131l\u0131\u011f\u0131nda g\u00fc\u00e7l\u00fc olmay\u0131 \u00f6\u011fretmeyi teklif eder. Bu, masumiyetin ya da y\u0131k\u0131lm\u0131\u015fl\u0131\u011f\u0131n hik\u00e2yesi de\u011fil; yeniden aya\u011fa kalkman\u0131n, g\u00fc\u00e7l\u00fc olman\u0131n, tutkuyu damarlar\u0131nda hissetmek isteyenlerin, m\u00fchr\u00fcn ve g\u00fcc\u00fcn hik\u00e2yesidir. \u0130\u00e7inde de bir not vard\u0131r. (Tan\u0131t\u0131m B\u00fclteninden) \ufffcTan\u0131t\u0131m Metni<\/p>\n","protected":false},"excerpt":{"rendered":"<p>&#8220;Serin sular i\u00e7erisine bile at\u0131lsan, ben var oldu\u011fum s\u00fcrece sen yanacaks\u0131n.&#8221; Aile bask\u0131s\u0131ndan bunal\u0131p bir s\u00fcreli\u011fine kuzeninin yan\u0131na ta\u015f\u0131nan Elis Akta\u015f, yabanc\u0131s\u0131 oldu\u011fu bu \u015fehrin kurals\u0131zl\u0131\u011f\u0131yla<span class=\"excerpt-hellip\"> [\u2026]<\/span><\/p>\n","protected":false},"featured_media":0,"template":"","meta":{"_monsterinsights_skip_tracking":false,"_monsterinsights_sitenote_active":false,"_monsterinsights_sitenote_note":"","_monsterinsights_sitenote_category":0},"product_brand":[],"product_cat":[12291,12711],"product_tag":[],"class_list":{"0":"post-707008","1":"product","2":"type-product","3":"status-publish","5":"product_cat-edebiyat","6":"product_cat-roman-oyku","7":"pa_cilt-ciltsiz","8":"pa_tur-kitap","9":"pa_yayinevi-epsilon-yayinlari","10":"pa_yazar-sule-terzi","12":"first","13":"instock","14":"sale","15":"shipping-taxable","16":"purchasable","17":"product-type-simple"},"_links":{"self":[{"href":"https:\/\/roveyayinevi.com.tr\/index.php\/wp-json\/wp\/v2\/product\/707008","targetHints":{"allow":["GET"]}}],"collection":[{"href":"https:\/\/roveyayinevi.com.tr\/index.php\/wp-json\/wp\/v2\/product"}],"about":[{"href":"https:\/\/roveyayinevi.com.tr\/index.php\/wp-json\/wp\/v2\/types\/product"}],"wp:attachment":[{"href":"https:\/\/roveyayinevi.com.tr\/index.php\/wp-json\/wp\/v2\/media?parent=707008"}],"wp:term":[{"taxonomy":"product_brand","embeddable":true,"href":"https:\/\/roveyayinevi.com.tr\/index.php\/wp-json\/wp\/v2\/product_brand?post=707008"},{"taxonomy":"product_cat","embeddable":true,"href":"https:\/\/roveyayinevi.com.tr\/index.php\/wp-json\/wp\/v2\/product_cat?post=707008"},{"taxonomy":"product_tag","embeddable":true,"href":"https:\/\/roveyayinevi.com.tr\/index.php\/wp-json\/wp\/v2\/product_tag?post=707008"}],"curies":[{"name":"wp","href":"https:\/\/api.w.org\/{rel}","templated":true}]}}