{"id":707007,"date":"2025-08-27T16:01:34","date_gmt":"2025-08-27T13:01:34","guid":{"rendered":"https:\/\/roveyayinevi.com.tr\/index.php\/urun\/ikimize-dair-hersey\/"},"modified":"2026-04-16T02:15:41","modified_gmt":"2026-04-15T23:15:41","slug":"ikimize-dair-hersey","status":"publish","type":"product","link":"https:\/\/roveyayinevi.com.tr\/index.php\/urun\/ikimize-dair-hersey\/","title":{"rendered":"\u0130kimize Dair Her\u015fey"},"content":{"rendered":"<p>Bir okka et. Bir dirhem ac\u0131. Bir d\u00fcnya zevk.Babas\u0131n\u0131n on alt\u0131 y\u0131l \u00f6nce \u00f6ld\u00fcr\u00fcl\u00fc\u015f\u00fcn\u00fcn k\u00e2buslar\u0131 bile Kat Lane&#8217;i onu en \u00e7ok korkutan insanlara, yani vah\u015fi su\u00e7lulara bir \u015feyler \u00f6\u011fretmekten al\u0131koyamaz. Korkular\u0131n\u0131n \u00fczerine do\u011frudan giden co\u015fku dolu hapishane \u00f6\u011fretmeni, babas\u0131n\u0131n son arzusu olan muhta\u00e7 ki\u015filere yard\u0131m etmesi iste\u011fini yerine getirmeye kararl\u0131d\u0131r. Ama k\u00fcstah, yaral\u0131 ve tehlikeli derecede seksi mahk\u00fbm Wesley Carter onun \u00f6fkeleriyle tutkular\u0131n\u0131 tetikledi\u011finde, Kat bu k\u00f6t\u00fc \u00e7ocu\u011fun \u00f6zel \u00f6\u011fretmeni olma tercihinin adam\u0131n belirgin zek\u00e2s\u0131ndan de\u011fil, ona duydu\u011fu fiziksel \u00e7ekimden kaynakland\u0131\u011f\u0131n\u0131 itiraf etmek zorunda kal\u0131r. Shakespeare&#8217;in yorumlanmas\u0131 \u00fczerinden yapt\u0131klar\u0131 s\u00f6zl\u00fc tart\u0131\u015fmalar birden \u00e7ok a\u00e7\u0131dan ate\u015fli ge\u00e7er ve Kat&#8217;in mesleki kat\u0131l\u0131\u011f\u0131 \u00e7ok ge\u00e7meden eriyiverir. Daha sonra Carter hapisten \u00e7\u0131kar ve ikili sonunda \u00f6n\u00fcne ge\u00e7ilemez cinsel a\u00e7l\u0131klar\u0131n\u0131n gere\u011fini yerine getirmekte \u00f6zg\u00fcr hale gelir. Ailesi ve arkada\u015flar\u0131, Kat&#8217;in ge\u00e7mi\u015fi tehlikeli ve sevimsiz bir adam y\u00fcz\u00fcnden kariyerini tehlikeye att\u0131klar\u0131n\u0131 d\u00fc\u015f\u00fcn\u00fcp endi\u015felenirler. Kat ise Carter&#8217;\u0131n sakl\u0131 tuttu\u011fu s\u0131rr\u0131 onlara sunamamaktad\u0131r. \u00dcstelik bu s\u0131r, d\u00fcnyan\u0131n onu farkl\u0131 g\u00f6rmesini sa\u011flayabilecek bir \u015feydir. Ancak, onlar\u0131 ayr\u0131 d\u00fc\u015f\u00fcrebilecek bu s\u0131r Kat&#8217;in ge\u00e7mi\u015fiyle de ilgilidir, onun babas\u0131n\u0131 so\u011fuk bir Bronx gecesinde katillerinin elinden kurtaramay\u0131\u015f\u0131 hakk\u0131nda Carter&#8217;\u0131n bildikleriyle de. Aralar\u0131nda karanl\u0131k, cevaps\u0131z bir soru durmaktad\u0131r: Carter onu kurtaran bir melek mi, yoksa onun d\u00fcnyas\u0131n\u0131 y\u0131kan, ba\u015f\u0131bo\u015f bir ruh mu? Kuzeybat\u0131 \u0130ngiltere&#8217;den bir okul \u00f6\u011fretmeni olan Sophie Jackson, okumay\u0131 ve film izlemeyi \u00e7ok sever ve kendisini gururla bir \u00e7izgi roman \u00e2\u015f\u0131\u011f\u0131 olarak tan\u0131mlar. Spor salonlar\u0131na gitmekten zevk al\u0131r ama bunun nedeni \u015farap ve yemekten b\u00fcy\u00fck haz almas\u0131d\u0131r \u00f6zellikle de birlikte iyi gittiklerinde. (Tan\u0131t\u0131m B\u00fclteninden) \ufffcTan\u0131t\u0131m Metni<\/p>\n","protected":false},"excerpt":{"rendered":"<p>Bir okka et. Bir dirhem ac\u0131. Bir d\u00fcnya zevk.Babas\u0131n\u0131n on alt\u0131 y\u0131l \u00f6nce \u00f6ld\u00fcr\u00fcl\u00fc\u015f\u00fcn\u00fcn k\u00e2buslar\u0131 bile Kat Lane&#8217;i onu en \u00e7ok korkutan insanlara, yani vah\u015fi su\u00e7lulara<span class=\"excerpt-hellip\"> [\u2026]<\/span><\/p>\n","protected":false},"featured_media":0,"template":"","meta":{"_monsterinsights_skip_tracking":false,"_monsterinsights_sitenote_active":false,"_monsterinsights_sitenote_note":"","_monsterinsights_sitenote_category":0},"product_brand":[],"product_cat":[12291,12711],"product_tag":[],"class_list":{"0":"post-707007","1":"product","2":"type-product","3":"status-publish","5":"product_cat-edebiyat","6":"product_cat-roman-oyku","7":"pa_cilt-ciltsiz","8":"pa_tur-kitap","9":"pa_yayinevi-epsilon-yayinlari","10":"pa_yazar-sophie-jackson","12":"first","13":"instock","14":"sale","15":"shipping-taxable","16":"purchasable","17":"product-type-simple"},"_links":{"self":[{"href":"https:\/\/roveyayinevi.com.tr\/index.php\/wp-json\/wp\/v2\/product\/707007","targetHints":{"allow":["GET"]}}],"collection":[{"href":"https:\/\/roveyayinevi.com.tr\/index.php\/wp-json\/wp\/v2\/product"}],"about":[{"href":"https:\/\/roveyayinevi.com.tr\/index.php\/wp-json\/wp\/v2\/types\/product"}],"wp:attachment":[{"href":"https:\/\/roveyayinevi.com.tr\/index.php\/wp-json\/wp\/v2\/media?parent=707007"}],"wp:term":[{"taxonomy":"product_brand","embeddable":true,"href":"https:\/\/roveyayinevi.com.tr\/index.php\/wp-json\/wp\/v2\/product_brand?post=707007"},{"taxonomy":"product_cat","embeddable":true,"href":"https:\/\/roveyayinevi.com.tr\/index.php\/wp-json\/wp\/v2\/product_cat?post=707007"},{"taxonomy":"product_tag","embeddable":true,"href":"https:\/\/roveyayinevi.com.tr\/index.php\/wp-json\/wp\/v2\/product_tag?post=707007"}],"curies":[{"name":"wp","href":"https:\/\/api.w.org\/{rel}","templated":true}]}}