{"id":707005,"date":"2025-08-27T16:01:33","date_gmt":"2025-08-27T13:01:33","guid":{"rendered":"https:\/\/roveyayinevi.com.tr\/index.php\/urun\/kendine-bakan-edebiyat\/"},"modified":"2026-04-16T02:15:41","modified_gmt":"2026-04-15T23:15:41","slug":"kendine-bakan-edebiyat","status":"publish","type":"product","link":"https:\/\/roveyayinevi.com.tr\/index.php\/urun\/kendine-bakan-edebiyat\/","title":{"rendered":"Kendine Bakan Edebiyat"},"content":{"rendered":"<p>Denilebilir ki yazar iktidar\u0131n kar\u015f\u0131s\u0131nda, patronun kar\u015f\u0131s\u0131nda, g\u00fcncelin, \u00fcn\u00fcn, paran\u0131n, hi\u00e7 kimsenin, hi\u00e7bir \u015feyin kar\u015f\u0131s\u0131nda diz \u00e7\u00f6kmeden ayakta yazan ki\u015fidir. Kar\u015f\u0131s\u0131nda, yan\u0131nda, varl\u0131\u011f\u0131ndan bile habersiz ama hep ayakta. Bu y\u00fczden olacak, d\u00fcn oldu\u011fu gibi bug\u00fcn de soytar\u0131lar\u0131n her yerde k\u00fc\u00e7\u00fcmsenmeyecek bir yeri bulunmas\u0131na kar\u015f\u0131l\u0131k, g\u00fc\u00e7 ve d\u00fczen ger\u00e7ek yazar\u0131 her zaman d\u00fc\u015fman bilmi\u015ftir. Hasan \u00d6zt\u00fcrk Tanp\u0131nar\u2019dan Tahsin Y\u00fccel\u2019e, Kavafis\u2019ten Bachmann\u2019a kadar \u201cSanat ve edebiyat nedir? Siyaset ve politika edebiyat \u00fczerinde ne kadar etkilidir?\u201d sorular\u0131n\u0131 soruyor. Kitapta \u0130ktidar G\u00fcc\u00fcn\u00fcn G\u00f6lgesi: Ku\u015fatma Alt\u0131nda Yaz\u0131 ve Edebiyat, Panoptikon D\u0131\u015f\u0131ndaki D\u00fcnya: Edebiyat Kendine Bak\u0131yor ve Cam\u0131n Ard\u0131na Bakmak: Kar\u015f\u0131 Pencere ba\u015fl\u0131klar\u0131 alt\u0131nda yirmi bir yaz\u0131 bulunuyor.<\/p>\n","protected":false},"excerpt":{"rendered":"<p>Denilebilir ki yazar iktidar\u0131n kar\u015f\u0131s\u0131nda, patronun kar\u015f\u0131s\u0131nda, g\u00fcncelin, \u00fcn\u00fcn, paran\u0131n, hi\u00e7 kimsenin, hi\u00e7bir \u015feyin kar\u015f\u0131s\u0131nda diz \u00e7\u00f6kmeden ayakta yazan ki\u015fidir. Kar\u015f\u0131s\u0131nda, yan\u0131nda, varl\u0131\u011f\u0131ndan bile habersiz ama<span class=\"excerpt-hellip\"> [\u2026]<\/span><\/p>\n","protected":false},"featured_media":0,"template":"","meta":{"_monsterinsights_skip_tracking":false,"_monsterinsights_sitenote_active":false,"_monsterinsights_sitenote_note":"","_monsterinsights_sitenote_category":0},"product_brand":[],"product_cat":[12777,12291],"product_tag":[],"class_list":{"0":"post-707005","1":"product","2":"type-product","3":"status-publish","5":"product_cat-deneme","6":"product_cat-edebiyat","7":"pa_cilt-ciltsiz","8":"pa_tur-kitap","9":"pa_yayinevi-erdem-yayinlari","10":"pa_yazar-hasan-ozturk","12":"first","13":"instock","14":"sale","15":"shipping-taxable","16":"purchasable","17":"product-type-simple"},"_links":{"self":[{"href":"https:\/\/roveyayinevi.com.tr\/index.php\/wp-json\/wp\/v2\/product\/707005","targetHints":{"allow":["GET"]}}],"collection":[{"href":"https:\/\/roveyayinevi.com.tr\/index.php\/wp-json\/wp\/v2\/product"}],"about":[{"href":"https:\/\/roveyayinevi.com.tr\/index.php\/wp-json\/wp\/v2\/types\/product"}],"wp:attachment":[{"href":"https:\/\/roveyayinevi.com.tr\/index.php\/wp-json\/wp\/v2\/media?parent=707005"}],"wp:term":[{"taxonomy":"product_brand","embeddable":true,"href":"https:\/\/roveyayinevi.com.tr\/index.php\/wp-json\/wp\/v2\/product_brand?post=707005"},{"taxonomy":"product_cat","embeddable":true,"href":"https:\/\/roveyayinevi.com.tr\/index.php\/wp-json\/wp\/v2\/product_cat?post=707005"},{"taxonomy":"product_tag","embeddable":true,"href":"https:\/\/roveyayinevi.com.tr\/index.php\/wp-json\/wp\/v2\/product_tag?post=707005"}],"curies":[{"name":"wp","href":"https:\/\/api.w.org\/{rel}","templated":true}]}}