{"id":707003,"date":"2025-08-27T16:01:32","date_gmt":"2025-08-27T13:01:32","guid":{"rendered":"https:\/\/roveyayinevi.com.tr\/index.php\/urun\/kayip-ulkelere-dogru\/"},"modified":"2026-04-16T02:15:41","modified_gmt":"2026-04-15T23:15:41","slug":"kayip-ulkelere-dogru","status":"publish","type":"product","link":"https:\/\/roveyayinevi.com.tr\/index.php\/urun\/kayip-ulkelere-dogru\/","title":{"rendered":"Kay\u0131p \u00dclkelere Do\u011fru"},"content":{"rendered":"<p>Arzavul Tepesi serisi, \u00fc\u00e7\u00fcnc\u00fc kitab\u0131 Kay\u0131p \u00dclkelere Do\u011fru ile yola devam ediyor. Bu macerada kadromuz \u00e7ok daha kalabal\u0131k. Kahramanlar\u0131m\u0131z denizlerden deniz be\u011fenecek, ha\u015fin dalgalarla sarma\u015f dola\u015f olacak ve ayaklar\u0131 yerden kesilenlere tan\u0131kl\u0131k edecekler. Haz\u0131rsan\u0131z buyurun denizin saklad\u0131klar\u0131na\u2026K\u0131ranba\u015f\u0131l\u0131 kafadarlar maceran\u0131n yeni dura\u011f\u0131nda! Neden sava\u015ft\u0131klar\u0131n\u0131 unutan iki \u00fclkenin tam ortas\u0131nda, Davut\u2019un \u201cku\u015fbak\u0131\u015f\u0131\u201d g\u00f6rebilece\u011fi bir mesafede olacaklar \u015fimdi. Yaln\u0131z, dalgalar ha\u015fin, g\u00f6rev zorlu:Gizemli bir \u015fekilde u\u00e7up giden Davut\u2019a ula\u015fmalar\u0131ve bu iki \u00fclkeye unuttuklar\u0131 bir \u015feyi hat\u0131rlatmalar\u0131 gerekiyor\u2026 Ama \u00f6nce Bilinmezler Ge\u00e7idi\u2019nin bilinmeyen engellerini ve Gizli Deniz\u2019i a\u015fmal\u0131, g\u00f6ky\u00fcz\u00fcnde sal\u0131nan bar\u0131\u015f\u0131 yakalaman\u0131n yollar\u0131n\u0131 bulmal\u0131lar.<\/p>\n","protected":false},"excerpt":{"rendered":"<p>Arzavul Tepesi serisi, \u00fc\u00e7\u00fcnc\u00fc kitab\u0131 Kay\u0131p \u00dclkelere Do\u011fru ile yola devam ediyor. Bu macerada kadromuz \u00e7ok daha kalabal\u0131k. Kahramanlar\u0131m\u0131z denizlerden deniz be\u011fenecek, ha\u015fin dalgalarla sarma\u015f dola\u015f<span class=\"excerpt-hellip\"> [\u2026]<\/span><\/p>\n","protected":false},"featured_media":0,"template":"","meta":{"_monsterinsights_skip_tracking":false,"_monsterinsights_sitenote_active":false,"_monsterinsights_sitenote_note":"","_monsterinsights_sitenote_category":0},"product_brand":[],"product_cat":[12275,12274],"product_tag":[],"class_list":{"0":"post-707003","1":"product","2":"type-product","3":"status-publish","5":"product_cat-6-12-yas-kitaplari","6":"product_cat-cocuk-ve-genclik-kitaplari","7":"pa_cilt-ciltsiz","8":"pa_tur-kitap","9":"pa_yayinevi-elma-cocuk","10":"pa_yazar-mehmet-erkan","12":"first","13":"instock","14":"sale","15":"shipping-taxable","16":"purchasable","17":"product-type-simple"},"_links":{"self":[{"href":"https:\/\/roveyayinevi.com.tr\/index.php\/wp-json\/wp\/v2\/product\/707003","targetHints":{"allow":["GET"]}}],"collection":[{"href":"https:\/\/roveyayinevi.com.tr\/index.php\/wp-json\/wp\/v2\/product"}],"about":[{"href":"https:\/\/roveyayinevi.com.tr\/index.php\/wp-json\/wp\/v2\/types\/product"}],"wp:attachment":[{"href":"https:\/\/roveyayinevi.com.tr\/index.php\/wp-json\/wp\/v2\/media?parent=707003"}],"wp:term":[{"taxonomy":"product_brand","embeddable":true,"href":"https:\/\/roveyayinevi.com.tr\/index.php\/wp-json\/wp\/v2\/product_brand?post=707003"},{"taxonomy":"product_cat","embeddable":true,"href":"https:\/\/roveyayinevi.com.tr\/index.php\/wp-json\/wp\/v2\/product_cat?post=707003"},{"taxonomy":"product_tag","embeddable":true,"href":"https:\/\/roveyayinevi.com.tr\/index.php\/wp-json\/wp\/v2\/product_tag?post=707003"}],"curies":[{"name":"wp","href":"https:\/\/api.w.org\/{rel}","templated":true}]}}