{"id":706999,"date":"2025-08-27T16:01:30","date_gmt":"2025-08-27T13:01:30","guid":{"rendered":"https:\/\/roveyayinevi.com.tr\/index.php\/urun\/donus-yok\/"},"modified":"2026-04-12T02:18:49","modified_gmt":"2026-04-11T23:18:49","slug":"donus-yok","status":"publish","type":"product","link":"https:\/\/roveyayinevi.com.tr\/index.php\/urun\/donus-yok\/","title":{"rendered":"D\u00f6n\u00fc\u015f Yok"},"content":{"rendered":"<p>\u201cWeaver her kitab\u0131nda kendini a\u015f\u0131yor.\u201d \u2013 The Guardian\u201cElimden b\u0131rakamad\u0131m\u201d \u2013 The Sun\u201cTim Weaver\u2019dan muhte\u015fem bir polisiye daha.\u201d \u2013 Daily MailEmily Kane, k\u0131z karde\u015fi Carrie&#8217;nin evine vard\u0131\u011f\u0131nda giri\u015f kap\u0131s\u0131n\u0131 a\u00e7\u0131k, ak\u015fam yeme\u011fini masan\u0131n \u00fcst\u00fcnde bulur. Fakat Carrie, e\u015fi ve iki k\u0131z\u0131 kay\u0131plara kar\u0131\u015fm\u0131\u015ft\u0131r. Polisin hi\u00e7bir sonuca ula\u015famamas\u0131 \u00fczerine Emily, dedektif olan eski sevgilisi David Raker&#8217;e ba\u015fvurur. Raker olay\u0131n izini s\u00fcrerken, bu kay\u0131plar\u0131n ard\u0131nda, onlarca y\u0131la yay\u0131lan \u015feytani bir \u00f6rtbas \u00e7abas\u0131n\u0131n oldu\u011funa dair kan\u0131tlara rastlar. D\u00f6n\u00fc\u015f Yok Las Vegas&#8217;ta ve \u0130ngiltere&#8217;deki k\u00fc\u00e7\u00fck bir bal\u0131k\u00e7\u0131 kasabas\u0131nda ge\u00e7en kurgusuyla, okuru son ana kadar tahminler y\u00fcr\u00fctmeye iten, zekice yaz\u0131lm\u0131\u015f, s\u00fcr\u00fckleyici bir polisiye roman\u2026<\/p>\n","protected":false},"excerpt":{"rendered":"<p>\u201cWeaver her kitab\u0131nda kendini a\u015f\u0131yor.\u201d \u2013 The Guardian\u201cElimden b\u0131rakamad\u0131m\u201d \u2013 The Sun\u201cTim Weaver\u2019dan muhte\u015fem bir polisiye daha.\u201d \u2013 Daily MailEmily Kane, k\u0131z karde\u015fi Carrie&#8217;nin evine vard\u0131\u011f\u0131nda<span class=\"excerpt-hellip\"> [\u2026]<\/span><\/p>\n","protected":false},"featured_media":0,"template":"","meta":{"_monsterinsights_skip_tracking":false,"_monsterinsights_sitenote_active":false,"_monsterinsights_sitenote_note":"","_monsterinsights_sitenote_category":0},"product_brand":[],"product_cat":[12291,12711],"product_tag":[],"class_list":{"0":"post-706999","1":"product","2":"type-product","3":"status-publish","5":"product_cat-edebiyat","6":"product_cat-roman-oyku","7":"pa_cilt-ciltli","8":"pa_tur-kitap","9":"pa_yayinevi-ephesus-yayinlari","10":"pa_yazar-tim-weaver","12":"first","13":"instock","14":"sale","15":"shipping-taxable","16":"purchasable","17":"product-type-simple"},"_links":{"self":[{"href":"https:\/\/roveyayinevi.com.tr\/index.php\/wp-json\/wp\/v2\/product\/706999","targetHints":{"allow":["GET"]}}],"collection":[{"href":"https:\/\/roveyayinevi.com.tr\/index.php\/wp-json\/wp\/v2\/product"}],"about":[{"href":"https:\/\/roveyayinevi.com.tr\/index.php\/wp-json\/wp\/v2\/types\/product"}],"wp:attachment":[{"href":"https:\/\/roveyayinevi.com.tr\/index.php\/wp-json\/wp\/v2\/media?parent=706999"}],"wp:term":[{"taxonomy":"product_brand","embeddable":true,"href":"https:\/\/roveyayinevi.com.tr\/index.php\/wp-json\/wp\/v2\/product_brand?post=706999"},{"taxonomy":"product_cat","embeddable":true,"href":"https:\/\/roveyayinevi.com.tr\/index.php\/wp-json\/wp\/v2\/product_cat?post=706999"},{"taxonomy":"product_tag","embeddable":true,"href":"https:\/\/roveyayinevi.com.tr\/index.php\/wp-json\/wp\/v2\/product_tag?post=706999"}],"curies":[{"name":"wp","href":"https:\/\/api.w.org\/{rel}","templated":true}]}}