{"id":706998,"date":"2025-08-27T16:01:30","date_gmt":"2025-08-27T13:01:30","guid":{"rendered":"https:\/\/roveyayinevi.com.tr\/index.php\/urun\/finansal-analiz-ve-kredi-islemleri\/"},"modified":"2026-04-16T02:15:41","modified_gmt":"2026-04-15T23:15:41","slug":"finansal-analiz-ve-kredi-islemleri","status":"publish","type":"product","link":"https:\/\/roveyayinevi.com.tr\/index.php\/urun\/finansal-analiz-ve-kredi-islemleri\/","title":{"rendered":"Finansal Analiz ve Kredi \u0130\u015flemleri"},"content":{"rendered":"<p>Elma Yay\u0131nevi&#8217;nden yepyeni bir eser Finans Analiz ve Kredi \u0130\u015flemleri\u2026  Finans\u0131n ve bankac\u0131l\u0131\u011f\u0131n ba\u015fucu kitab\u0131. E\u011fer siz de i\u015f d\u00fcnyas\u0131n\u0131n i\u00e7indeyseniz ve parlak fikirlerinizin g\u00fcc\u00fcne inan\u0131yorsan\u0131z bu kitap \u00f6nceliklerinizi belirlemek, bankac\u0131l\u0131k sekt\u00f6r\u00fcn\u00fcn dilini anlamak ve paran\u0131z\u0131 daha iyi y\u00f6netmek i\u00e7in yararlanabilecek bir rehber niteli\u011finde. \u00c7e\u015fitli bankalarda krediler ve finansal analiz b\u00f6l\u00fcmlerinde g\u00f6rev yapm\u0131\u015f olan yazar\u0131n kitab\u0131; bankalarla kredi ili\u015fkisi i\u00e7erisinde olan ki\u015fi ve kurulu\u015flara, mesle\u011fini bankac\u0131l\u0131k olarak se\u00e7en \u00fcniversite \u00f6\u011frencilerine, mezunlar\u0131na ve h\u00e2lihaz\u0131rda bankac\u0131l\u0131k sekt\u00f6r\u00fcnde faaliyet g\u00f6steren t\u00fcm ki\u015filere uygulamaya y\u00f6nelik tecr\u00fcbe ve bilgi aktar\u0131m\u0131d\u0131r. Bu aktar\u0131m\u0131n en \u00f6nemli \u00f6zelliklerinden biri ise;  Uygulamay\u0131 pek\u00e7ok a\u00e7\u0131dan de\u011fi\u015ftirecek kredilerle ilgili yay\u0131mlanan &#8220;22.06.2016 tarih, 29750 say\u0131l\u0131 y\u00f6netmeli\u011fi&#8221;nin ilk olarak resmi gazete d\u0131\u015f\u0131nda bu kitapta yay\u0131mlanacak olmas\u0131\u2026 Konunun uzman\u0131 olmayan herkes i\u00e7in kredi kavram\u0131, finansal tablolar analizi \u00e7ok anla\u015f\u0131l\u0131r, sade ve ak\u0131c\u0131 bir dille anlat\u0131lm\u0131\u015f. Bu kadar teknik bir konu zevkle okunuyor. Tan\u0131mlar\u0131n k\u0131sa ve anla\u015f\u0131l\u0131r olmas\u0131 kitab\u0131 zevkli hale getirmi\u015f. \u015eirket y\u00f6neticisi olan herkesin bankalarla \u00e7al\u0131\u015fmas\u0131nda rehberlik edebilecek bir kitap. <\/p>\n","protected":false},"excerpt":{"rendered":"<p>Elma Yay\u0131nevi&#8217;nden yepyeni bir eser Finans Analiz ve Kredi \u0130\u015flemleri\u2026 Finans\u0131n ve bankac\u0131l\u0131\u011f\u0131n ba\u015fucu kitab\u0131. E\u011fer siz de i\u015f d\u00fcnyas\u0131n\u0131n i\u00e7indeyseniz ve parlak fikirlerinizin g\u00fcc\u00fcne inan\u0131yorsan\u0131z<span class=\"excerpt-hellip\"> [\u2026]<\/span><\/p>\n","protected":false},"featured_media":0,"template":"","meta":{"_monsterinsights_skip_tracking":false,"_monsterinsights_sitenote_active":false,"_monsterinsights_sitenote_note":"","_monsterinsights_sitenote_category":0},"product_brand":[],"product_cat":[17249,13043],"product_tag":[],"class_list":{"0":"post-706998","1":"product","2":"type-product","3":"status-publish","5":"product_cat-borsa-finans","6":"product_cat-ekonomi","7":"pa_cilt-ciltsiz","8":"pa_tur-kitap","9":"pa_yayinevi-elma-yayinevi","10":"pa_yazar-figen-karademir","12":"first","13":"instock","14":"sale","15":"shipping-taxable","16":"purchasable","17":"product-type-simple"},"_links":{"self":[{"href":"https:\/\/roveyayinevi.com.tr\/index.php\/wp-json\/wp\/v2\/product\/706998","targetHints":{"allow":["GET"]}}],"collection":[{"href":"https:\/\/roveyayinevi.com.tr\/index.php\/wp-json\/wp\/v2\/product"}],"about":[{"href":"https:\/\/roveyayinevi.com.tr\/index.php\/wp-json\/wp\/v2\/types\/product"}],"wp:attachment":[{"href":"https:\/\/roveyayinevi.com.tr\/index.php\/wp-json\/wp\/v2\/media?parent=706998"}],"wp:term":[{"taxonomy":"product_brand","embeddable":true,"href":"https:\/\/roveyayinevi.com.tr\/index.php\/wp-json\/wp\/v2\/product_brand?post=706998"},{"taxonomy":"product_cat","embeddable":true,"href":"https:\/\/roveyayinevi.com.tr\/index.php\/wp-json\/wp\/v2\/product_cat?post=706998"},{"taxonomy":"product_tag","embeddable":true,"href":"https:\/\/roveyayinevi.com.tr\/index.php\/wp-json\/wp\/v2\/product_tag?post=706998"}],"curies":[{"name":"wp","href":"https:\/\/api.w.org\/{rel}","templated":true}]}}