{"id":706996,"date":"2025-08-27T16:01:29","date_gmt":"2025-08-27T13:01:29","guid":{"rendered":"https:\/\/roveyayinevi.com.tr\/index.php\/urun\/bilmedigimiz-cin\/"},"modified":"2026-04-16T02:15:41","modified_gmt":"2026-04-15T23:15:41","slug":"bilmedigimiz-cin","status":"publish","type":"product","link":"https:\/\/roveyayinevi.com.tr\/index.php\/urun\/bilmedigimiz-cin\/","title":{"rendered":"Bilmedi\u011fimiz \u00c7in"},"content":{"rendered":"<p>Gazete haberlerinde ve TV programlar\u0131nda ad\u0131n\u0131 s\u0131k s\u0131k duymad\u0131\u011f\u0131m\u0131z \u00c7\u0130N; ekonomik, politik ve askeri y\u00f6nden du\u0308nyan\u0131n ikinci en bu\u0308yu\u0308k su\u0308per devletidir. Alt\u0131 bin y\u0131ll\u0131k ge\u00e7mi\u015fiyle, bir zamanlar du\u0308nyan\u0131n en ileri uygarl\u0131\u011f\u0131na sahip olan \u00c7\u0130N, on sekizinci yu\u0308zy\u0131ldan itibaren Avrupal\u0131 u\u0308lkelerinin, Japonya\u2019n\u0131n ve Rusya\u2019n\u0131n s\u00f6mu\u0308rgesi haline gelmi\u015f ve uygarl\u0131k yar\u0131\u015f\u0131nda geri kalm\u0131\u015ft\u0131r. Yirminci yu\u0308zy\u0131l\u0131n ba\u015f\u0131nda kurulan \u00c7in Cumhuriyeti Mao Zedung\u2019un liderli\u011fini yapt\u0131\u011f\u0131 devrim ile komu\u0308nist rejime ge\u00e7mi\u015ftir. Bir bu\u00e7uk milyardan fazla nu\u0308fusu ile Komu\u0308nist \u00c7in bugu\u0308n du\u0308nya ekonomisinin egemen gu\u0308\u00e7lerinden birisi olmu\u015ftur. \u00c7in du\u0308nya ihracat\u0131nda ilk s\u0131radad\u0131r. D\u00f6rt milyar dolara yakla\u015fan d\u00f6viz rezervi iledu\u0308nya finans piyasalar\u0131n\u0131n da en bu\u0308yu\u0308k oyuncusudur. Bu kitap, \u00c7\u0130N\u2019in su\u0308per bir gu\u0308ce d\u00f6nu\u0308\u015fu\u0308mu\u0308nu\u0308n \u00f6yku\u0308su\u0308du\u0308r.<\/p>\n","protected":false},"excerpt":{"rendered":"<p>Gazete haberlerinde ve TV programlar\u0131nda ad\u0131n\u0131 s\u0131k s\u0131k duymad\u0131\u011f\u0131m\u0131z \u00c7\u0130N; ekonomik, politik ve askeri y\u00f6nden du\u0308nyan\u0131n ikinci en bu\u0308yu\u0308k su\u0308per devletidir. Alt\u0131 bin y\u0131ll\u0131k ge\u00e7mi\u015fiyle, bir<span class=\"excerpt-hellip\"> [\u2026]<\/span><\/p>\n","protected":false},"featured_media":0,"template":"","meta":{"_monsterinsights_skip_tracking":false,"_monsterinsights_sitenote_active":false,"_monsterinsights_sitenote_note":"","_monsterinsights_sitenote_category":0},"product_brand":[],"product_cat":[20333,13043],"product_tag":[],"class_list":{"0":"post-706996","1":"product","2":"type-product","3":"status-publish","5":"product_cat-diger-ekonomi","6":"product_cat-ekonomi","7":"pa_cilt-ciltsiz","8":"pa_tur-kitap","9":"pa_yayinevi-efil-yayinevi","10":"pa_yazar-vural-fuat-savas","12":"first","13":"instock","14":"sale","15":"shipping-taxable","16":"purchasable","17":"product-type-simple"},"_links":{"self":[{"href":"https:\/\/roveyayinevi.com.tr\/index.php\/wp-json\/wp\/v2\/product\/706996","targetHints":{"allow":["GET"]}}],"collection":[{"href":"https:\/\/roveyayinevi.com.tr\/index.php\/wp-json\/wp\/v2\/product"}],"about":[{"href":"https:\/\/roveyayinevi.com.tr\/index.php\/wp-json\/wp\/v2\/types\/product"}],"wp:attachment":[{"href":"https:\/\/roveyayinevi.com.tr\/index.php\/wp-json\/wp\/v2\/media?parent=706996"}],"wp:term":[{"taxonomy":"product_brand","embeddable":true,"href":"https:\/\/roveyayinevi.com.tr\/index.php\/wp-json\/wp\/v2\/product_brand?post=706996"},{"taxonomy":"product_cat","embeddable":true,"href":"https:\/\/roveyayinevi.com.tr\/index.php\/wp-json\/wp\/v2\/product_cat?post=706996"},{"taxonomy":"product_tag","embeddable":true,"href":"https:\/\/roveyayinevi.com.tr\/index.php\/wp-json\/wp\/v2\/product_tag?post=706996"}],"curies":[{"name":"wp","href":"https:\/\/api.w.org\/{rel}","templated":true}]}}