{"id":706991,"date":"2025-08-27T16:01:27","date_gmt":"2025-08-27T13:01:27","guid":{"rendered":"https:\/\/roveyayinevi.com.tr\/index.php\/urun\/mekanik-ask\/"},"modified":"2026-04-16T02:15:41","modified_gmt":"2026-04-15T23:15:41","slug":"mekanik-ask","status":"publish","type":"product","link":"https:\/\/roveyayinevi.com.tr\/index.php\/urun\/mekanik-ask\/","title":{"rendered":"Mekanik A\u015fk"},"content":{"rendered":"<p>Bili\u015fim \u0130stihbarat Servisi\u2019nde macera h\u0131z kesmeden devam ediyor!Kemerlerinizi \u00e7\u0131karmad\u0131n\u0131z, de\u011fil mi?G\u00f6rd\u00fc\u011f\u00fc her g\u00fczele kur yapabilme yetene\u011fi olan, Bili\u015fim \u0130stihbarat Servisi\u2019nin cesur ve yak\u0131\u015f\u0131kl\u0131 ajan\u0131 Alex Cavendish, d\u00fcnya kad\u0131n pop\u00fclasyonu i\u00e7inde asla \u00f6pmemesi gereken tek kad\u0131n\u0131n dudaklar\u0131na dokunurken, geri d\u00f6n\u00fc\u015f\u00fc olmayan bir yola girdi\u011finin fark\u0131nda de\u011fildi.Julie Thompson, robotlar\u0131yla mutlu mesut ya\u015fayan, onlara nesli t\u00fckenmekte olan son panda yavrusu muamelesi yapan bir bilim insan\u0131yd\u0131. Fakat evrenin onunla ilgili farkl\u0131 planlar\u0131 vard\u0131. Hayat\u0131 boyunca nefret etti\u011fi adam\u0131n \u00e7ekimine kap\u0131l\u0131p bir yanarda\u011fa d\u00f6n\u00fc\u015fm\u00fc\u015f, bu da yetmezmi\u015f gibi bir anda ajan olup g\u00f6reve g\u00f6nderilmi\u015fti. \u00dcstelik de onunla\u2026Alex, aristokrasinin be\u015fi\u011fi olan \u0130ngiltere\u2019de skandal haberler, renkli al\u0131\u015fveri\u015f po\u015fetleri, i\u015fkence aletine d\u00f6n\u00fc\u015ft\u00fcr\u00fclm\u00fc\u015f rujlar ve katil olma potansiyelini ortaya \u00e7\u0131karan futbolcular\u0131n aras\u0131nda ak\u0131l sa\u011fl\u0131\u011f\u0131n\u0131 korumaya \u00e7al\u0131\u015f\u0131rken, bir yandan da -kendi de d\u00e2hil olmak \u00fczere- d\u00fcnya \u00e7ap\u0131nda bir\u00e7ok ajan\u0131n hayat\u0131n\u0131 kurtarmay\u0131 ama\u00e7layan g\u00f6revde ba\u015far\u0131l\u0131 olmak i\u00e7in, ge\u00e7mi\u015finden gelen \u015feytanlar\u0131yla sava\u015fmak zorunda kal\u0131r.\u0130ki inat\u00e7\u0131 y\u00fcre\u011fin ba\u015ftan \u00e7\u0131karma oyunlar\u0131yla s\u00fcslenen doludizgin a\u015fk\u0131na kahkahalarla e\u015flik ederken, tehlikeli maceralarla kalp at\u0131\u015flar\u0131n\u0131z y\u00fckselecek.Tavsiye: Kesinlikle sakin olmadan okuyun!\u00d6fke hi\u00e7 bu kadar ate\u015fli olmam\u0131\u015ft\u0131. Tutku hi\u00e7 bu kadar alev almam\u0131\u015ft\u0131. Ve a\u015fk\u2026 Belki de hi\u00e7 bu kadar e\u011flenmemi\u015fti bu iki delinin kalbine d\u00fc\u015fene dek.<\/p>\n","protected":false},"excerpt":{"rendered":"<p>Bili\u015fim \u0130stihbarat Servisi\u2019nde macera h\u0131z kesmeden devam ediyor!Kemerlerinizi \u00e7\u0131karmad\u0131n\u0131z, de\u011fil mi?G\u00f6rd\u00fc\u011f\u00fc her g\u00fczele kur yapabilme yetene\u011fi olan, Bili\u015fim \u0130stihbarat Servisi\u2019nin cesur ve yak\u0131\u015f\u0131kl\u0131 ajan\u0131 Alex Cavendish,<span class=\"excerpt-hellip\"> [\u2026]<\/span><\/p>\n","protected":false},"featured_media":0,"template":"","meta":{"_monsterinsights_skip_tracking":false,"_monsterinsights_sitenote_active":false,"_monsterinsights_sitenote_note":"","_monsterinsights_sitenote_category":0},"product_brand":[],"product_cat":[12291,12711],"product_tag":[],"class_list":{"0":"post-706991","1":"product","2":"type-product","3":"status-publish","5":"product_cat-edebiyat","6":"product_cat-roman-oyku","7":"pa_cilt-ciltli","8":"pa_tur-kitap","9":"pa_yayinevi-ephesus-yayinlari","10":"pa_yazar-zeliha-eren","12":"first","13":"instock","14":"sale","15":"shipping-taxable","16":"purchasable","17":"product-type-simple"},"_links":{"self":[{"href":"https:\/\/roveyayinevi.com.tr\/index.php\/wp-json\/wp\/v2\/product\/706991","targetHints":{"allow":["GET"]}}],"collection":[{"href":"https:\/\/roveyayinevi.com.tr\/index.php\/wp-json\/wp\/v2\/product"}],"about":[{"href":"https:\/\/roveyayinevi.com.tr\/index.php\/wp-json\/wp\/v2\/types\/product"}],"wp:attachment":[{"href":"https:\/\/roveyayinevi.com.tr\/index.php\/wp-json\/wp\/v2\/media?parent=706991"}],"wp:term":[{"taxonomy":"product_brand","embeddable":true,"href":"https:\/\/roveyayinevi.com.tr\/index.php\/wp-json\/wp\/v2\/product_brand?post=706991"},{"taxonomy":"product_cat","embeddable":true,"href":"https:\/\/roveyayinevi.com.tr\/index.php\/wp-json\/wp\/v2\/product_cat?post=706991"},{"taxonomy":"product_tag","embeddable":true,"href":"https:\/\/roveyayinevi.com.tr\/index.php\/wp-json\/wp\/v2\/product_tag?post=706991"}],"curies":[{"name":"wp","href":"https:\/\/api.w.org\/{rel}","templated":true}]}}