{"id":706988,"date":"2025-08-27T16:01:25","date_gmt":"2025-08-27T13:01:25","guid":{"rendered":"https:\/\/roveyayinevi.com.tr\/index.php\/urun\/kayip-kizlar-adasi-ciltli\/"},"modified":"2026-04-16T02:15:41","modified_gmt":"2026-04-15T23:15:41","slug":"kayip-kizlar-adasi-ciltli","status":"publish","type":"product","link":"https:\/\/roveyayinevi.com.tr\/index.php\/urun\/kayip-kizlar-adasi-ciltli\/","title":{"rendered":"Kay\u0131p K\u0131zlar Adas\u0131 (Ciltli)"},"content":{"rendered":"<p>Tav\u015fan\u0131n uzatt\u0131\u011f\u0131 patiyi k\u00fc\u00e7\u00fck eliyle tutan Ernie, annesinin arabas\u0131ndan inip alt\u0131n rengi Volkswagen\u2019e gitti ve hi\u00e7 kar\u015f\u0131 koymadan, teredd\u00fct etmeden yolcu koltu\u011funa oturdu. Y\u00fcz\u00fcndeki g\u00fcl\u00fcmseme bir an bile kaybolmam\u0131\u015ft\u0131.O g\u00fcn Rhonda Farr, Pike\u2019s Crossing kasabas\u0131nda hi\u00e7bir \u015feyin g\u00f6r\u00fcnd\u00fc\u011f\u00fc gibi olmad\u0131\u011f\u0131n\u0131 anlam\u0131\u015ft\u0131. Benzin istasyonunda \u00f6yle garip bir \u015fey g\u00f6rm\u00fc\u015ft\u00fc ki, bir su\u00e7un i\u015flenmesine tan\u0131kl\u0131k etti\u011fini ilk anda fark edememi\u015fti. Tav\u015fan kost\u00fcm\u00fc giymi\u015f birinin k\u00fc\u00e7\u00fck bir k\u0131z\u0131 ka\u00e7\u0131rmas\u0131n\u0131 izlemi\u015fti. Olaya m\u00fcdahale etmedi\u011fi i\u00e7in peri\u015fan olan Rhonda, soru\u015fturmaya yard\u0131mc\u0131 olmaya karar verdi. Fakat k\u0131z\u0131 ka\u00e7\u0131ran ki\u015fiyi bulmaya yakla\u015ft\u0131k\u00e7a, ba\u015fka bir kay\u0131p \u00e7ocukla, y\u0131llar \u00f6nce ortadan kaybolan en yak\u0131n arkada\u015f\u0131 Lizzy ile ilgili ger\u00e7eklere de ad\u0131m ad\u0131m yakla\u015ft\u0131\u011f\u0131n\u0131n fark\u0131nda de\u011fildi.&#8221;Y\u00fcrek par\u00e7alayan, unutulmayacak ve \u00fcrpertici bir ba\u015fyap\u0131t.&#8221;-Book Reporter&#8221;Unutulmu\u015f hat\u0131ralar, kirli aile s\u0131rlar\u0131 ve beklenmedik olaylar, hik\u00e2yeye karanl\u0131k ve unutulmaz bir tat kat\u0131yor.&#8221;- Kirkus&#8221;\u00c7ocuksu peri masallar\u0131 ve oyunlarla s\u00fcslenmi\u015f masumiyet ile gizemin birbirine kar\u0131\u015ft\u0131\u011f\u0131, fazlas\u0131yla merak uyand\u0131r\u0131c\u0131 bu roman\u0131n etkisinden uzun s\u00fcre \u00e7\u0131kamayacaks\u0131n\u0131z.&#8221;-Rundpinne&#8221;Kay\u0131p K\u0131zlar Adas\u0131&#8217;n\u0131n karakterleri ve hik\u00e2yesi ger\u00e7ekten sa\u011flam bir zemine oturtulmu\u015f, ancak sayfalar\u0131 \u00e7evirmekten korkman\u0131za neden olacak as\u0131l \u015fey b\u00fcy\u00fcleyici ve t\u00fcyler \u00fcrpertici gizem unsuru.&#8221;- In The Next Room<\/p>\n","protected":false},"excerpt":{"rendered":"<p>Tav\u015fan\u0131n uzatt\u0131\u011f\u0131 patiyi k\u00fc\u00e7\u00fck eliyle tutan Ernie, annesinin arabas\u0131ndan inip alt\u0131n rengi Volkswagen\u2019e gitti ve hi\u00e7 kar\u015f\u0131 koymadan, teredd\u00fct etmeden yolcu koltu\u011funa oturdu. Y\u00fcz\u00fcndeki g\u00fcl\u00fcmseme bir<span class=\"excerpt-hellip\"> [\u2026]<\/span><\/p>\n","protected":false},"featured_media":0,"template":"","meta":{"_monsterinsights_skip_tracking":false,"_monsterinsights_sitenote_active":false,"_monsterinsights_sitenote_note":"","_monsterinsights_sitenote_category":0},"product_brand":[],"product_cat":[12291,12711],"product_tag":[],"class_list":{"0":"post-706988","1":"product","2":"type-product","3":"status-publish","5":"product_cat-edebiyat","6":"product_cat-roman-oyku","7":"pa_cilt-ciltli","8":"pa_tur-kitap","9":"pa_yayinevi-ephesus-yayinlari","10":"pa_yazar-jennifer-mcmahon","12":"first","13":"instock","14":"sale","15":"shipping-taxable","16":"purchasable","17":"product-type-simple"},"_links":{"self":[{"href":"https:\/\/roveyayinevi.com.tr\/index.php\/wp-json\/wp\/v2\/product\/706988","targetHints":{"allow":["GET"]}}],"collection":[{"href":"https:\/\/roveyayinevi.com.tr\/index.php\/wp-json\/wp\/v2\/product"}],"about":[{"href":"https:\/\/roveyayinevi.com.tr\/index.php\/wp-json\/wp\/v2\/types\/product"}],"wp:attachment":[{"href":"https:\/\/roveyayinevi.com.tr\/index.php\/wp-json\/wp\/v2\/media?parent=706988"}],"wp:term":[{"taxonomy":"product_brand","embeddable":true,"href":"https:\/\/roveyayinevi.com.tr\/index.php\/wp-json\/wp\/v2\/product_brand?post=706988"},{"taxonomy":"product_cat","embeddable":true,"href":"https:\/\/roveyayinevi.com.tr\/index.php\/wp-json\/wp\/v2\/product_cat?post=706988"},{"taxonomy":"product_tag","embeddable":true,"href":"https:\/\/roveyayinevi.com.tr\/index.php\/wp-json\/wp\/v2\/product_tag?post=706988"}],"curies":[{"name":"wp","href":"https:\/\/api.w.org\/{rel}","templated":true}]}}