{"id":706980,"date":"2025-08-27T16:01:21","date_gmt":"2025-08-27T13:01:21","guid":{"rendered":"https:\/\/roveyayinevi.com.tr\/index.php\/urun\/isyankar-ciltli\/"},"modified":"2026-04-16T02:15:40","modified_gmt":"2026-04-15T23:15:40","slug":"isyankar-ciltli","status":"publish","type":"product","link":"https:\/\/roveyayinevi.com.tr\/index.php\/urun\/isyankar-ciltli\/","title":{"rendered":"\u0130syankar (Ciltli)"},"content":{"rendered":"<p>O, karde\u015fi i\u00e7in hayat\u0131n\u0131 tehlikeye atacak kadar cesurdu.O, hapsoldu\u011fu kafesin parmakl\u0131klar\u0131n\u0131 y\u0131kmaya \u00e7al\u0131\u015fan bir ku\u015ftu.O, sadece \u00f6zg\u00fcrl\u00fc\u011f\u00fc i\u00e7in sava\u015fan bir k\u00f6leydi.ve sonra o k\u00f6leden bir kral oldu.Edith Rosa Lofts, o g\u00fcn g\u00f6zlerini a\u00e7t\u0131\u011f\u0131nda her zaman oldu\u011fu gibi bir K\u00f6le\u2019ydi ve o s\u0131radan g\u00fcnlerden birinin onu bekledi\u011fini d\u00fc\u015f\u00fcn\u00fcyordu. Onun g\u00fcnl\u00fck rutini belliydi: Kalkacak, Elitler\u2019e hizmet edecek, eve d\u00f6necek, uyuyacak ve yeniden kalk\u0131p bu k\u0131s\u0131r d\u00f6ng\u00fc i\u00e7erisinde yuvarlanacakt\u0131.Peki, s\u0131radan maskelerin ard\u0131na s\u0131\u011f\u0131nm\u0131\u015f o g\u00fcnde, Edith\u2019in hayat\u0131n\u0131n b\u00fcsb\u00fct\u00fcn de\u011fi\u015fece\u011fini kim tahmin edebilirdi ki? Cevab\u0131n, Edith olmad\u0131\u011f\u0131 ku\u015fkusuzdu.Ba\u015f\u0131na yedi\u011fi bir mermi ile zihni tepetaklak olan Edith\u2019in, kendini \u00f6l\u00fc zannederken canl\u0131 bulmas\u0131; boyun e\u011fdi\u011fi d\u00fczeni parampar\u00e7a edecek ilk ad\u0131md\u0131. \u0130kinci ad\u0131msa, g\u00f6zlerini a\u00e7t\u0131\u011f\u0131 yerin ona bug\u00fcne dek ne denli k\u00f6r ve sa\u011f\u0131r, ger\u00e7eklerden uzak ya\u015fad\u0131\u011f\u0131n\u0131 g\u00f6steren bir nevi ayna oldu\u011fuydu. \u00dc\u00e7\u00fcnc\u00fcyse\u2026Edith\u2019in i\u00e7indeki isyankar ruhun g\u00f6zlerini a\u00e7\u0131\u015f\u0131yd\u0131.Az\u0131l\u0131 d\u00fc\u015fmanlarla, adaletsizlikle, kalbindeki kar\u015f\u0131l\u0131ks\u0131z a\u015fkla ve kendi de\u011ferleriyle \u00e7at\u0131\u015fan bir k\u0131z\u0131n hik\u00e2yesi olan \u0130syankar\u2019\u0131 bir solukta okuyacaks\u0131n\u0131z.<\/p>\n","protected":false},"excerpt":{"rendered":"<p>O, karde\u015fi i\u00e7in hayat\u0131n\u0131 tehlikeye atacak kadar cesurdu.O, hapsoldu\u011fu kafesin parmakl\u0131klar\u0131n\u0131 y\u0131kmaya \u00e7al\u0131\u015fan bir ku\u015ftu.O, sadece \u00f6zg\u00fcrl\u00fc\u011f\u00fc i\u00e7in sava\u015fan bir k\u00f6leydi.ve sonra o k\u00f6leden bir kral<span class=\"excerpt-hellip\"> [\u2026]<\/span><\/p>\n","protected":false},"featured_media":0,"template":"","meta":{"_monsterinsights_skip_tracking":false,"_monsterinsights_sitenote_active":false,"_monsterinsights_sitenote_note":"","_monsterinsights_sitenote_category":0},"product_brand":[],"product_cat":[12291,12711],"product_tag":[],"class_list":{"0":"post-706980","1":"product","2":"type-product","3":"status-publish","5":"product_cat-edebiyat","6":"product_cat-roman-oyku","7":"pa_cilt-ciltli","8":"pa_tur-kitap","9":"pa_yayinevi-ephesus-yayinlari","10":"pa_yazar-tolga-ra","12":"first","13":"instock","14":"sale","15":"shipping-taxable","16":"purchasable","17":"product-type-simple"},"_links":{"self":[{"href":"https:\/\/roveyayinevi.com.tr\/index.php\/wp-json\/wp\/v2\/product\/706980","targetHints":{"allow":["GET"]}}],"collection":[{"href":"https:\/\/roveyayinevi.com.tr\/index.php\/wp-json\/wp\/v2\/product"}],"about":[{"href":"https:\/\/roveyayinevi.com.tr\/index.php\/wp-json\/wp\/v2\/types\/product"}],"wp:attachment":[{"href":"https:\/\/roveyayinevi.com.tr\/index.php\/wp-json\/wp\/v2\/media?parent=706980"}],"wp:term":[{"taxonomy":"product_brand","embeddable":true,"href":"https:\/\/roveyayinevi.com.tr\/index.php\/wp-json\/wp\/v2\/product_brand?post=706980"},{"taxonomy":"product_cat","embeddable":true,"href":"https:\/\/roveyayinevi.com.tr\/index.php\/wp-json\/wp\/v2\/product_cat?post=706980"},{"taxonomy":"product_tag","embeddable":true,"href":"https:\/\/roveyayinevi.com.tr\/index.php\/wp-json\/wp\/v2\/product_tag?post=706980"}],"curies":[{"name":"wp","href":"https:\/\/api.w.org\/{rel}","templated":true}]}}