{"id":706978,"date":"2025-08-27T16:01:21","date_gmt":"2025-08-27T13:01:21","guid":{"rendered":"https:\/\/roveyayinevi.com.tr\/index.php\/urun\/buyuk-veri-denizi\/"},"modified":"2026-04-16T02:15:40","modified_gmt":"2026-04-15T23:15:40","slug":"buyuk-veri-denizi","status":"publish","type":"product","link":"https:\/\/roveyayinevi.com.tr\/index.php\/urun\/buyuk-veri-denizi\/","title":{"rendered":"B\u00fcy\u00fck Veri Denizi"},"content":{"rendered":"<p>Hayat\u0131m\u0131za b\u00f6ylesine etki eden b\u00fcy\u00fck veri kavram\u0131n\u0131 \u00f6\u011frenmek mi istiyorsunuz? O zaman bu kitap tam size g\u00f6re! Ya\u015fam\u0131m\u0131z\u0131n her noktas\u0131nda \u00fcretti\u011fimiz b\u00fcy\u00fck verinin nas\u0131l analiz edildi\u011fini ve y\u00f6netildi\u011fini, \u00f6rnekleri ve yar\u0131nki rol\u00fc ile birlikte bulacaks\u0131n\u0131z. Gelece\u011fin en \u00f6nemli mesleklerinden veri uzmanl\u0131\u011f\u0131 nedir ve veri uzman\u0131 kimdir sorular\u0131na da yan\u0131t alacaks\u0131n\u0131z. B\u00fcy\u00fck veri g\u00f6zlerimizin g\u00f6rd\u00fc\u011f\u00fc her yerdedir. \u00dcretti\u011fimiz veriler nehir, akt\u0131\u011f\u0131 deniz ise b\u00fcy\u00fck veridir. Bindi\u011fimiz u\u00e7akta, u\u011frad\u0131\u011f\u0131m\u0131z bankada, kulland\u0131\u011f\u0131m\u0131z arabada, genlerimizin ara\u015ft\u0131r\u0131lmas\u0131nda ve hastal\u0131klar\u0131n tedavisinde, k\u0131saca att\u0131\u011f\u0131m\u0131z her ad\u0131mda ve atan her nab\u0131zda bulunmaktad\u0131r. \u00d6mr\u00fcm\u00fczden ge\u00e7en her saniye veri \u00fcretilmektedir. Bu kadar yo\u011fun veriye nas\u0131l h\u00fckmedebilir ve kendimiz i\u00e7in anlaml\u0131 bilgileri nas\u0131l elde edebiliriz? \u0130\u015fte arad\u0131\u011f\u0131n\u0131z t\u00fcm cevaplar bu kitapta, keyifle okuman\u0131z dile\u011fiyle&#8230; <\/p>\n","protected":false},"excerpt":{"rendered":"<p>Hayat\u0131m\u0131za b\u00f6ylesine etki eden b\u00fcy\u00fck veri kavram\u0131n\u0131 \u00f6\u011frenmek mi istiyorsunuz? O zaman bu kitap tam size g\u00f6re! Ya\u015fam\u0131m\u0131z\u0131n her noktas\u0131nda \u00fcretti\u011fimiz b\u00fcy\u00fck verinin nas\u0131l analiz edildi\u011fini<span class=\"excerpt-hellip\"> [\u2026]<\/span><\/p>\n","protected":false},"featured_media":0,"template":"","meta":{"_monsterinsights_skip_tracking":false,"_monsterinsights_sitenote_active":false,"_monsterinsights_sitenote_note":"","_monsterinsights_sitenote_category":0},"product_brand":[],"product_cat":[13043,17647],"product_tag":[],"class_list":{"0":"post-706978","1":"product","2":"type-product","3":"status-publish","5":"product_cat-ekonomi","6":"product_cat-is-dunyasi","7":"pa_cilt-ciltsiz","8":"pa_tur-kitap","9":"pa_yayinevi-elma-yayinevi","10":"pa_yazar-ogan-ozdogan","12":"first","13":"instock","14":"sale","15":"shipping-taxable","16":"purchasable","17":"product-type-simple"},"_links":{"self":[{"href":"https:\/\/roveyayinevi.com.tr\/index.php\/wp-json\/wp\/v2\/product\/706978","targetHints":{"allow":["GET"]}}],"collection":[{"href":"https:\/\/roveyayinevi.com.tr\/index.php\/wp-json\/wp\/v2\/product"}],"about":[{"href":"https:\/\/roveyayinevi.com.tr\/index.php\/wp-json\/wp\/v2\/types\/product"}],"wp:attachment":[{"href":"https:\/\/roveyayinevi.com.tr\/index.php\/wp-json\/wp\/v2\/media?parent=706978"}],"wp:term":[{"taxonomy":"product_brand","embeddable":true,"href":"https:\/\/roveyayinevi.com.tr\/index.php\/wp-json\/wp\/v2\/product_brand?post=706978"},{"taxonomy":"product_cat","embeddable":true,"href":"https:\/\/roveyayinevi.com.tr\/index.php\/wp-json\/wp\/v2\/product_cat?post=706978"},{"taxonomy":"product_tag","embeddable":true,"href":"https:\/\/roveyayinevi.com.tr\/index.php\/wp-json\/wp\/v2\/product_tag?post=706978"}],"curies":[{"name":"wp","href":"https:\/\/api.w.org\/{rel}","templated":true}]}}