{"id":706977,"date":"2025-08-27T16:01:20","date_gmt":"2025-08-27T13:01:20","guid":{"rendered":"https:\/\/roveyayinevi.com.tr\/index.php\/urun\/kusursuz-oyun\/"},"modified":"2026-04-16T02:15:40","modified_gmt":"2026-04-15T23:15:40","slug":"kusursuz-oyun","status":"publish","type":"product","link":"https:\/\/roveyayinevi.com.tr\/index.php\/urun\/kusursuz-oyun\/","title":{"rendered":"Kusursuz Oyun"},"content":{"rendered":"<p>Bazen hayat g\u00fczelle\u015fmeden \u00f6nce \u00e7irkinle\u015febilir&#8230;\u00dcniversite \u00f6\u011frencisi Cassie Andrews, okul beysbol tak\u0131m\u0131n\u0131n y\u0131ld\u0131z\u0131 Jack Carter ile tan\u0131\u015ft\u0131\u011f\u0131nda onun ukala tav\u0131rlar\u0131nda ka\u00e7\u0131nmakta son derece kararl\u0131d\u0131r. Ancak Jack&#8217;in akl\u0131nda ba\u015fka planlar vard\u0131r&#8230; Cassie&#8217;nin ilgisini \u00e7ekmek gibi. A\u015fk ve affetme hakk\u0131ndaki bu duygusal yolculu\u011fa \u00e7\u0131k\u0131p birbirlerini (ve kendilerini) bulmadan \u00f6nce her ikisi de yaral\u0131, g\u00fcvensizlikle dolu ve tedbirlidir. Peki sevgi b\u00fct\u00fcn engelleri a\u015fabilecek midir?Sizi darmada\u011f\u0131n etmekle kalmayacak, ayn\u0131 zamanda tamamlayacak bir maceraya haz\u0131rlan\u0131n!(Tan\u0131t\u0131m B\u00fclteninden) <\/p>\n","protected":false},"excerpt":{"rendered":"<p>Bazen hayat g\u00fczelle\u015fmeden \u00f6nce \u00e7irkinle\u015febilir&#8230;\u00dcniversite \u00f6\u011frencisi Cassie Andrews, okul beysbol tak\u0131m\u0131n\u0131n y\u0131ld\u0131z\u0131 Jack Carter ile tan\u0131\u015ft\u0131\u011f\u0131nda onun ukala tav\u0131rlar\u0131nda ka\u00e7\u0131nmakta son derece kararl\u0131d\u0131r. Ancak Jack&#8217;in akl\u0131nda<span class=\"excerpt-hellip\"> [\u2026]<\/span><\/p>\n","protected":false},"featured_media":0,"template":"","meta":{"_monsterinsights_skip_tracking":false,"_monsterinsights_sitenote_active":false,"_monsterinsights_sitenote_note":"","_monsterinsights_sitenote_category":0},"product_brand":[],"product_cat":[12291,12711],"product_tag":[],"class_list":{"0":"post-706977","1":"product","2":"type-product","3":"status-publish","5":"product_cat-edebiyat","6":"product_cat-roman-oyku","7":"pa_cilt-ciltsiz","8":"pa_tur-kitap","9":"pa_yayinevi-epsilon-yayinlari","10":"pa_yazar-j-sterling","12":"first","13":"instock","14":"sale","15":"shipping-taxable","16":"purchasable","17":"product-type-simple"},"_links":{"self":[{"href":"https:\/\/roveyayinevi.com.tr\/index.php\/wp-json\/wp\/v2\/product\/706977","targetHints":{"allow":["GET"]}}],"collection":[{"href":"https:\/\/roveyayinevi.com.tr\/index.php\/wp-json\/wp\/v2\/product"}],"about":[{"href":"https:\/\/roveyayinevi.com.tr\/index.php\/wp-json\/wp\/v2\/types\/product"}],"wp:attachment":[{"href":"https:\/\/roveyayinevi.com.tr\/index.php\/wp-json\/wp\/v2\/media?parent=706977"}],"wp:term":[{"taxonomy":"product_brand","embeddable":true,"href":"https:\/\/roveyayinevi.com.tr\/index.php\/wp-json\/wp\/v2\/product_brand?post=706977"},{"taxonomy":"product_cat","embeddable":true,"href":"https:\/\/roveyayinevi.com.tr\/index.php\/wp-json\/wp\/v2\/product_cat?post=706977"},{"taxonomy":"product_tag","embeddable":true,"href":"https:\/\/roveyayinevi.com.tr\/index.php\/wp-json\/wp\/v2\/product_tag?post=706977"}],"curies":[{"name":"wp","href":"https:\/\/api.w.org\/{rel}","templated":true}]}}