{"id":706976,"date":"2025-08-27T16:01:20","date_gmt":"2025-08-27T13:01:20","guid":{"rendered":"https:\/\/roveyayinevi.com.tr\/index.php\/urun\/kisiliginiz-itibarinizdir\/"},"modified":"2026-04-12T02:18:48","modified_gmt":"2026-04-11T23:18:48","slug":"kisiliginiz-itibarinizdir","status":"publish","type":"product","link":"https:\/\/roveyayinevi.com.tr\/index.php\/urun\/kisiliginiz-itibarinizdir\/","title":{"rendered":"Ki\u015fili\u011finiz \u0130tibar\u0131n\u0131zd\u0131r"},"content":{"rendered":"<p>a\u015far\u0131n\u0131n her zaman g\u00f6z kama\u015ft\u0131r\u0131c\u0131 bir taraf\u0131 olmu\u015ftur ve her insan ba\u015farmak ister. Peki, ba\u015far\u0131 nedir? Kimine g\u00f6re \u00e7ok para edinmek ya da iktidar sahibi olmak, ba\u015far\u0131d\u0131r. \u0130nsanl\u0131k tarihi, para ya da g\u00fc\u00e7 sahibi olman\u0131n her \u015fey demek olmad\u0131\u011f\u0131n\u0131n kan\u0131t\u0131d\u0131r. Silah tacirlerinin \u00e7ok para kazand\u0131klar\u0131n\u0131 biliyoruz. Hitler&#8217;in sars\u0131lmaz g\u00f6r\u00fcnen bir iktidar\u0131 oldu\u011funu da\u2026 Peki, itibarlar\u0131 var m\u0131? Suriyeli Publilius, &#8220;\u0130tibar paradan daha de\u011ferlidir&#8221; diyor.  Demek ki ba\u015far\u0131, itibar ile ta\u00e7land\u0131r\u0131l\u0131rsa bir anlam\u0131 vard\u0131r\u2026 Ba\u015far\u0131larla ta\u00e7land\u0131r\u0131lm\u0131\u015f bir itibar\u0131 ve daha bir\u00e7ok \u00e7arp\u0131c\u0131 detay\u0131, ya\u015fanm\u0131\u015f, ger\u00e7ek \u00f6yk\u00fcler e\u015fli\u011finde \u00f6\u011frenmek istiyorsan\u0131z bu kitap tam sizin i\u00e7in&#8230; <\/p>\n","protected":false},"excerpt":{"rendered":"<p>a\u015far\u0131n\u0131n her zaman g\u00f6z kama\u015ft\u0131r\u0131c\u0131 bir taraf\u0131 olmu\u015ftur ve her insan ba\u015farmak ister. Peki, ba\u015far\u0131 nedir? Kimine g\u00f6re \u00e7ok para edinmek ya da iktidar sahibi olmak,<span class=\"excerpt-hellip\"> [\u2026]<\/span><\/p>\n","protected":false},"featured_media":0,"template":"","meta":{"_monsterinsights_skip_tracking":false,"_monsterinsights_sitenote_active":false,"_monsterinsights_sitenote_note":"","_monsterinsights_sitenote_category":0},"product_brand":[],"product_cat":[12364,12376],"product_tag":[],"class_list":{"0":"post-706976","1":"product","2":"type-product","3":"status-publish","5":"product_cat-genel-konular","6":"product_cat-kisisel-gelisim","7":"pa_cilt-ciltsiz","8":"pa_tur-kitap","9":"pa_yayinevi-elma-yayinevi","10":"pa_yazar-yuksel-isik","12":"first","13":"instock","14":"sale","15":"shipping-taxable","16":"purchasable","17":"product-type-simple"},"_links":{"self":[{"href":"https:\/\/roveyayinevi.com.tr\/index.php\/wp-json\/wp\/v2\/product\/706976","targetHints":{"allow":["GET"]}}],"collection":[{"href":"https:\/\/roveyayinevi.com.tr\/index.php\/wp-json\/wp\/v2\/product"}],"about":[{"href":"https:\/\/roveyayinevi.com.tr\/index.php\/wp-json\/wp\/v2\/types\/product"}],"wp:attachment":[{"href":"https:\/\/roveyayinevi.com.tr\/index.php\/wp-json\/wp\/v2\/media?parent=706976"}],"wp:term":[{"taxonomy":"product_brand","embeddable":true,"href":"https:\/\/roveyayinevi.com.tr\/index.php\/wp-json\/wp\/v2\/product_brand?post=706976"},{"taxonomy":"product_cat","embeddable":true,"href":"https:\/\/roveyayinevi.com.tr\/index.php\/wp-json\/wp\/v2\/product_cat?post=706976"},{"taxonomy":"product_tag","embeddable":true,"href":"https:\/\/roveyayinevi.com.tr\/index.php\/wp-json\/wp\/v2\/product_tag?post=706976"}],"curies":[{"name":"wp","href":"https:\/\/api.w.org\/{rel}","templated":true}]}}