{"id":706975,"date":"2025-08-27T16:01:19","date_gmt":"2025-08-27T13:01:19","guid":{"rendered":"https:\/\/roveyayinevi.com.tr\/index.php\/urun\/kis-masali-2\/"},"modified":"2026-04-16T02:15:40","modified_gmt":"2026-04-15T23:15:40","slug":"kis-masali-2","status":"publish","type":"product","link":"https:\/\/roveyayinevi.com.tr\/index.php\/urun\/kis-masali-2\/","title":{"rendered":"K\u0131\u015f Masal\u0131 2"},"content":{"rendered":"<p>&#8220;Ben, vaktinden \u00f6nce bu?yu?du?m. \u00c7ocukluk elbisemi, kara bir haberle ast\u0131m dolaba ve kap\u0131lar\u0131n\u0131 s\u0131k\u0131ca kapad\u0131m. S\u0131cac\u0131k ailem o kazayla da\u011f\u0131ld\u0131\u011f\u0131nda, \u00f6\u011frendim bu?yu?meyi ac\u0131ya ac\u0131ya. \u00dczerime \u00e7ok\u00e7a bu?yu?k geldi yeni elbisem ama giydim istemesem de. Bu?yu?mek zorunda kald\u0131m&#8230;. Ku?stu? bana i\u00e7imdeki \u00e7ocuk, sustu o zamandan sonra. Ama \u015fimdi, bunca zaman sonra onun gu?lu?msemesini hissediyorum. Yava\u015f yava\u015f kendine geli\u015fini, yeniden mutlu olu\u015funu ve ko\u015fu\u015fturmas\u0131n\u0131 hissediyorum i\u00e7imde bir yerlerde\u2026&#8221; Bu kitapta inan\u0131lmaz \u015feylere \u015fahit olmayacaks\u0131n\u0131z. Bu?yu?lenece\u011finiz tek \u015fey sevginin gu?cu? olacak. Okudu\u011funuzda, kendinizi i\u00e7inde bulacaks\u0131n\u0131z bu du?nyan\u0131n. Bir par\u00e7as\u0131 olacaks\u0131n\u0131z. Kap\u0131n\u0131z \u00e7ald\u0131\u011f\u0131nda, onlardan birinin geldi\u011fini zannederken bulacaks\u0131n\u0131z kendinizi. Bir kahve aras\u0131 verdi\u011finizde, onlar\u0131n sohbetleri e\u015flik etsin isteyeceksiniz. Daha \u00e7ok anlayacak, daha \u00e7ok gu?veneceksiniz. Birine s\u0131rt\u0131n\u0131 d\u00f6nmek yerine, onun elini tuttu\u011funuzda nelerin de\u011fi\u015fti\u011fine \u015fahit olacaks\u0131n\u0131z. Arad\u0131\u011f\u0131n\u0131z mucizeyse, size mucizenin en gu?zelini sunuyorum. Bir dokunu\u015fla ya\u015fanan mucizeler ve de\u011fi\u015fen renkler\u2026 Kalbiniz \u0131s\u0131nacak, seveceksiniz hepsini, inan\u0131n. Hadi gelin, tan\u0131\u015fal\u0131m. (Tan\u0131t\u0131m B\u00fclteninden) \ufffcTan\u0131t\u0131m Metni<\/p>\n","protected":false},"excerpt":{"rendered":"<p>&#8220;Ben, vaktinden \u00f6nce bu?yu?du?m. \u00c7ocukluk elbisemi, kara bir haberle ast\u0131m dolaba ve kap\u0131lar\u0131n\u0131 s\u0131k\u0131ca kapad\u0131m. S\u0131cac\u0131k ailem o kazayla da\u011f\u0131ld\u0131\u011f\u0131nda, \u00f6\u011frendim bu?yu?meyi ac\u0131ya ac\u0131ya. \u00dczerime \u00e7ok\u00e7a<span class=\"excerpt-hellip\"> [\u2026]<\/span><\/p>\n","protected":false},"featured_media":0,"template":"","meta":{"_monsterinsights_skip_tracking":false,"_monsterinsights_sitenote_active":false,"_monsterinsights_sitenote_note":"","_monsterinsights_sitenote_category":0},"product_brand":[],"product_cat":[12291,12711],"product_tag":[],"class_list":{"0":"post-706975","1":"product","2":"type-product","3":"status-publish","5":"product_cat-edebiyat","6":"product_cat-roman-oyku","7":"pa_cilt-ciltsiz","8":"pa_tur-kitap","9":"pa_yayinevi-epsilon-yayinlari","10":"pa_yazar-esra-barin","12":"first","13":"instock","14":"sale","15":"shipping-taxable","16":"purchasable","17":"product-type-simple"},"_links":{"self":[{"href":"https:\/\/roveyayinevi.com.tr\/index.php\/wp-json\/wp\/v2\/product\/706975","targetHints":{"allow":["GET"]}}],"collection":[{"href":"https:\/\/roveyayinevi.com.tr\/index.php\/wp-json\/wp\/v2\/product"}],"about":[{"href":"https:\/\/roveyayinevi.com.tr\/index.php\/wp-json\/wp\/v2\/types\/product"}],"wp:attachment":[{"href":"https:\/\/roveyayinevi.com.tr\/index.php\/wp-json\/wp\/v2\/media?parent=706975"}],"wp:term":[{"taxonomy":"product_brand","embeddable":true,"href":"https:\/\/roveyayinevi.com.tr\/index.php\/wp-json\/wp\/v2\/product_brand?post=706975"},{"taxonomy":"product_cat","embeddable":true,"href":"https:\/\/roveyayinevi.com.tr\/index.php\/wp-json\/wp\/v2\/product_cat?post=706975"},{"taxonomy":"product_tag","embeddable":true,"href":"https:\/\/roveyayinevi.com.tr\/index.php\/wp-json\/wp\/v2\/product_tag?post=706975"}],"curies":[{"name":"wp","href":"https:\/\/api.w.org\/{rel}","templated":true}]}}