{"id":706974,"date":"2025-08-27T16:01:19","date_gmt":"2025-08-27T13:01:19","guid":{"rendered":"https:\/\/roveyayinevi.com.tr\/index.php\/urun\/ilerde-hep-yalniz\/"},"modified":"2026-04-16T02:15:40","modified_gmt":"2026-04-15T23:15:40","slug":"ilerde-hep-yalniz","status":"publish","type":"product","link":"https:\/\/roveyayinevi.com.tr\/index.php\/urun\/ilerde-hep-yalniz\/","title":{"rendered":"\u0130lerde Hep Yaln\u0131z"},"content":{"rendered":"<p>C\u0131l\u0131z bir umudun pe\u015fine tak\u0131l\u0131p yola \u00e7\u0131kan ve sonunda kendine varan d\u00f6rt arkada\u015f\u0131n roman\u0131 \u0130lerde Hep Yaln\u0131z&#8230; Yol uzay\u0131p \u00e7atallan\u0131rken ortak ama\u00e7lar\u0131ndan yava\u015f yava\u015f uzakla\u015fan d\u00f6rt karakter, varolu\u015f sanc\u0131s\u0131yla kendi i\u00e7ine konu\u015fan birer dilsize d\u00f6n\u00fc\u015fecek, g\u00fcn\u00fcn sonunda ne yolun ne de yolculu\u011fun \u00f6nemi kalacakt\u0131r. Sonras\u0131&#8230; Sonras\u0131 tufan! Yediler Teknesi ile Vedat T\u00fcrkali Edebiyat \u00d6d\u00fclleri-J\u00fcri \u00d6zel \u00d6d\u00fcl\u00fc\u2019n\u00fcn sahibi olan Abdullah Aren \u00c7elik, ilk roman\u0131 \u0130lerde Hep Yaln\u0131z\u2019da, ya\u015fam\u0131n kenar\u0131nda tek ba\u015f\u0131na duran ve umudun ard\u0131ndan ko\u015farken soluksuz kalan insanlar\u0131 anlat\u0131yor. Kendisiyle konu\u015fan, kendisiyle susan, kendisiyle a\u011flay\u0131p kendisiyle sevinen insanlara dair bir yol hik\u00e2yesi&#8230; \u201cBazen her \u015feye g\u00fcc\u00fc yeten biriyken, bazen de parma\u011f\u0131n\u0131 yerinden oynatamayacak kadar bi\u00e7are hissediyordu kendini&#8230; Ayr\u0131l\u0131k ac\u0131s\u0131n\u0131n bu kadar uzun s\u00fcrece\u011fini bilseydi hayat\u0131 boyunca bir kez bile \u00e2\u015f\u0131k olmay\u0131 dilemezdi. Ziyadesiyle inan\u00e7l\u0131 bir m\u00fcmin gibi inzivaya \u00e7ekilir, d\u00fcnya nimetlerine tamah eden i\u00e7indeki canavar\u0131 \u00f6ld\u00fcr\u00fcr, kendini ba\u015fka t\u00fcrl\u00fc bir d\u00fcnyan\u0131n ger\u00e7ekli\u011fine vakfederdi.\u201d<\/p>\n","protected":false},"excerpt":{"rendered":"<p>C\u0131l\u0131z bir umudun pe\u015fine tak\u0131l\u0131p yola \u00e7\u0131kan ve sonunda kendine varan d\u00f6rt arkada\u015f\u0131n roman\u0131 \u0130lerde Hep Yaln\u0131z&#8230; Yol uzay\u0131p \u00e7atallan\u0131rken ortak ama\u00e7lar\u0131ndan yava\u015f yava\u015f uzakla\u015fan d\u00f6rt<span class=\"excerpt-hellip\"> [\u2026]<\/span><\/p>\n","protected":false},"featured_media":0,"template":"","meta":{"_monsterinsights_skip_tracking":false,"_monsterinsights_sitenote_active":false,"_monsterinsights_sitenote_note":"","_monsterinsights_sitenote_category":0},"product_brand":[],"product_cat":[12291,12711],"product_tag":[],"class_list":{"0":"post-706974","1":"product","2":"type-product","3":"status-publish","5":"product_cat-edebiyat","6":"product_cat-roman-oyku","7":"pa_cilt-ciltsiz","8":"pa_tur-kitap","9":"pa_yayinevi-everest-yayinlari","10":"pa_yazar-abdullah-aren-celik","12":"first","13":"instock","14":"sale","15":"shipping-taxable","16":"purchasable","17":"product-type-simple"},"_links":{"self":[{"href":"https:\/\/roveyayinevi.com.tr\/index.php\/wp-json\/wp\/v2\/product\/706974","targetHints":{"allow":["GET"]}}],"collection":[{"href":"https:\/\/roveyayinevi.com.tr\/index.php\/wp-json\/wp\/v2\/product"}],"about":[{"href":"https:\/\/roveyayinevi.com.tr\/index.php\/wp-json\/wp\/v2\/types\/product"}],"wp:attachment":[{"href":"https:\/\/roveyayinevi.com.tr\/index.php\/wp-json\/wp\/v2\/media?parent=706974"}],"wp:term":[{"taxonomy":"product_brand","embeddable":true,"href":"https:\/\/roveyayinevi.com.tr\/index.php\/wp-json\/wp\/v2\/product_brand?post=706974"},{"taxonomy":"product_cat","embeddable":true,"href":"https:\/\/roveyayinevi.com.tr\/index.php\/wp-json\/wp\/v2\/product_cat?post=706974"},{"taxonomy":"product_tag","embeddable":true,"href":"https:\/\/roveyayinevi.com.tr\/index.php\/wp-json\/wp\/v2\/product_tag?post=706974"}],"curies":[{"name":"wp","href":"https:\/\/api.w.org\/{rel}","templated":true}]}}