{"id":706972,"date":"2025-08-27T16:01:18","date_gmt":"2025-08-27T13:01:18","guid":{"rendered":"https:\/\/roveyayinevi.com.tr\/index.php\/urun\/esaret-parmagi\/"},"modified":"2026-04-16T02:15:40","modified_gmt":"2026-04-15T23:15:40","slug":"esaret-parmagi","status":"publish","type":"product","link":"https:\/\/roveyayinevi.com.tr\/index.php\/urun\/esaret-parmagi\/","title":{"rendered":"Esaret Parma\u011f\u0131"},"content":{"rendered":"<p>Dedikodular\u0131n \u00e7abuk yay\u0131ld\u0131\u011f\u0131 k\u00fc\u00e7\u00fck bir mahallede ya\u015fayan Ya\u011fmur, di\u011fer t\u00fcm k\u0131zlar gibi evlilik kurban\u0131 olmu\u015ftu&#8230; Geri kalm\u0131\u015f zihinlerin bar\u0131nd\u0131\u011f\u0131 ve bask\u0131c\u0131 bir zihniyetin var oldu\u011fu mahallede, tek iste\u011fi hemcinsleri gibi evlilik kurban\u0131 olmay\u0131p, hedefledi\u011fi yerlere gelebilmekti. En b\u00fcy\u00fck arzusu okumak olan Ya\u011fmur, bir g\u00fcn bu mahalleden kurtulaca\u011f\u0131n\u0131 \u00fcmit ederken, i\u00e7inde bast\u0131rd\u0131\u011f\u0131 duygunun d\u0131\u015far\u0131dan fark edilmesi ile evlili\u011fe ad\u0131m atmak zorunda kalm\u0131\u015ft\u0131. Ama sorun bu de\u011fildi, evlenece\u011fi ki\u015finin kim oldu\u011funu \u00f6\u011frendi\u011finde ya\u015fad\u0131\u011f\u0131 \u015fok ve utan\u00e7 ona tam anlam\u0131yla s\u00fcrpriz olacakt\u0131.Ya\u011fmur hedeflerine ula\u015fabilecek miydi? Bu evlilik onun hayat\u0131nda neleri de\u011fi\u015ftirecekti? K\u00fc\u00e7\u00fck bir dedikodu alt\u0131n y\u00fcz\u00fckle esir alm\u0131\u015ft\u0131 parma\u011f\u0131n\u0131&#8230;Tutkulu ve bast\u0131r\u0131lm\u0131\u015f duygular\u0131n, an\u0131lar\u0131n i\u00e7inde sakland\u0131\u011f\u0131 bir a\u015fk hik\u00e2yesi sizi bekliyor <\/p>\n","protected":false},"excerpt":{"rendered":"<p>Dedikodular\u0131n \u00e7abuk yay\u0131ld\u0131\u011f\u0131 k\u00fc\u00e7\u00fck bir mahallede ya\u015fayan Ya\u011fmur, di\u011fer t\u00fcm k\u0131zlar gibi evlilik kurban\u0131 olmu\u015ftu&#8230; Geri kalm\u0131\u015f zihinlerin bar\u0131nd\u0131\u011f\u0131 ve bask\u0131c\u0131 bir zihniyetin var oldu\u011fu mahallede,<span class=\"excerpt-hellip\"> [\u2026]<\/span><\/p>\n","protected":false},"featured_media":0,"template":"","meta":{"_monsterinsights_skip_tracking":false,"_monsterinsights_sitenote_active":false,"_monsterinsights_sitenote_note":"","_monsterinsights_sitenote_category":0},"product_brand":[],"product_cat":[12291,12711],"product_tag":[],"class_list":{"0":"post-706972","1":"product","2":"type-product","3":"status-publish","5":"product_cat-edebiyat","6":"product_cat-roman-oyku","7":"pa_cilt-ciltsiz","8":"pa_tur-kitap","9":"pa_yayinevi-epsilon-yayinlari","10":"pa_yazar-dilan-sahin","12":"first","13":"instock","14":"sale","15":"shipping-taxable","16":"purchasable","17":"product-type-simple"},"_links":{"self":[{"href":"https:\/\/roveyayinevi.com.tr\/index.php\/wp-json\/wp\/v2\/product\/706972","targetHints":{"allow":["GET"]}}],"collection":[{"href":"https:\/\/roveyayinevi.com.tr\/index.php\/wp-json\/wp\/v2\/product"}],"about":[{"href":"https:\/\/roveyayinevi.com.tr\/index.php\/wp-json\/wp\/v2\/types\/product"}],"wp:attachment":[{"href":"https:\/\/roveyayinevi.com.tr\/index.php\/wp-json\/wp\/v2\/media?parent=706972"}],"wp:term":[{"taxonomy":"product_brand","embeddable":true,"href":"https:\/\/roveyayinevi.com.tr\/index.php\/wp-json\/wp\/v2\/product_brand?post=706972"},{"taxonomy":"product_cat","embeddable":true,"href":"https:\/\/roveyayinevi.com.tr\/index.php\/wp-json\/wp\/v2\/product_cat?post=706972"},{"taxonomy":"product_tag","embeddable":true,"href":"https:\/\/roveyayinevi.com.tr\/index.php\/wp-json\/wp\/v2\/product_tag?post=706972"}],"curies":[{"name":"wp","href":"https:\/\/api.w.org\/{rel}","templated":true}]}}