{"id":706970,"date":"2025-08-27T16:01:17","date_gmt":"2025-08-27T13:01:17","guid":{"rendered":"https:\/\/roveyayinevi.com.tr\/index.php\/urun\/kose-bucak-safranbolu\/"},"modified":"2026-04-16T02:15:40","modified_gmt":"2026-04-15T23:15:40","slug":"kose-bucak-safranbolu","status":"publish","type":"product","link":"https:\/\/roveyayinevi.com.tr\/index.php\/urun\/kose-bucak-safranbolu\/","title":{"rendered":"K\u00f6\u015fe Bucak Safranbolu"},"content":{"rendered":"<p>\u00c7ocuklar\u0131n muzip yol arkada\u015f\u0131 Pelin G\u00fcne\u015f, harika bir g\u00f6zlemcidir. Yazma i\u015fine bir oyun oynar gibi ciddiyetle yakla\u015f\u0131r, amac\u0131 okurlar\u0131n\u0131 g\u00fcl\u00fcmsetmek, k\u0131k\u0131rdamalar\u0131na yard\u0131mc\u0131 olmakt\u0131r. Keyifle, kahkahayla donat\u0131r elinin de\u011fdi\u011fi sat\u0131rlar\u0131. Biz \u015fimdi onunla kol kola girdik, sizi bekliyoruz. Haz\u0131rsan\u0131z K\u00fclt\u00fcrel Miras Serisi, d\u00f6rd\u00fcnc\u00fc kitab\u0131yla Safranbolu&#8217;nun kap\u0131s\u0131n\u0131 \u00e7al\u0131yor\u2026 Cem annesini bir t\u00fcrl\u00fc anlayam\u0131yor. Nas\u0131l oluyor da mesle\u011fini bu kadar sevebiliyor? Sonu\u00e7ta perili k\u00f6\u015fklere benzeyen evlere girip g\u00fcnlerce \u00e7al\u0131\u015f\u0131yor\u2026 Marifetli ustalar da ona e\u015flik ediyorlar, hatta bazen s\u00fcrpriz konuklar\u0131 oluyor: Tuvalet pencerelerine yuva yapm\u0131\u015f bayku\u015flar, tavandan sarkan \u00f6r\u00fcmcekler, saklanm\u0131\u015f yarasalar, sa\u011fa sola sa\u00e7\u0131lm\u0131\u015f eski foto\u011fraflar, k\u00fcfl\u00fc sand\u0131klar\u2026 Ne komik de\u011fil mi? Antika bir i\u015f\u2026 \u0130\u015fte tam bu perili k\u00f6\u015fklerden biri daha hayata d\u00f6nd\u00fcr\u00fclm\u00fc\u015ft\u00fc ki bu kez de Safranbolu&#8217;daki bir konak yard\u0131ma \u00e7a\u011f\u0131rd\u0131. Masallardan f\u0131rlam\u0131\u015f gibi g\u00f6r\u00fcnen sevimli kasabada, tatl\u0131 tatl\u0131 soluyan bir ev, gizli bir dolap ve ortadan kaybolan kadife keseler\u2026 Haydi bakal\u0131m, \u00e7\u0131k i\u015fin i\u00e7inden \u00e7\u0131kabilirsen! Tema: Yer ve zaman olarak nerede oldu\u011fumuz \u0130li\u015fkili Kavramlar: K\u00fclt\u00fcrel miras, y\u00f6resel k\u00fclt\u00fcr, gelenekler, zanaatlar, restorasyon, turizm, yap\u0131lar, ke\u015fif, arkada\u015fl\u0131k, ba\u011flant\u0131 Tutumlar: Merak, de\u011fer verme, yarat\u0131c\u0131l\u0131k Profil \u00d6\u011feleri: \u0130leti\u015fim kurar, duyarl\u0131d\u0131r <\/p>\n","protected":false},"excerpt":{"rendered":"<p>\u00c7ocuklar\u0131n muzip yol arkada\u015f\u0131 Pelin G\u00fcne\u015f, harika bir g\u00f6zlemcidir. Yazma i\u015fine bir oyun oynar gibi ciddiyetle yakla\u015f\u0131r, amac\u0131 okurlar\u0131n\u0131 g\u00fcl\u00fcmsetmek, k\u0131k\u0131rdamalar\u0131na yard\u0131mc\u0131 olmakt\u0131r. Keyifle, kahkahayla donat\u0131r<span class=\"excerpt-hellip\"> [\u2026]<\/span><\/p>\n","protected":false},"featured_media":0,"template":"","meta":{"_monsterinsights_skip_tracking":false,"_monsterinsights_sitenote_active":false,"_monsterinsights_sitenote_note":"","_monsterinsights_sitenote_category":0},"product_brand":[],"product_cat":[12275,12274],"product_tag":[],"class_list":{"0":"post-706970","1":"product","2":"type-product","3":"status-publish","5":"product_cat-6-12-yas-kitaplari","6":"product_cat-cocuk-ve-genclik-kitaplari","7":"pa_cilt-ciltsiz","8":"pa_tur-kitap","9":"pa_yayinevi-elma-cocuk","10":"pa_yazar-pelin-gunes","12":"first","13":"instock","14":"sale","15":"shipping-taxable","16":"purchasable","17":"product-type-simple"},"_links":{"self":[{"href":"https:\/\/roveyayinevi.com.tr\/index.php\/wp-json\/wp\/v2\/product\/706970","targetHints":{"allow":["GET"]}}],"collection":[{"href":"https:\/\/roveyayinevi.com.tr\/index.php\/wp-json\/wp\/v2\/product"}],"about":[{"href":"https:\/\/roveyayinevi.com.tr\/index.php\/wp-json\/wp\/v2\/types\/product"}],"wp:attachment":[{"href":"https:\/\/roveyayinevi.com.tr\/index.php\/wp-json\/wp\/v2\/media?parent=706970"}],"wp:term":[{"taxonomy":"product_brand","embeddable":true,"href":"https:\/\/roveyayinevi.com.tr\/index.php\/wp-json\/wp\/v2\/product_brand?post=706970"},{"taxonomy":"product_cat","embeddable":true,"href":"https:\/\/roveyayinevi.com.tr\/index.php\/wp-json\/wp\/v2\/product_cat?post=706970"},{"taxonomy":"product_tag","embeddable":true,"href":"https:\/\/roveyayinevi.com.tr\/index.php\/wp-json\/wp\/v2\/product_tag?post=706970"}],"curies":[{"name":"wp","href":"https:\/\/api.w.org\/{rel}","templated":true}]}}