{"id":706968,"date":"2025-08-27T16:01:16","date_gmt":"2025-08-27T13:01:16","guid":{"rendered":"https:\/\/roveyayinevi.com.tr\/index.php\/urun\/iktisadi-anlamak\/"},"modified":"2026-04-16T02:15:40","modified_gmt":"2026-04-15T23:15:40","slug":"iktisadi-anlamak","status":"publish","type":"product","link":"https:\/\/roveyayinevi.com.tr\/index.php\/urun\/iktisadi-anlamak\/","title":{"rendered":"\u0130ktisad\u0131 Anlamak"},"content":{"rendered":"<p>K\u00fcresel mali krizin ertesinde iktisat bilimi ele\u015ftirilerin g\u00f6zde hedefi h\u00e2line gelmi\u015f bulunuyor. \u0130ktisat\u00e7\u0131lar adamak\u0131ll\u0131 yeriliyor ve sahip olduklar\u0131 n\u00fcfuz kamuoyu taraf\u0131ndan alaya al\u0131n\u0131yor. Yine de, iktisat\u00e7\u0131lar\u0131n sundu\u011fu hizmetler her zamankinden daha fazla talep ediliyor. Bu \u00e7eli\u015fkiyi \u00e7\u00f6zmek i\u00e7in iktisad\u0131n kuvvetli ve zay\u0131f y\u00f6nlerini anlamam\u0131z gerekiyor. Dani Rodrik iktisat\u00e7\u0131lar\u0131n \u201cmodel\u201d olarak adland\u0131rd\u0131\u011f\u0131 \u00e7ok say\u0131da teorik \u00e7er\u00e7evenin iktisatta bir arada yer almas\u0131n\u0131n iktisad\u0131n kuvvetli y\u00f6n\u00fcn\u00fc olu\u015fturdu\u011funu ileri s\u00fcr\u00fcyor. \u0130ktisat\u00e7\u0131lar ger\u00e7ek d\u00fcnyaya ili\u015fkin \u00e7e\u015fitli ve olas\u0131l\u0131kla \u00e7eli\u015fkili modelleri ak\u0131llar\u0131nda tutacak \u015fekilde e\u011fitim al\u0131rlar. \u0130\u015flerini d\u00fczg\u00fcn yapt\u0131klar\u0131nda iktisat\u00e7\u0131lar\u0131n d\u00fcnyay\u0131 anlamalar\u0131n\u0131, onu daha iyi bir yer h\u00e2line getirmek i\u00e7in faydal\u0131 \u00f6nerilerde bulunmalar\u0131n\u0131 ve bilgi birikimlerini zamanla artt\u0131rmalar\u0131n\u0131 sa\u011flayan \u015fey budur. K\u0131saca s\u00f6ylemek gerekirse, iktisad\u0131 \u2013 fizikten ya da di\u011fer do\u011fa bilimlerinden farkl\u0131 olmakla birlikte \u201cbilim\u201d yapan budur.Fakat senkretizm (kayna\u015ft\u0131r\u0131c\u0131l\u0131k) rahat bir ruh h\u00e2li de\u011fildir; iktisat\u00e7\u0131lar yersiz bir g\u00fcven ve kibir duygusu kar\u015f\u0131l\u0131\u011f\u0131nda bundan vazge\u00e7erler \u00f6zellikle de devlet politikas\u0131yla ilgili sorunlarla kar\u015f\u0131la\u015ft\u0131klar\u0131nda. \u0130ktisat\u00e7\u0131lar ge\u00e7ici heveslere ve modalara kap\u0131lmaya yatk\u0131nd\u0131rlar ve \u00e7o\u011fu defas\u0131nda, kendi disiplinleri t\u00fcm zamanlarda ve mek\u00e2nlarda ge\u00e7erli olacak bir model bulmaktan ba\u015fka bir \u015feyle ilgilenmiyormu\u015f gibi hareket ederler. \u0130ktisad\u0131n modellerden meydana gelen bir derleme oldu\u011funu dikkate almazlar. Farkl\u0131 t\u00fcrde modeller aras\u0131nda yollar\u0131n\u0131 bulmak ve hangi modelin hangi ko\u015fullarda ge\u00e7erli oldu\u011funu anlamak zorunda kald\u0131klar\u0131nda, ald\u0131klar\u0131 e\u011fitim onlar\u0131 yar\u0131 yolda b\u0131rak\u0131r. \u0130deolojiler ve siyasal tercihler s\u0131k s\u0131k modeller aras\u0131ndan yap\u0131lacak se\u00e7imlerdeki analizlerin yerini al\u0131r. Dolay\u0131s\u0131yla bu kitap hem iktisad\u0131 savunuyor hem de onu ele\u015ftiriyor. \u0130ktisat\u00e7\u0131lar\u0131n toplumsal fenomenler hakk\u0131ndaki d\u00fc\u015f\u00fcnce bi\u00e7imleri b\u00fcy\u00fck faydalar sa\u011fl\u0131yor. Fakat beceriksiz iktisat\u00e7\u0131lar taraf\u0131ndan kullan\u0131ld\u0131\u011f\u0131nda, iktisad\u0131n esnek ve ba\u011flamsal yap\u0131s\u0131 onun yumu\u015fak karn\u0131n\u0131 olu\u015fturuyor.<\/p>\n","protected":false},"excerpt":{"rendered":"<p>K\u00fcresel mali krizin ertesinde iktisat bilimi ele\u015ftirilerin g\u00f6zde hedefi h\u00e2line gelmi\u015f bulunuyor. \u0130ktisat\u00e7\u0131lar adamak\u0131ll\u0131 yeriliyor ve sahip olduklar\u0131 n\u00fcfuz kamuoyu taraf\u0131ndan alaya al\u0131n\u0131yor. Yine de, iktisat\u00e7\u0131lar\u0131n<span class=\"excerpt-hellip\"> [\u2026]<\/span><\/p>\n","protected":false},"featured_media":0,"template":"","meta":{"_monsterinsights_skip_tracking":false,"_monsterinsights_sitenote_active":false,"_monsterinsights_sitenote_note":"","_monsterinsights_sitenote_category":0},"product_brand":[],"product_cat":[20333,13043],"product_tag":[],"class_list":{"0":"post-706968","1":"product","2":"type-product","3":"status-publish","5":"product_cat-diger-ekonomi","6":"product_cat-ekonomi","7":"pa_cilt-ciltsiz","8":"pa_tur-kitap","9":"pa_yayinevi-efil-yayinevi","10":"pa_yazar-dani-rodrik","12":"first","13":"instock","14":"sale","15":"shipping-taxable","16":"purchasable","17":"product-type-simple"},"_links":{"self":[{"href":"https:\/\/roveyayinevi.com.tr\/index.php\/wp-json\/wp\/v2\/product\/706968","targetHints":{"allow":["GET"]}}],"collection":[{"href":"https:\/\/roveyayinevi.com.tr\/index.php\/wp-json\/wp\/v2\/product"}],"about":[{"href":"https:\/\/roveyayinevi.com.tr\/index.php\/wp-json\/wp\/v2\/types\/product"}],"wp:attachment":[{"href":"https:\/\/roveyayinevi.com.tr\/index.php\/wp-json\/wp\/v2\/media?parent=706968"}],"wp:term":[{"taxonomy":"product_brand","embeddable":true,"href":"https:\/\/roveyayinevi.com.tr\/index.php\/wp-json\/wp\/v2\/product_brand?post=706968"},{"taxonomy":"product_cat","embeddable":true,"href":"https:\/\/roveyayinevi.com.tr\/index.php\/wp-json\/wp\/v2\/product_cat?post=706968"},{"taxonomy":"product_tag","embeddable":true,"href":"https:\/\/roveyayinevi.com.tr\/index.php\/wp-json\/wp\/v2\/product_tag?post=706968"}],"curies":[{"name":"wp","href":"https:\/\/api.w.org\/{rel}","templated":true}]}}