{"id":706966,"date":"2025-08-27T16:01:15","date_gmt":"2025-08-27T13:01:15","guid":{"rendered":"https:\/\/roveyayinevi.com.tr\/index.php\/urun\/iknanin-incelikleri\/"},"modified":"2026-04-08T02:20:30","modified_gmt":"2026-04-07T23:20:30","slug":"iknanin-incelikleri","status":"publish","type":"product","link":"https:\/\/roveyayinevi.com.tr\/index.php\/urun\/iknanin-incelikleri\/","title":{"rendered":"\u0130knan\u0131n \u0130ncelikleri"},"content":{"rendered":"<p>Asl\u0131nda kimse ikna edilmez, herkes ikna olmay\u0131 tercih eder\u2026 S\u00fcrekli birilerini ikna etmek zorunda oldu\u011funuzun fark\u0131ndas\u0131n\u0131z, de\u011fil mi? \u0130\u015fin ac\u0131 taraf\u0131, \u00e7o\u011funluk fark\u0131nda de\u011fil. Fark\u0131nda olmad\u0131\u011f\u0131 i\u00e7in de ikna etme s\u00fcrecini kolayla\u015ft\u0131racak gerekli beceriyi \u00f6\u011frenebilece\u011finin ve hayat\u0131n\u0131n \u00e7ok daha rahat olabilece\u011finin fark\u0131nda de\u011fil. H\u00e2lbuki ikna yetene\u011fini geli\u015ftirmek, ili\u015fkileri y\u00f6netirken gerekli olan enerjinin en az\u0131yla en y\u00fcksek performans\u0131 almak; yani hayat\u0131n\u0131 verimli bir \u015fekilde devam ettirmek demektir. Verimlilik, ki\u015finin gereksiz ayr\u0131nt\u0131larla vakit kaybetmesini \u00f6nleyen ve yapmaktan zevk ald\u0131\u011f\u0131 konulara daha \u00e7ok e\u011filmesine imk\u00e2n tan\u0131yacak zaman\u0131 sa\u011flayan bir y\u00f6ntemdir. Peki, bu y\u00f6ntemi \u00f6\u011frenmek olas\u0131 m\u0131? Tabii ki&#8230; Elma Yay\u0131nevi \u00e7evrenizdekileri ikna edebilmenizin yollar\u0131n\u0131 anlatan bir Mehmet Auf kitab\u0131yla sizlerle\u2026 Yazar ya\u015fanm\u0131\u015f hik\u00e2yelerle, \u00e7o\u011fu zaman sizleri g\u00fcld\u00fcrecek olaylarla ikna edebilmenin yollar\u0131n\u0131 g\u00f6steriyor bize. \u0130kna olmay\u0131 ise sizin tercihinize b\u0131rak\u0131yor\u2026 <\/p>\n","protected":false},"excerpt":{"rendered":"<p>Asl\u0131nda kimse ikna edilmez, herkes ikna olmay\u0131 tercih eder\u2026 S\u00fcrekli birilerini ikna etmek zorunda oldu\u011funuzun fark\u0131ndas\u0131n\u0131z, de\u011fil mi? \u0130\u015fin ac\u0131 taraf\u0131, \u00e7o\u011funluk fark\u0131nda de\u011fil. Fark\u0131nda olmad\u0131\u011f\u0131<span class=\"excerpt-hellip\"> [\u2026]<\/span><\/p>\n","protected":false},"featured_media":0,"template":"","meta":{"_monsterinsights_skip_tracking":false,"_monsterinsights_sitenote_active":false,"_monsterinsights_sitenote_note":"","_monsterinsights_sitenote_category":0},"product_brand":[],"product_cat":[12364,12376],"product_tag":[],"class_list":{"0":"post-706966","1":"product","2":"type-product","3":"status-publish","5":"product_cat-genel-konular","6":"product_cat-kisisel-gelisim","7":"pa_cilt-ciltsiz","8":"pa_tur-kitap","9":"pa_yayinevi-elma-yayinevi","10":"pa_yazar-mehmet-auf","12":"first","13":"instock","14":"sale","15":"shipping-taxable","16":"purchasable","17":"product-type-simple"},"_links":{"self":[{"href":"https:\/\/roveyayinevi.com.tr\/index.php\/wp-json\/wp\/v2\/product\/706966","targetHints":{"allow":["GET"]}}],"collection":[{"href":"https:\/\/roveyayinevi.com.tr\/index.php\/wp-json\/wp\/v2\/product"}],"about":[{"href":"https:\/\/roveyayinevi.com.tr\/index.php\/wp-json\/wp\/v2\/types\/product"}],"wp:attachment":[{"href":"https:\/\/roveyayinevi.com.tr\/index.php\/wp-json\/wp\/v2\/media?parent=706966"}],"wp:term":[{"taxonomy":"product_brand","embeddable":true,"href":"https:\/\/roveyayinevi.com.tr\/index.php\/wp-json\/wp\/v2\/product_brand?post=706966"},{"taxonomy":"product_cat","embeddable":true,"href":"https:\/\/roveyayinevi.com.tr\/index.php\/wp-json\/wp\/v2\/product_cat?post=706966"},{"taxonomy":"product_tag","embeddable":true,"href":"https:\/\/roveyayinevi.com.tr\/index.php\/wp-json\/wp\/v2\/product_tag?post=706966"}],"curies":[{"name":"wp","href":"https:\/\/api.w.org\/{rel}","templated":true}]}}