{"id":706961,"date":"2025-08-27T16:01:13","date_gmt":"2025-08-27T13:01:13","guid":{"rendered":"https:\/\/roveyayinevi.com.tr\/index.php\/urun\/geceyi-yutan-cocuk\/"},"modified":"2026-04-16T02:15:40","modified_gmt":"2026-04-15T23:15:40","slug":"geceyi-yutan-cocuk","status":"publish","type":"product","link":"https:\/\/roveyayinevi.com.tr\/index.php\/urun\/geceyi-yutan-cocuk\/","title":{"rendered":"Geceyi Yutan \u00c7ocuk"},"content":{"rendered":"<p>\u015eenay Seba yine kendine has \u00fcslubunu s\u0131rtlam\u0131\u015f, \u00e7ocuklar\u0131n korkular\u0131yla sarma\u015f dola\u015f hallerine, giri\u015fimci ve \u00e7\u00f6z\u00fcme ko\u015fan \u00f6zg\u00fcr ruhlar\u0131na bir g\u00fcnebakan\u0131n k\u0131r\u0131lganl\u0131\u011f\u0131yla yakla\u015f\u0131yor. K\u00f6\u015fesini buca\u011f\u0131n\u0131 sevece\u011fimiz, sat\u0131rlar\u0131 heyecandan uyuyamayan, a\u011fa\u00e7lara t\u0131rman\u0131p meyvelere doyan bir kitap\u2026 Belki de yeti\u015fkinlerin, dallar\u0131nda \u00f6\u011f\u00fctler bulmay\u0131 umduklar\u0131 bir kiraz a\u011fac\u0131\u2026 Ama unuttuklar\u0131 bir \u015fey var: \u00c7ocuklar yaln\u0131zca kiraz istiyor! Evet, bildi\u011fimiz kiraz, \u015f\u00f6yle yaz tad\u0131nda! \u0130\u015fte bu y\u00fczden, \u00e7ocuklarla birlikte meraklanan, a\u011fa\u00e7lara t\u0131rmanan; insan\u0131n kalbine uzanan dallar\u0131n ucundaki parlak, \u00f6zl\u00fc, tad\u0131 damakta kalacak bir roman bu! Emek verip s\u0131\u011f\u0131nd\u0131\u011f\u0131m\u0131z limanlar eninde sonunda m\u00fcjdeci gemilere g\u00f6z k\u0131rpacakt\u0131r&#8230;  Can, yaz tatilini babaannesi ve dedesiyle ge\u00e7irmek i\u00e7in yola koyulur. Ama yolculu\u011fu sona erdi\u011finde kendini tuhaf bir kasabada bulur. Burada her \u015fey, tam tersini d\u00fc\u015f\u00fcnd\u00fcrmektedir. \u00d6rne\u011fin, g\u00fcne\u015fe bakarken gece, geceye bakarken de g\u00fcnd\u00fcz akla gelir. Yaln\u0131zca bu mu? Can, kendisine s\u0131\u011f\u0131nanlar\u0131 gizleyip kucaklayan bir ormanda, ha\u015f\u0131r hu\u015fur sesler, r\u00fczg\u00e2ra sinirlenen deniz, geleni ge\u00e7eni g\u00f6zetleyen devler ve karanl\u0131ktan korkan g\u00fcnebakanlarla \u00f6ylece kalakalm\u0131\u015ft\u0131r. Ger\u00e7i yaln\u0131z de\u011fildir, t\u00fcm okulun tuhaf buldu\u011fu Melisa da tesad\u00fcfen oradad\u0131r, hi\u00e7 \u00e7\u0131karmad\u0131\u011f\u0131 \u015fu g\u00fcne\u015f g\u00f6zl\u00fckleriyle. Onun dikkat \u00e7eken hallerini, esrarengiz sand\u0131\u011f\u0131n\u0131, tan\u0131k olaca\u011f\u0131m\u0131z cesur \u015fark\u0131lar\u0131n\u0131 da unutmayal\u0131m. G\u00f6r\u00fcnen o ki Can&#8217;\u0131n yaz tatili s\u0131radan ge\u00e7meyecektir. D\u00fcnyan\u0131n \u00f6teki ucundan bile duyulacak bir hik\u00e2ye ve Geceyi Yutan \u00c7ocuk da Melisa&#8217;n\u0131n s\u00fcrprizlerinden baz\u0131lar\u0131d\u0131r. Sizin i\u00e7in de bir tane var, yakla\u015f\u0131n: Bir \u00e7ocuk geceyi nas\u0131l yutar? <\/p>\n","protected":false},"excerpt":{"rendered":"<p>\u015eenay Seba yine kendine has \u00fcslubunu s\u0131rtlam\u0131\u015f, \u00e7ocuklar\u0131n korkular\u0131yla sarma\u015f dola\u015f hallerine, giri\u015fimci ve \u00e7\u00f6z\u00fcme ko\u015fan \u00f6zg\u00fcr ruhlar\u0131na bir g\u00fcnebakan\u0131n k\u0131r\u0131lganl\u0131\u011f\u0131yla yakla\u015f\u0131yor. K\u00f6\u015fesini buca\u011f\u0131n\u0131 sevece\u011fimiz, sat\u0131rlar\u0131<span class=\"excerpt-hellip\"> [\u2026]<\/span><\/p>\n","protected":false},"featured_media":0,"template":"","meta":{"_monsterinsights_skip_tracking":false,"_monsterinsights_sitenote_active":false,"_monsterinsights_sitenote_note":"","_monsterinsights_sitenote_category":0},"product_brand":[],"product_cat":[12275,12274],"product_tag":[],"class_list":{"0":"post-706961","1":"product","2":"type-product","3":"status-publish","5":"product_cat-6-12-yas-kitaplari","6":"product_cat-cocuk-ve-genclik-kitaplari","7":"pa_cilt-ciltsiz","8":"pa_tur-kitap","9":"pa_yayinevi-elma-yayinevi","10":"pa_yazar-senay-seba","12":"first","13":"instock","14":"sale","15":"shipping-taxable","16":"purchasable","17":"product-type-simple"},"_links":{"self":[{"href":"https:\/\/roveyayinevi.com.tr\/index.php\/wp-json\/wp\/v2\/product\/706961","targetHints":{"allow":["GET"]}}],"collection":[{"href":"https:\/\/roveyayinevi.com.tr\/index.php\/wp-json\/wp\/v2\/product"}],"about":[{"href":"https:\/\/roveyayinevi.com.tr\/index.php\/wp-json\/wp\/v2\/types\/product"}],"wp:attachment":[{"href":"https:\/\/roveyayinevi.com.tr\/index.php\/wp-json\/wp\/v2\/media?parent=706961"}],"wp:term":[{"taxonomy":"product_brand","embeddable":true,"href":"https:\/\/roveyayinevi.com.tr\/index.php\/wp-json\/wp\/v2\/product_brand?post=706961"},{"taxonomy":"product_cat","embeddable":true,"href":"https:\/\/roveyayinevi.com.tr\/index.php\/wp-json\/wp\/v2\/product_cat?post=706961"},{"taxonomy":"product_tag","embeddable":true,"href":"https:\/\/roveyayinevi.com.tr\/index.php\/wp-json\/wp\/v2\/product_tag?post=706961"}],"curies":[{"name":"wp","href":"https:\/\/api.w.org\/{rel}","templated":true}]}}