{"id":706959,"date":"2025-08-27T16:01:12","date_gmt":"2025-08-27T13:01:12","guid":{"rendered":"https:\/\/roveyayinevi.com.tr\/index.php\/urun\/afetlerle-kalkinma\/"},"modified":"2026-04-16T02:15:40","modified_gmt":"2026-04-15T23:15:40","slug":"afetlerle-kalkinma","status":"publish","type":"product","link":"https:\/\/roveyayinevi.com.tr\/index.php\/urun\/afetlerle-kalkinma\/","title":{"rendered":"Afetlerle Kalk\u0131nma"},"content":{"rendered":"<p>Sa\u011flam Kobi, UPS Vakf\u0131. D\u00fcnya Ekonomik Forumu. ABD Ticaret Odas\u0131 Vakf\u0131 ve T\u00fcrkiye Kurumsal Sosyal Sorumluluk Derne\u011fi ortakl\u0131\u011f\u0131nda. Kobi&#8217;lerin afete haz\u0131rl\u0131k s\u00fcrecinin ve afet direncinin desteklenmesi amac\u0131yla geli\u015ftirilen Sa\u011flam Kobi, firmalar\u0131n afetlere kar\u015f\u0131 haz\u0131rl\u0131kl\u0131 olmalar\u0131n\u0131 desteklemek amac\u0131 ile e\u011fitimler ve bilgilendirme faaliyetleri Kobi, 2011 y\u0131l\u0131nda ya\u015fanan Van Depremi sonras\u0131nda hayata ge\u00e7irilen bu proje, e\u011fitimler, \u00e7al\u0131\u015fan g\u00f6n\u00fcll\u00fc program\u0131 ve \u00e7evrimi\u00e7i ara\u00e7 kiti ile firmalar\u0131n kar\u015f\u0131la\u015fmas\u0131 muhtemel tehlikelere kar\u015f\u0131 \u00e7al\u0131\u015fanlar\u0131n \u00fcr\u00fcnlerini, verilerini ve markalar\u0131n\u0131 korumaya y\u00f6nelik ad\u0131mlar atmalanm sa\u011flamaktad\u0131r.Afetlerle Kalk\u0131nma PlatformuAfetlerle Kalk\u0131nma Platformu, Afet Bilinci Derne\u011fi&#8217;nin d\u00fc\u015f\u00fcnce platformu olarak k\u0131\u0131n\u0131lmu\u015f ve `Afetlerle Kalk\u0131nma: Tecr\u00fcbeler, Politikalar ve Beklentiler ba\u015fl\u0131kl\u0131 bu kitab\u0131 tamamlayacak \u015fekilde tasarlanm\u0131\u015ft\u0131r. Bu platformun amac\u0131, iktisadi kalk\u0131nma s\u00fcrecinde afetleri dikkate alan biryakla\u015f\u0131mm benimsenmesine ve bu konu ile ilgili g\u00fcndem olu\u015fturularak fark\u0131ndal\u0131k art\u0131\u015f\u0131na katk\u0131 sa\u011flamakt\u0131r. Platform, bu kapsamda s\u00f6yle\u015filer, g\u00fcnl\u00fck yaz\u0131lar ve g\u00fcncel geli\u015fmeleri herkes i\u00e7in ula\u015f\u0131labilir k\u0131lmay\u0131 hedeflemektedir.<\/p>\n","protected":false},"excerpt":{"rendered":"<p>Sa\u011flam Kobi, UPS Vakf\u0131. D\u00fcnya Ekonomik Forumu. ABD Ticaret Odas\u0131 Vakf\u0131 ve T\u00fcrkiye Kurumsal Sosyal Sorumluluk Derne\u011fi ortakl\u0131\u011f\u0131nda. Kobi&#8217;lerin afete haz\u0131rl\u0131k s\u00fcrecinin ve afet direncinin desteklenmesi<span class=\"excerpt-hellip\"> [\u2026]<\/span><\/p>\n","protected":false},"featured_media":0,"template":"","meta":{"_monsterinsights_skip_tracking":false,"_monsterinsights_sitenote_active":false,"_monsterinsights_sitenote_note":"","_monsterinsights_sitenote_category":0},"product_brand":[],"product_cat":[13043],"product_tag":[],"class_list":{"0":"post-706959","1":"product","2":"type-product","3":"status-publish","5":"product_cat-ekonomi","6":"pa_cilt-ciltsiz","7":"pa_tur-kitap","8":"pa_yayinevi-efil-yayinevi","9":"pa_yazar-murad-tiryakioglu","11":"first","12":"instock","13":"sale","14":"shipping-taxable","15":"purchasable","16":"product-type-simple"},"_links":{"self":[{"href":"https:\/\/roveyayinevi.com.tr\/index.php\/wp-json\/wp\/v2\/product\/706959","targetHints":{"allow":["GET"]}}],"collection":[{"href":"https:\/\/roveyayinevi.com.tr\/index.php\/wp-json\/wp\/v2\/product"}],"about":[{"href":"https:\/\/roveyayinevi.com.tr\/index.php\/wp-json\/wp\/v2\/types\/product"}],"wp:attachment":[{"href":"https:\/\/roveyayinevi.com.tr\/index.php\/wp-json\/wp\/v2\/media?parent=706959"}],"wp:term":[{"taxonomy":"product_brand","embeddable":true,"href":"https:\/\/roveyayinevi.com.tr\/index.php\/wp-json\/wp\/v2\/product_brand?post=706959"},{"taxonomy":"product_cat","embeddable":true,"href":"https:\/\/roveyayinevi.com.tr\/index.php\/wp-json\/wp\/v2\/product_cat?post=706959"},{"taxonomy":"product_tag","embeddable":true,"href":"https:\/\/roveyayinevi.com.tr\/index.php\/wp-json\/wp\/v2\/product_tag?post=706959"}],"curies":[{"name":"wp","href":"https:\/\/api.w.org\/{rel}","templated":true}]}}