{"id":706958,"date":"2025-08-27T16:01:12","date_gmt":"2025-08-27T13:01:12","guid":{"rendered":"https:\/\/roveyayinevi.com.tr\/index.php\/urun\/atik-malzemelerle-yapabileceginiz-muhtesem-robotlar-ve-maketler\/"},"modified":"2026-04-16T02:15:40","modified_gmt":"2026-04-15T23:15:40","slug":"atik-malzemelerle-yapabileceginiz-muhtesem-robotlar-ve-maketler","status":"publish","type":"product","link":"https:\/\/roveyayinevi.com.tr\/index.php\/urun\/atik-malzemelerle-yapabileceginiz-muhtesem-robotlar-ve-maketler\/","title":{"rendered":"At\u0131k Malzemelerle Yapabilece\u011finiz Muhte\u015fem Robotlar ve Maketler"},"content":{"rendered":"<p>Bu robotlar\u0131 evinizde bulunan malzemeleri kullanarak yaratacaks\u0131n: meyve suyu kutular\u0131, metal i\u00e7ecek kutular\u0131, plastik \u015fi\u015feler, ata\u015flar, kartonlar, ambalaj k\u00e2\u011f\u0131tlar\u0131, yumurta kartonlar\u0131, hatta eski kalemler\u2026 Bu kitapta bulaca\u011f\u0131n do\u011fru ipu\u00e7lar\u0131 sayesinde, dev robotlar, muhte\u015fem hayvanlar, kocaman \u015fehirler, \u00f6zel g\u00fcnlerde kullanabilece\u011fin maskeler ve arkada\u015flar\u0131n i\u00e7in heyecan verici hediyeler yapabileceksin. 60&#8217;dan fazla \u00e7\u0131lg\u0131n ve yarat\u0131c\u0131 maket fikri Her ad\u0131m\u0131 a\u00e7\u0131klayan, anla\u015f\u0131lmas\u0131 kolay y\u00f6nergeler Y\u00f6nergeleri destekleyen g\u00f6rsel ve foto\u011fraflar Ufak ve kolay bulunabilir malzemeler (Tan\u0131t\u0131m B\u00fclteninden) <\/p>\n","protected":false},"excerpt":{"rendered":"<p>Bu robotlar\u0131 evinizde bulunan malzemeleri kullanarak yaratacaks\u0131n: meyve suyu kutular\u0131, metal i\u00e7ecek kutular\u0131, plastik \u015fi\u015feler, ata\u015flar, kartonlar, ambalaj k\u00e2\u011f\u0131tlar\u0131, yumurta kartonlar\u0131, hatta eski kalemler\u2026 Bu kitapta<span class=\"excerpt-hellip\"> [\u2026]<\/span><\/p>\n","protected":false},"featured_media":0,"template":"","meta":{"_monsterinsights_skip_tracking":false,"_monsterinsights_sitenote_active":false,"_monsterinsights_sitenote_note":"","_monsterinsights_sitenote_category":0},"product_brand":[],"product_cat":[13829,12274],"product_tag":[],"class_list":{"0":"post-706958","1":"product","2":"type-product","3":"status-publish","5":"product_cat-bilimsel-kitaplar","6":"product_cat-cocuk-ve-genclik-kitaplari","7":"pa_cilt-ciltsiz","8":"pa_tur-kitap","9":"pa_yayinevi-epsilon-yayinlari","10":"pa_yazar-annika-oyrabo","12":"first","13":"instock","14":"sale","15":"shipping-taxable","16":"purchasable","17":"product-type-simple"},"_links":{"self":[{"href":"https:\/\/roveyayinevi.com.tr\/index.php\/wp-json\/wp\/v2\/product\/706958","targetHints":{"allow":["GET"]}}],"collection":[{"href":"https:\/\/roveyayinevi.com.tr\/index.php\/wp-json\/wp\/v2\/product"}],"about":[{"href":"https:\/\/roveyayinevi.com.tr\/index.php\/wp-json\/wp\/v2\/types\/product"}],"wp:attachment":[{"href":"https:\/\/roveyayinevi.com.tr\/index.php\/wp-json\/wp\/v2\/media?parent=706958"}],"wp:term":[{"taxonomy":"product_brand","embeddable":true,"href":"https:\/\/roveyayinevi.com.tr\/index.php\/wp-json\/wp\/v2\/product_brand?post=706958"},{"taxonomy":"product_cat","embeddable":true,"href":"https:\/\/roveyayinevi.com.tr\/index.php\/wp-json\/wp\/v2\/product_cat?post=706958"},{"taxonomy":"product_tag","embeddable":true,"href":"https:\/\/roveyayinevi.com.tr\/index.php\/wp-json\/wp\/v2\/product_tag?post=706958"}],"curies":[{"name":"wp","href":"https:\/\/api.w.org\/{rel}","templated":true}]}}