{"id":706953,"date":"2025-08-27T16:01:10","date_gmt":"2025-08-27T13:01:10","guid":{"rendered":"https:\/\/roveyayinevi.com.tr\/index.php\/urun\/erken-cocukluk-doneminde-dil-becerilerini-gelistirme\/"},"modified":"2026-04-16T02:15:40","modified_gmt":"2026-04-15T23:15:40","slug":"erken-cocukluk-doneminde-dil-becerilerini-gelistirme","status":"publish","type":"product","link":"https:\/\/roveyayinevi.com.tr\/index.php\/urun\/erken-cocukluk-doneminde-dil-becerilerini-gelistirme\/","title":{"rendered":"Erken \u00c7ocukluk D\u00f6neminde Dil Becerilerini Geli\u015ftirme"},"content":{"rendered":"<p>Elinizdeki bu kitap erken \u00e7ocukluk d\u00f6neminde (\u00f6zellikle 1,5-6 ya\u015f) dil geli\u015fimi normal olan, \u00e7e\u015fitli nedenlerle dil geli\u015fiminde gecikme olan ya da dil geli\u015fiminde gecikme riski olan \u00e7ocuklar\u0131n ebeveynlerine ve bu \u00e7ocuklarla \u00e7al\u0131\u015fan uzmanlara\/e\u011fitimcilere (\u00f6rn,\u00e7ocuk geli\u015fimci, psikolog, \u00f6zel e\u011fitim \u00f6\u011fretmeni, okul\u00f6ncesi \u00f6\u011fretmeni gibi) y\u00f6nelik olarak haz\u0131rlanm\u0131\u015ft\u0131r. Kitab\u0131n amac\u0131, g\u00fcnl\u00fck do\u011fal ya\u015fam i\u00e7erisinde yer alan rutinler s\u0131ras\u0131nda \u00e7ocklar\u0131n dil becerilerini desteklemeye y\u00f6nelik olarak ebeyn ve uzmanlara\/e\u011fitimcilere pratik yollar \u00f6\u011fretmektir. \ufffcTan\u0131t\u0131m Metni<\/p>\n","protected":false},"excerpt":{"rendered":"<p>Elinizdeki bu kitap erken \u00e7ocukluk d\u00f6neminde (\u00f6zellikle 1,5-6 ya\u015f) dil geli\u015fimi normal olan, \u00e7e\u015fitli nedenlerle dil geli\u015fiminde gecikme olan ya da dil geli\u015fiminde gecikme riski olan<span class=\"excerpt-hellip\"> [\u2026]<\/span><\/p>\n","protected":false},"featured_media":0,"template":"","meta":{"_monsterinsights_skip_tracking":false,"_monsterinsights_sitenote_active":false,"_monsterinsights_sitenote_note":"","_monsterinsights_sitenote_category":0},"product_brand":[],"product_cat":[12312,12304],"product_tag":[],"class_list":{"0":"post-706953","1":"product","2":"type-product","3":"status-publish","5":"product_cat-diger","6":"product_cat-tarih","7":"pa_cilt-ciltsiz","8":"pa_tur-kitap","9":"pa_yayinevi-egiten-kitap","10":"pa_yazar-ibrahim-h-diken","12":"first","13":"instock","14":"sale","15":"shipping-taxable","16":"purchasable","17":"product-type-simple"},"_links":{"self":[{"href":"https:\/\/roveyayinevi.com.tr\/index.php\/wp-json\/wp\/v2\/product\/706953","targetHints":{"allow":["GET"]}}],"collection":[{"href":"https:\/\/roveyayinevi.com.tr\/index.php\/wp-json\/wp\/v2\/product"}],"about":[{"href":"https:\/\/roveyayinevi.com.tr\/index.php\/wp-json\/wp\/v2\/types\/product"}],"wp:attachment":[{"href":"https:\/\/roveyayinevi.com.tr\/index.php\/wp-json\/wp\/v2\/media?parent=706953"}],"wp:term":[{"taxonomy":"product_brand","embeddable":true,"href":"https:\/\/roveyayinevi.com.tr\/index.php\/wp-json\/wp\/v2\/product_brand?post=706953"},{"taxonomy":"product_cat","embeddable":true,"href":"https:\/\/roveyayinevi.com.tr\/index.php\/wp-json\/wp\/v2\/product_cat?post=706953"},{"taxonomy":"product_tag","embeddable":true,"href":"https:\/\/roveyayinevi.com.tr\/index.php\/wp-json\/wp\/v2\/product_tag?post=706953"}],"curies":[{"name":"wp","href":"https:\/\/api.w.org\/{rel}","templated":true}]}}