{"id":706950,"date":"2025-08-27T16:01:08","date_gmt":"2025-08-27T13:01:08","guid":{"rendered":"https:\/\/roveyayinevi.com.tr\/index.php\/urun\/turk-egitim-sistemi-ve-okul-yonetimi-3\/"},"modified":"2026-04-03T02:21:04","modified_gmt":"2026-04-02T23:21:04","slug":"turk-egitim-sistemi-ve-okul-yonetimi-3","status":"publish","type":"product","link":"https:\/\/roveyayinevi.com.tr\/index.php\/urun\/turk-egitim-sistemi-ve-okul-yonetimi-3\/","title":{"rendered":"T\u00fcrk E\u011fitim Sistemi ve Okul Y\u00f6netimi"},"content":{"rendered":"<p>Bu kitap T\u00fcrk E\u011fitim sistemi ve okul y\u00f6netimi \u00fczerinedir. Bu \u00e7al\u0131\u015fman\u0131n temel amac\u0131 \u00f6\u011fretmen adaylar\u0131n\u0131n ve okul y\u00f6neticilerinin temel kaynak olarak kullanabilecekleri temel ilke teknik ve yakla\u015f\u0131mlar\u0131 sunmaktad\u0131r. Kitap 13 \u00fcniteden olu\u015fmaktad\u0131r. Birinci \u00fcnite Sistem kavram\u0131 ve \u00d6zelliklerini, ikinci \u00fcnite T\u00fcrk E\u011fitim Sisteminin Yasal Dayanaklar\u0131n\u0131, \u00fc\u00e7\u00fcnc\u00fc \u00fcnite T\u00fcrk E\u011fitim Sisteminin Yap\u0131s\u0131 ve \u0130\u015fleyi\u015fini, d\u00f6rd\u00fcnc\u00fc \u00fcnite E\u011fitim Y\u00f6netimini, be\u015finci \u00fcnite Okul Y\u00f6netimini; alt\u0131nc\u0131 \u00fcnite Okul Y\u00f6netim S\u00fcre\u00e7lerini; yedinci \u00fcnite . Okullarda \u0130nsan Kayna\u011f\u0131n\u0131n Y\u00f6netimini; sekizinci \u00fcnite Okul Y\u00f6netim \u0130\u015flerinden Personel Y\u00f6netimini, dokuzuncu \u00fcnite Okul Y\u00f6netim \u0130\u015flerinden \u00d6\u011frenci Hizmetlerinin Y\u00f6netimini, onuncu \u00fcnite Okul Y\u00f6netim \u0130\u015flerinden E\u011fitim Hizmetlerinin Y\u00f6netimini, on birinci \u00fcnite Okul Y\u00f6netim \u0130\u015flerinden \u00d6\u011fretim Hizmetlerinin Y\u00f6netimini, on ikinci \u00fcnite Okul Y\u00f6netiminde Okul \u0130\u015fletmesi \u0130le \u0130lgili Hizmetlerin Y\u00f6netimini ve on \u00fc\u00e7\u00fcnc\u00fc \u00fcnite ise E\u011fitim Denetimi konular\u0131n\u0131 kapsamaktad\u0131r.\u00d6\u011fretmen aday\u0131 ve y\u00f6netici adaylar\u0131n\u0131n bu kitapta sunulan bilgi ve yakla\u015f\u0131mlardan faydalanarak e\u011fitim y\u00f6netiminde g\u00f6rebilecekleri aksakl\u0131klar\u0131 gidermelerindeyard\u0131mc\u0131 olaca\u011f\u0131n\u0131 umuyorum. <\/p>\n","protected":false},"excerpt":{"rendered":"<p>Bu kitap T\u00fcrk E\u011fitim sistemi ve okul y\u00f6netimi \u00fczerinedir. Bu \u00e7al\u0131\u015fman\u0131n temel amac\u0131 \u00f6\u011fretmen adaylar\u0131n\u0131n ve okul y\u00f6neticilerinin temel kaynak olarak kullanabilecekleri temel ilke teknik ve<span class=\"excerpt-hellip\"> [\u2026]<\/span><\/p>\n","protected":false},"featured_media":0,"template":"","meta":{"_monsterinsights_skip_tracking":false,"_monsterinsights_sitenote_active":false,"_monsterinsights_sitenote_note":"","_monsterinsights_sitenote_category":0},"product_brand":[],"product_cat":[12566],"product_tag":[],"class_list":{"0":"post-706950","1":"product","2":"type-product","3":"status-publish","5":"product_cat-egitim","6":"pa_cilt-ciltsiz","7":"pa_tur-kitap","8":"pa_yayinevi-egiten-kitap","9":"pa_yazar-kolektif","11":"first","12":"instock","13":"sale","14":"shipping-taxable","15":"purchasable","16":"product-type-simple"},"_links":{"self":[{"href":"https:\/\/roveyayinevi.com.tr\/index.php\/wp-json\/wp\/v2\/product\/706950","targetHints":{"allow":["GET"]}}],"collection":[{"href":"https:\/\/roveyayinevi.com.tr\/index.php\/wp-json\/wp\/v2\/product"}],"about":[{"href":"https:\/\/roveyayinevi.com.tr\/index.php\/wp-json\/wp\/v2\/types\/product"}],"wp:attachment":[{"href":"https:\/\/roveyayinevi.com.tr\/index.php\/wp-json\/wp\/v2\/media?parent=706950"}],"wp:term":[{"taxonomy":"product_brand","embeddable":true,"href":"https:\/\/roveyayinevi.com.tr\/index.php\/wp-json\/wp\/v2\/product_brand?post=706950"},{"taxonomy":"product_cat","embeddable":true,"href":"https:\/\/roveyayinevi.com.tr\/index.php\/wp-json\/wp\/v2\/product_cat?post=706950"},{"taxonomy":"product_tag","embeddable":true,"href":"https:\/\/roveyayinevi.com.tr\/index.php\/wp-json\/wp\/v2\/product_tag?post=706950"}],"curies":[{"name":"wp","href":"https:\/\/api.w.org\/{rel}","templated":true}]}}