{"id":706949,"date":"2025-08-27T16:01:08","date_gmt":"2025-08-27T13:01:08","guid":{"rendered":"https:\/\/roveyayinevi.com.tr\/index.php\/urun\/kisisel-gelisim-ve-insan-iliskileri\/"},"modified":"2026-04-12T02:18:48","modified_gmt":"2026-04-11T23:18:48","slug":"kisisel-gelisim-ve-insan-iliskileri","status":"publish","type":"product","link":"https:\/\/roveyayinevi.com.tr\/index.php\/urun\/kisisel-gelisim-ve-insan-iliskileri\/","title":{"rendered":"Ki\u015fisel Geli\u015fim ve \u0130nsan \u0130li\u015fkileri"},"content":{"rendered":"<p>Elinizdeki bu kitapta, i\u00e7erik olarak ilk ba\u015fta geli\u015fimin ne oldu\u011fu a\u00e7\u0131klanmaya \u00e7al\u0131\u015f\u0131lm\u0131\u015ft\u0131r. Daha sonra dil ve ileti\u015fim becerileri ile ilgili temel kavramlara yer verilmi\u015ftir. Ki\u015fisel geli\u015fimde de\u011ferler e\u011fitimi, duygusal ve sosyal geli\u015fimin insan ili\u015fkilerindeki \u00f6nemi vurgulanmaya \u00e7al\u0131\u015f\u0131lm\u0131\u015ft\u0131r. \u0130nsan ili\u015fkilerinde s\u00f6zl\u00fc ve s\u00f6zs\u00fcz ileti\u015fim bi\u00e7imleri, ileti\u015fimde g\u00fcvengen yap\u0131n\u0131n katk\u0131s\u0131 ve duygusal zeka ile insan ili\u015fkilerinin nas\u0131l zenginle\u015ftirildi\u011fi vurgulanmaya \u00e7al\u0131\u015f\u0131lm\u0131\u015ft\u0131r. Son b\u00f6l\u00fcmde de k\u0131smen zor ki\u015filer olarak tan\u0131mlanabilecek bireylerin insan ili\u015fkileri ve ileti\u015fimleri \u00fczerinde durulmu\u015ftur. G\u00f6r\u00fcld\u00fc\u011f <\/p>\n","protected":false},"excerpt":{"rendered":"<p>Elinizdeki bu kitapta, i\u00e7erik olarak ilk ba\u015fta geli\u015fimin ne oldu\u011fu a\u00e7\u0131klanmaya \u00e7al\u0131\u015f\u0131lm\u0131\u015ft\u0131r. Daha sonra dil ve ileti\u015fim becerileri ile ilgili temel kavramlara yer verilmi\u015ftir. Ki\u015fisel geli\u015fimde<span class=\"excerpt-hellip\"> [\u2026]<\/span><\/p>\n","protected":false},"featured_media":0,"template":"","meta":{"_monsterinsights_skip_tracking":false,"_monsterinsights_sitenote_active":false,"_monsterinsights_sitenote_note":"","_monsterinsights_sitenote_category":0},"product_brand":[],"product_cat":[12364,12376],"product_tag":[],"class_list":{"0":"post-706949","1":"product","2":"type-product","3":"status-publish","5":"product_cat-genel-konular","6":"product_cat-kisisel-gelisim","7":"pa_cilt-ciltsiz","8":"pa_tur-kitap","9":"pa_yayinevi-egiten-kitap","10":"pa_yazar-kolektif","12":"first","13":"instock","14":"sale","15":"shipping-taxable","16":"purchasable","17":"product-type-simple"},"_links":{"self":[{"href":"https:\/\/roveyayinevi.com.tr\/index.php\/wp-json\/wp\/v2\/product\/706949","targetHints":{"allow":["GET"]}}],"collection":[{"href":"https:\/\/roveyayinevi.com.tr\/index.php\/wp-json\/wp\/v2\/product"}],"about":[{"href":"https:\/\/roveyayinevi.com.tr\/index.php\/wp-json\/wp\/v2\/types\/product"}],"wp:attachment":[{"href":"https:\/\/roveyayinevi.com.tr\/index.php\/wp-json\/wp\/v2\/media?parent=706949"}],"wp:term":[{"taxonomy":"product_brand","embeddable":true,"href":"https:\/\/roveyayinevi.com.tr\/index.php\/wp-json\/wp\/v2\/product_brand?post=706949"},{"taxonomy":"product_cat","embeddable":true,"href":"https:\/\/roveyayinevi.com.tr\/index.php\/wp-json\/wp\/v2\/product_cat?post=706949"},{"taxonomy":"product_tag","embeddable":true,"href":"https:\/\/roveyayinevi.com.tr\/index.php\/wp-json\/wp\/v2\/product_tag?post=706949"}],"curies":[{"name":"wp","href":"https:\/\/api.w.org\/{rel}","templated":true}]}}